{"id":134,"date":"2018-12-13T05:38:27","date_gmt":"2018-12-13T04:38:27","guid":{"rendered":"http:\/\/8theme.com\/import\/legenda\/?page_id=134"},"modified":"2025-01-28T10:48:02","modified_gmt":"2025-01-28T09:48:02","slug":"news-from-the-unicorn-soap-factory-and-marseille-soap","status":"publish","type":"page","link":"http:\/\/www.savon-de-marseille-licorne.com\/en\/les-actualites-de-la-savonnerie-de-la-licorne-et-du-savon-de-marseille","title":{"rendered":"News"},"content":{"rendered":"<p>[vc_row][vc_column][vc_basic_grid post_type=\u00a0\u00bbpost\u00a0\u00bb max_items=\u00a0\u00bb-1&Prime; item=\u00a0\u00bb8628&Prime; grid_id=\u00a0\u00bbvc_gid:1552401843254-4f41dd40-07cb-8&Prime;][\/vc_column][\/vc_row]<\/p>\n","protected":false},"excerpt":{"rendered":"<p>[vc_row][vc_column][vc_basic_grid post_type=\u00a0\u00bbpost\u00a0\u00bb max_items=\u00a0\u00bb-1&Prime; item=\u00a0\u00bb8628&Prime; grid_id=\u00a0\u00bbvc_gid:1552401843254-4f41dd40-07cb-8&Prime;][\/vc_column][\/vc_row]<\/p>\n","protected":false},"author":1,"featured_media":0,"parent":0,"menu_order":0,"comment_status":"open","ping_status":"open","template":"","meta":{"_acf_changed":false,"footnotes":""},"class_list":["post-134","page","type-page","status-publish","hentry"],"acf":[],"yoast_head":"<!-- This site is optimized with the Yoast SEO plugin v27.5 - https:\/\/yoast.com\/product\/yoast-seo-wordpress\/ -->\n<title>Les actualit\u00e9s de la Savonnerie de la Licorne et du Savon de Marseille<\/title>\n<meta name=\"description\" content=\"D\u00e9couvrez les derni\u00e8res actualit\u00e9s de la Savonnerie de la Licorne, de nos v\u00e9ritables Savon de Marseille, nos Boutiques et de notre Mus\u00e9e du Savon.\" \/>\n<meta name=\"robots\" content=\"index, follow, max-snippet:-1, max-image-preview:large, max-video-preview:-1\" \/>\n<link rel=\"canonical\" href=\"https:\/\/www.savon-de-marseille-licorne.com\/en\/news-from-the-unicorn-soap-factory-and-marseille-soap\/\" \/>\n<meta property=\"og:locale\" content=\"en_GB\" \/>\n<meta property=\"og:type\" content=\"article\" \/>\n<meta property=\"og:title\" content=\"Les actualit\u00e9s de la Savonnerie de la Licorne et du Savon de Marseille\" \/>\n<meta property=\"og:description\" content=\"D\u00e9couvrez les derni\u00e8res actualit\u00e9s de la Savonnerie de la Licorne, de nos v\u00e9ritables Savon de Marseille, nos Boutiques et de notre Mus\u00e9e du Savon.\" \/>\n<meta property=\"og:url\" content=\"https:\/\/www.savon-de-marseille-licorne.com\/en\/news-from-the-unicorn-soap-factory-and-marseille-soap\/\" \/>\n<meta property=\"og:site_name\" content=\"Savonnerie de la Licorne | Savon de Marseille\" \/>\n<meta property=\"article:modified_time\" content=\"2025-01-28T09:48:02+00:00\" \/>\n<meta name=\"twitter:card\" content=\"summary_large_image\" \/>\n<script type=\"application\/ld+json\" class=\"yoast-schema-graph\">{\"@context\":\"https:\\\/\\\/schema.org\",\"@graph\":[{\"@type\":\"WebPage\",\"@id\":\"https:\\\/\\\/www.savon-de-marseille-licorne.com\\\/les-actualites-de-la-savonnerie-de-la-licorne-et-du-savon-de-marseille\",\"url\":\"https:\\\/\\\/www.savon-de-marseille-licorne.com\\\/les-actualites-de-la-savonnerie-de-la-licorne-et-du-savon-de-marseille\",\"name\":\"Les actualit\u00e9s de la Savonnerie de la Licorne et du Savon de Marseille\",\"isPartOf\":{\"@id\":\"https:\\\/\\\/www.savon-de-marseille-licorne.com\\\/#website\"},\"datePublished\":\"2018-12-13T04:38:27+00:00\",\"dateModified\":\"2025-01-28T09:48:02+00:00\",\"description\":\"D\u00e9couvrez les derni\u00e8res actualit\u00e9s de la Savonnerie de la Licorne, de nos v\u00e9ritables Savon de Marseille, nos Boutiques et de notre Mus\u00e9e du Savon.\",\"breadcrumb\":{\"@id\":\"https:\\\/\\\/www.savon-de-marseille-licorne.com\\\/les-actualites-de-la-savonnerie-de-la-licorne-et-du-savon-de-marseille#breadcrumb\"},\"inLanguage\":\"en-GB\",\"potentialAction\":[{\"@type\":\"ReadAction\",\"target\":[\"https:\\\/\\\/www.savon-de-marseille-licorne.com\\\/les-actualites-de-la-savonnerie-de-la-licorne-et-du-savon-de-marseille\"]}]},{\"@type\":\"BreadcrumbList\",\"@id\":\"https:\\\/\\\/www.savon-de-marseille-licorne.com\\\/les-actualites-de-la-savonnerie-de-la-licorne-et-du-savon-de-marseille#breadcrumb\",\"itemListElement\":[{\"@type\":\"ListItem\",\"position\":1,\"name\":\"Accueil\",\"item\":\"https:\\\/\\\/www.savon-de-marseille-licorne.com\\\/\"},{\"@type\":\"ListItem\",\"position\":2,\"name\":\"Actus\"}]},{\"@type\":\"WebSite\",\"@id\":\"https:\\\/\\\/www.savon-de-marseille-licorne.com\\\/#website\",\"url\":\"https:\\\/\\\/www.savon-de-marseille-licorne.com\\\/\",\"name\":\"Savonnerie de la Licorne | Savon de Marseille\",\"description\":\"Authentique Savon de Marseille\",\"potentialAction\":[{\"@type\":\"SearchAction\",\"target\":{\"@type\":\"EntryPoint\",\"urlTemplate\":\"https:\\\/\\\/www.savon-de-marseille-licorne.com\\\/?s={search_term_string}\"},\"query-input\":{\"@type\":\"PropertyValueSpecification\",\"valueRequired\":true,\"valueName\":\"search_term_string\"}}],\"inLanguage\":\"en-GB\"}]}<\/script>\n<!-- \/ Yoast SEO plugin. -->","yoast_head_json":{"title":"News from the Savonnerie de la Licorne and Savon de Marseille","description":"Discover the latest news from the Savonnerie de la Licorne, our real Marseille Soap, our Boutiques and our Soap Museum.","robots":{"index":"index","follow":"follow","max-snippet":"max-snippet:-1","max-image-preview":"max-image-preview:large","max-video-preview":"max-video-preview:-1"},"canonical":"https:\/\/www.savon-de-marseille-licorne.com\/en\/news-from-the-unicorn-soap-factory-and-marseille-soap\/","og_locale":"en_GB","og_type":"article","og_title":"Les actualit\u00e9s de la Savonnerie de la Licorne et du Savon de Marseille","og_description":"D\u00e9couvrez les derni\u00e8res actualit\u00e9s de la Savonnerie de la Licorne, de nos v\u00e9ritables Savon de Marseille, nos Boutiques et de notre Mus\u00e9e du Savon.","og_url":"https:\/\/www.savon-de-marseille-licorne.com\/en\/news-from-the-unicorn-soap-factory-and-marseille-soap\/","og_site_name":"Savonnerie de la Licorne | Savon de Marseille","article_modified_time":"2025-01-28T09:48:02+00:00","twitter_card":"summary_large_image","schema":{"@context":"https:\/\/schema.org","@graph":[{"@type":"WebPage","@id":"https:\/\/www.savon-de-marseille-licorne.com\/les-actualites-de-la-savonnerie-de-la-licorne-et-du-savon-de-marseille","url":"https:\/\/www.savon-de-marseille-licorne.com\/les-actualites-de-la-savonnerie-de-la-licorne-et-du-savon-de-marseille","name":"News from the Savonnerie de la Licorne and Savon de Marseille","isPartOf":{"@id":"https:\/\/www.savon-de-marseille-licorne.com\/#website"},"datePublished":"2018-12-13T04:38:27+00:00","dateModified":"2025-01-28T09:48:02+00:00","description":"Discover the latest news from the Savonnerie de la Licorne, our real Marseille Soap, our Boutiques and our Soap Museum.","breadcrumb":{"@id":"https:\/\/www.savon-de-marseille-licorne.com\/les-actualites-de-la-savonnerie-de-la-licorne-et-du-savon-de-marseille#breadcrumb"},"inLanguage":"en-GB","potentialAction":[{"@type":"ReadAction","target":["https:\/\/www.savon-de-marseille-licorne.com\/les-actualites-de-la-savonnerie-de-la-licorne-et-du-savon-de-marseille"]}]},{"@type":"BreadcrumbList","@id":"https:\/\/www.savon-de-marseille-licorne.com\/les-actualites-de-la-savonnerie-de-la-licorne-et-du-savon-de-marseille#breadcrumb","itemListElement":[{"@type":"ListItem","position":1,"name":"Accueil","item":"https:\/\/www.savon-de-marseille-licorne.com\/"},{"@type":"ListItem","position":2,"name":"Actus"}]},{"@type":"WebSite","@id":"https:\/\/www.savon-de-marseille-licorne.com\/#website","url":"https:\/\/www.savon-de-marseille-licorne.com\/","name":"Savonnerie de la Licorne | Marseille Soap","description":"Authentic Marseille Soap","potentialAction":[{"@type":"SearchAction","target":{"@type":"EntryPoint","urlTemplate":"https:\/\/www.savon-de-marseille-licorne.com\/?s={search_term_string}"},"query-input":{"@type":"PropertyValueSpecification","valueRequired":true,"valueName":"search_term_string"}}],"inLanguage":"en-GB"}]}},"_links":{"self":[{"href":"http:\/\/www.savon-de-marseille-licorne.com\/en\/wp-json\/wp\/v2\/pages\/134","targetHints":{"allow":["GET"]}}],"collection":[{"href":"http:\/\/www.savon-de-marseille-licorne.com\/en\/wp-json\/wp\/v2\/pages"}],"about":[{"href":"http:\/\/www.savon-de-marseille-licorne.com\/en\/wp-json\/wp\/v2\/types\/page"}],"author":[{"embeddable":true,"href":"http:\/\/www.savon-de-marseille-licorne.com\/en\/wp-json\/wp\/v2\/users\/1"}],"replies":[{"embeddable":true,"href":"http:\/\/www.savon-de-marseille-licorne.com\/en\/wp-json\/wp\/v2\/comments?post=134"}],"version-history":[{"count":0,"href":"http:\/\/www.savon-de-marseille-licorne.com\/en\/wp-json\/wp\/v2\/pages\/134\/revisions"}],"wp:attachment":[{"href":"http:\/\/www.savon-de-marseille-licorne.com\/en\/wp-json\/wp\/v2\/media?parent=134"}],"curies":[{"name":"wp","href":"https:\/\/api.w.org\/{rel}","templated":true}]}}