{"id":2079804,"date":"2023-01-05T15:34:05","date_gmt":"2023-01-05T14:34:05","guid":{"rendered":"https:\/\/www.savon-de-marseille-licorne.com\/?page_id=2079804"},"modified":"2023-01-05T16:19:23","modified_gmt":"2023-01-05T15:19:23","slug":"tourism-and-disability","status":"publish","type":"page","link":"http:\/\/www.savon-de-marseille-licorne.com\/en\/tourisme-et-handicap","title":{"rendered":"TOURISM AND DISABILITY"},"content":{"rendered":"<p><img decoding=\"async\" class=\"aligncenter wp-image-2078288\" src=\"https:\/\/www.savon-de-marseille-licorne.com\/wp-content\/uploads\/2022\/06\/logo-TH.png\" alt=\"\" width=\"427\" height=\"440\" srcset=\"https:\/\/www.savon-de-marseille-licorne.com\/wp-content\/uploads\/2022\/06\/logo-TH.png 2186w, https:\/\/www.savon-de-marseille-licorne.com\/wp-content\/uploads\/2022\/06\/logo-TH-291x300.png 291w, https:\/\/www.savon-de-marseille-licorne.com\/wp-content\/uploads\/2022\/06\/logo-TH-993x1024.png 993w, https:\/\/www.savon-de-marseille-licorne.com\/wp-content\/uploads\/2022\/06\/logo-TH-768x792.png 768w, https:\/\/www.savon-de-marseille-licorne.com\/wp-content\/uploads\/2022\/06\/logo-TH-1490x1536.png 1490w, https:\/\/www.savon-de-marseille-licorne.com\/wp-content\/uploads\/2022\/06\/logo-TH-1986x2048.png 1986w, https:\/\/www.savon-de-marseille-licorne.com\/wp-content\/uploads\/2022\/06\/logo-TH-45x45.png 45w, https:\/\/www.savon-de-marseille-licorne.com\/wp-content\/uploads\/2022\/06\/logo-TH-600x619.png 600w, https:\/\/www.savon-de-marseille-licorne.com\/wp-content\/uploads\/2022\/06\/logo-TH-32x32.png 32w\" sizes=\"(max-width: 427px) 100vw, 427px\" \/><\/p>\n<p>Tourisme &amp; Handicap (T&amp;H) is the only State mark awarded to tourism professionals who are committed to a quality approach focused on accessibility to leisure activities and holidays for all. T&amp;H identifies establishments that meet the specific needs of tourists with hearing, mental, motor or visual disabilities.<\/p>\n<p>&nbsp;<\/p>\n<p style=\"text-align: center;\"><a href=\"https:\/\/www.tourisme-handicap.gouv.fr\/fr\/tourisme-handicap-tourisme-pour-tous\">Find out more.<\/a><\/p>","protected":false},"excerpt":{"rendered":"<p>Tourisme &amp; Handicap (T&amp;H) est la seule marque d\u2019\u00c9tat attribu\u00e9e aux professionnels du tourisme qui s\u2019engagent dans une d\u00e9marche de qualit\u00e9 cibl\u00e9e sur l\u2019accessibilit\u00e9 aux loisirs et aux vacances pour tous. T&amp;H identifie les \u00e9tablissements r\u00e9pondant aux besoins sp\u00e9cifiques des touristes en situation de handicap qu\u2019il soit auditif, mental, moteur ou visuel. &nbsp; Pour en [&hellip;]<\/p>\n","protected":false},"author":5,"featured_media":0,"parent":0,"menu_order":0,"comment_status":"closed","ping_status":"closed","template":"","meta":{"_acf_changed":false,"footnotes":""},"class_list":["post-2079804","page","type-page","status-publish","hentry"],"acf":[],"yoast_head":"<!-- This site is optimized with the Yoast SEO plugin v27.5 - https:\/\/yoast.com\/product\/yoast-seo-wordpress\/ -->\n<title>TOURISME ET HANDICAP - Savonnerie de la Licorne | Savon de Marseille<\/title>\n<meta name=\"robots\" content=\"index, follow, max-snippet:-1, max-image-preview:large, max-video-preview:-1\" \/>\n<link rel=\"canonical\" href=\"https:\/\/www.savon-de-marseille-licorne.com\/en\/tourism-and-disability\/\" \/>\n<meta property=\"og:locale\" content=\"en_GB\" \/>\n<meta property=\"og:type\" content=\"article\" \/>\n<meta property=\"og:title\" content=\"TOURISME ET HANDICAP - Savonnerie de la Licorne | Savon de Marseille\" \/>\n<meta property=\"og:description\" content=\"Tourisme &amp; Handicap (T&amp;H) est la seule marque d\u2019\u00c9tat attribu\u00e9e aux professionnels du tourisme qui s\u2019engagent dans une d\u00e9marche de qualit\u00e9 cibl\u00e9e sur l\u2019accessibilit\u00e9 aux loisirs et aux vacances pour tous. T&amp;H identifie les \u00e9tablissements r\u00e9pondant aux besoins sp\u00e9cifiques des touristes en situation de handicap qu\u2019il soit auditif, mental, moteur ou visuel. &nbsp; Pour en [&hellip;]\" \/>\n<meta property=\"og:url\" content=\"https:\/\/www.savon-de-marseille-licorne.com\/en\/tourism-and-disability\/\" \/>\n<meta property=\"og:site_name\" content=\"Savonnerie de la Licorne | Savon de Marseille\" \/>\n<meta property=\"article:modified_time\" content=\"2023-01-05T15:19:23+00:00\" \/>\n<meta property=\"og:image\" content=\"https:\/\/www.savon-de-marseille-licorne.com\/wp-content\/uploads\/2022\/06\/logo-TH.png\" \/>\n<meta name=\"twitter:card\" content=\"summary_large_image\" \/>\n<meta name=\"twitter:label1\" content=\"Estimated reading time\" \/>\n\t<meta name=\"twitter:data1\" content=\"1 minute\" \/>\n<script type=\"application\/ld+json\" class=\"yoast-schema-graph\">{\"@context\":\"https:\\\/\\\/schema.org\",\"@graph\":[{\"@type\":\"WebPage\",\"@id\":\"https:\\\/\\\/www.savon-de-marseille-licorne.com\\\/tourisme-et-handicap\",\"url\":\"https:\\\/\\\/www.savon-de-marseille-licorne.com\\\/tourisme-et-handicap\",\"name\":\"TOURISME ET HANDICAP - Savonnerie de la Licorne | Savon de Marseille\",\"isPartOf\":{\"@id\":\"https:\\\/\\\/www.savon-de-marseille-licorne.com\\\/#website\"},\"primaryImageOfPage\":{\"@id\":\"https:\\\/\\\/www.savon-de-marseille-licorne.com\\\/tourisme-et-handicap#primaryimage\"},\"image\":{\"@id\":\"https:\\\/\\\/www.savon-de-marseille-licorne.com\\\/tourisme-et-handicap#primaryimage\"},\"thumbnailUrl\":\"https:\\\/\\\/www.savon-de-marseille-licorne.com\\\/wp-content\\\/uploads\\\/2022\\\/06\\\/logo-TH.png\",\"datePublished\":\"2023-01-05T14:34:05+00:00\",\"dateModified\":\"2023-01-05T15:19:23+00:00\",\"breadcrumb\":{\"@id\":\"https:\\\/\\\/www.savon-de-marseille-licorne.com\\\/tourisme-et-handicap#breadcrumb\"},\"inLanguage\":\"en-GB\",\"potentialAction\":[{\"@type\":\"ReadAction\",\"target\":[\"https:\\\/\\\/www.savon-de-marseille-licorne.com\\\/tourisme-et-handicap\"]}]},{\"@type\":\"ImageObject\",\"inLanguage\":\"en-GB\",\"@id\":\"https:\\\/\\\/www.savon-de-marseille-licorne.com\\\/tourisme-et-handicap#primaryimage\",\"url\":\"https:\\\/\\\/www.savon-de-marseille-licorne.com\\\/wp-content\\\/uploads\\\/2022\\\/06\\\/logo-TH.png\",\"contentUrl\":\"https:\\\/\\\/www.savon-de-marseille-licorne.com\\\/wp-content\\\/uploads\\\/2022\\\/06\\\/logo-TH.png\"},{\"@type\":\"BreadcrumbList\",\"@id\":\"https:\\\/\\\/www.savon-de-marseille-licorne.com\\\/tourisme-et-handicap#breadcrumb\",\"itemListElement\":[{\"@type\":\"ListItem\",\"position\":1,\"name\":\"Accueil\",\"item\":\"https:\\\/\\\/www.savon-de-marseille-licorne.com\\\/\"},{\"@type\":\"ListItem\",\"position\":2,\"name\":\"TOURISME ET HANDICAP\"}]},{\"@type\":\"WebSite\",\"@id\":\"https:\\\/\\\/www.savon-de-marseille-licorne.com\\\/#website\",\"url\":\"https:\\\/\\\/www.savon-de-marseille-licorne.com\\\/\",\"name\":\"Savonnerie de la Licorne | Savon de Marseille\",\"description\":\"Authentique Savon de Marseille\",\"potentialAction\":[{\"@type\":\"SearchAction\",\"target\":{\"@type\":\"EntryPoint\",\"urlTemplate\":\"https:\\\/\\\/www.savon-de-marseille-licorne.com\\\/?s={search_term_string}\"},\"query-input\":{\"@type\":\"PropertyValueSpecification\",\"valueRequired\":true,\"valueName\":\"search_term_string\"}}],\"inLanguage\":\"en-GB\"}]}<\/script>\n<!-- \/ Yoast SEO plugin. -->","yoast_head_json":{"title":"TOURISM AND DISABILITY - Savonnerie de la Licorne | Marseille Soap","robots":{"index":"index","follow":"follow","max-snippet":"max-snippet:-1","max-image-preview":"max-image-preview:large","max-video-preview":"max-video-preview:-1"},"canonical":"https:\/\/www.savon-de-marseille-licorne.com\/en\/tourism-and-disability\/","og_locale":"en_GB","og_type":"article","og_title":"TOURISME ET HANDICAP - Savonnerie de la Licorne | Savon de Marseille","og_description":"Tourisme &amp; Handicap (T&amp;H) est la seule marque d\u2019\u00c9tat attribu\u00e9e aux professionnels du tourisme qui s\u2019engagent dans une d\u00e9marche de qualit\u00e9 cibl\u00e9e sur l\u2019accessibilit\u00e9 aux loisirs et aux vacances pour tous. T&amp;H identifie les \u00e9tablissements r\u00e9pondant aux besoins sp\u00e9cifiques des touristes en situation de handicap qu\u2019il soit auditif, mental, moteur ou visuel. &nbsp; Pour en [&hellip;]","og_url":"https:\/\/www.savon-de-marseille-licorne.com\/en\/tourism-and-disability\/","og_site_name":"Savonnerie de la Licorne | Savon de Marseille","article_modified_time":"2023-01-05T15:19:23+00:00","og_image":[{"url":"https:\/\/www.savon-de-marseille-licorne.com\/wp-content\/uploads\/2022\/06\/logo-TH.png","type":"","width":"","height":""}],"twitter_card":"summary_large_image","twitter_misc":{"Estimated reading time":"1 minute"},"schema":{"@context":"https:\/\/schema.org","@graph":[{"@type":"WebPage","@id":"https:\/\/www.savon-de-marseille-licorne.com\/tourisme-et-handicap","url":"https:\/\/www.savon-de-marseille-licorne.com\/tourisme-et-handicap","name":"TOURISM AND DISABILITY - Savonnerie de la Licorne | Marseille Soap","isPartOf":{"@id":"https:\/\/www.savon-de-marseille-licorne.com\/#website"},"primaryImageOfPage":{"@id":"https:\/\/www.savon-de-marseille-licorne.com\/tourisme-et-handicap#primaryimage"},"image":{"@id":"https:\/\/www.savon-de-marseille-licorne.com\/tourisme-et-handicap#primaryimage"},"thumbnailUrl":"https:\/\/www.savon-de-marseille-licorne.com\/wp-content\/uploads\/2022\/06\/logo-TH.png","datePublished":"2023-01-05T14:34:05+00:00","dateModified":"2023-01-05T15:19:23+00:00","breadcrumb":{"@id":"https:\/\/www.savon-de-marseille-licorne.com\/tourisme-et-handicap#breadcrumb"},"inLanguage":"en-GB","potentialAction":[{"@type":"ReadAction","target":["https:\/\/www.savon-de-marseille-licorne.com\/tourisme-et-handicap"]}]},{"@type":"ImageObject","inLanguage":"en-GB","@id":"https:\/\/www.savon-de-marseille-licorne.com\/tourisme-et-handicap#primaryimage","url":"https:\/\/www.savon-de-marseille-licorne.com\/wp-content\/uploads\/2022\/06\/logo-TH.png","contentUrl":"https:\/\/www.savon-de-marseille-licorne.com\/wp-content\/uploads\/2022\/06\/logo-TH.png"},{"@type":"BreadcrumbList","@id":"https:\/\/www.savon-de-marseille-licorne.com\/tourisme-et-handicap#breadcrumb","itemListElement":[{"@type":"ListItem","position":1,"name":"Accueil","item":"https:\/\/www.savon-de-marseille-licorne.com\/"},{"@type":"ListItem","position":2,"name":"TOURISME ET HANDICAP"}]},{"@type":"WebSite","@id":"https:\/\/www.savon-de-marseille-licorne.com\/#website","url":"https:\/\/www.savon-de-marseille-licorne.com\/","name":"Savonnerie de la Licorne | Marseille Soap","description":"Authentic Marseille Soap","potentialAction":[{"@type":"SearchAction","target":{"@type":"EntryPoint","urlTemplate":"https:\/\/www.savon-de-marseille-licorne.com\/?s={search_term_string}"},"query-input":{"@type":"PropertyValueSpecification","valueRequired":true,"valueName":"search_term_string"}}],"inLanguage":"en-GB"}]}},"_links":{"self":[{"href":"http:\/\/www.savon-de-marseille-licorne.com\/en\/wp-json\/wp\/v2\/pages\/2079804","targetHints":{"allow":["GET"]}}],"collection":[{"href":"http:\/\/www.savon-de-marseille-licorne.com\/en\/wp-json\/wp\/v2\/pages"}],"about":[{"href":"http:\/\/www.savon-de-marseille-licorne.com\/en\/wp-json\/wp\/v2\/types\/page"}],"author":[{"embeddable":true,"href":"http:\/\/www.savon-de-marseille-licorne.com\/en\/wp-json\/wp\/v2\/users\/5"}],"replies":[{"embeddable":true,"href":"http:\/\/www.savon-de-marseille-licorne.com\/en\/wp-json\/wp\/v2\/comments?post=2079804"}],"version-history":[{"count":0,"href":"http:\/\/www.savon-de-marseille-licorne.com\/en\/wp-json\/wp\/v2\/pages\/2079804\/revisions"}],"wp:attachment":[{"href":"http:\/\/www.savon-de-marseille-licorne.com\/en\/wp-json\/wp\/v2\/media?parent=2079804"}],"curies":[{"name":"wp","href":"https:\/\/api.w.org\/{rel}","templated":true}]}}