{"id":8643,"date":"2019-06-05T05:20:59","date_gmt":"2019-06-05T04:20:59","guid":{"rendered":"https:\/\/www.savon-de-marseille-licorne.com\/?page_id=8643"},"modified":"2023-08-23T15:03:59","modified_gmt":"2023-08-23T14:03:59","slug":"marseille-soap-workshop-retail-outlet-cours-julien","status":"publish","type":"page","link":"https:\/\/www.savon-de-marseille-licorne.com\/en\/marseille-soap-workshop-retail-outlet-cours-julien","title":{"rendered":"Workshop retail outlet, Cours Julien"},"content":{"rendered":"<p>[vc_row][vc_column][vc_gallery interval=\u00a0\u00bb5&Prime; images=\u00a0\u00bb7903,7935,8039,8127,8587,8591,8045,8589,8171,8037,8173,7911&Prime; img_size=\u00a0\u00bb1170&#215;400&Prime;][\/vc_column][\/vc_row][vc_row][vc_column][vc_column_text]<\/p>\n<h4 style=\"text-align: center;\">Located on the Cours Julien in the heart of city\u2019s creative quarter<br \/>\nand 15 minutes walk from the Vieux-Port and the Canebi\u00e8re,<br \/>\nthe workshop of Savonnerie de la Licorne is the soapmaking<br \/>\nproduction site of Master Soapmaker Serge Bruna and his wife<br \/>\nLaurence. Free guided tours of its production facilities are organised<br \/>\nseveral times a day and the site also has its own factory shop.<\/h4>\n<p>[\/vc_column_text][\/vc_column][\/vc_row][vc_row css=\u00a0\u00bb.vc_custom_1544197962618{margin-top: 20px !important;margin-bottom: 20px !important;}\u00a0\u00bb][vc_column][vc_column_text]<\/p>\n<p>[title heading=\u00a0\u00bb3&Prime; subheading=\u00a0\u00bb\u00a0\u00bb]Dscover on site[\/title]<\/p>\n<p>[\/vc_column_text][vc_single_image image=\u00a0\u00bb8713&Prime; img_size=\u00a0\u00bbfull\u00a0\u00bb alignment=\u00a0\u00bbcenter\u00a0\u00bb][\/vc_column][\/vc_row][vc_row css=\u00a0\u00bb.vc_custom_1398418392265{margin-top: 20px !important;margin-bottom: 20px !important;}\u00a0\u00bb][vc_column][vc_single_image image=\u00a0\u00bb2081390&Prime; img_size=\u00a0\u00bbfull\u00a0\u00bb alignment=\u00a0\u00bbcenter\u00a0\u00bb][\/vc_column][\/vc_row][vc_row css=\u00a0\u00bb.vc_custom_1398418392265{margin-top: 20px !important;margin-bottom: 20px !important;}\u00a0\u00bb][vc_column][vc_column_text]<\/p>\n<p>[title heading=\u00a0\u00bb3&Prime; subheading=\u00a0\u00bb\u00a0\u00bb]Useful information[\/title]<\/p>\n<p>[\/vc_column_text][\/vc_column][\/vc_row][vc_row][vc_column width=\u00a0\u00bb1\/5&Prime;][vc_single_image image=\u00a0\u00bb7978&Prime; img_size=\u00a0\u00bbfull\u00a0\u00bb alignment=\u00a0\u00bbcenter\u00a0\u00bb css_animation=\u00a0\u00bbfadeIn\u00a0\u00bb][vc_column_text]<\/p>\n<h4>THE WORKSHOP RETAIL OUTLET<\/h4>\n<p>Monday to friday from 9am to 7pm and saturday from 10am to 7pm<\/p>\n<p>[\/vc_column_text][\/vc_column][vc_column width=\u00a0\u00bb1\/5&Prime;][vc_single_image image=\u00a0\u00bb7997&Prime; img_size=\u00a0\u00bbfull\u00a0\u00bb alignment=\u00a0\u00bbcenter\u00a0\u00bb css_animation=\u00a0\u00bbfadeIn\u00a0\u00bb][vc_column_text]<\/p>\n<h4>WORKSHOP GUIDED TOURS<\/h4>\n<p>Free visits at 11am, 3pm and 4pm except on sundays and national holidays. Duration approximately 30 minutes.<\/p>\n<p>[\/vc_column_text][kvbutton contenu=\u00a0\u00bbDiscover\u00a0\u00bb url=\u00a0\u00bbhttps:\/\/www.savon-de-marseille-licorne.com\/the-savonnerie-de-la-licorne-workshop-marseille-soap-free-visits-shop?lang=en\u00a0\u00bb][\/vc_column][vc_column width=\u00a0\u00bb1\/5&Prime;][vc_single_image image=\u00a0\u00bb8062&Prime; img_size=\u00a0\u00bbfull\u00a0\u00bb alignment=\u00a0\u00bbcenter\u00a0\u00bb css_animation=\u00a0\u00bbfadeIn\u00a0\u00bb][vc_column_text]<\/p>\n<h4>GETTING THERE<\/h4>\n<p>&gt; Metro M2, Tram T1 &amp; Bus 81 \u2013 Noailles station (5-7 minutes walk)<br \/>\n&gt; Carpark Cours Julien<\/p>\n<p>[\/vc_column_text][vc_single_image image=\u00a0\u00bb8057&Prime; img_size=\u00a0\u00bbfull\u00a0\u00bb alignment=\u00a0\u00bbcenter\u00a0\u00bb css_animation=\u00a0\u00bbfadeIn\u00a0\u00bb][vc_column_text]<\/p>\n<h4>WE ACCEPT<\/h4>\n<p><img decoding=\"async\" class=\"alignleft wp-image-8579\" src=\"https:\/\/www.savon-de-marseille-licorne.com\/wp-content\/uploads\/2019\/01\/commande-veritable-savon-de-marseille.jpg\" alt=\"\" width=\"150\" height=\"36\" srcset=\"https:\/\/www.savon-de-marseille-licorne.com\/wp-content\/uploads\/2019\/01\/commande-veritable-savon-de-marseille.jpg 310w, https:\/\/www.savon-de-marseille-licorne.com\/wp-content\/uploads\/2019\/01\/commande-veritable-savon-de-marseille-300x73.jpg 300w\" sizes=\"(max-width: 150px) 100vw, 150px\" \/><\/p>\n<p>[\/vc_column_text][\/vc_column][vc_column width=\u00a0\u00bb1\/5&Prime;][vc_single_image image=\u00a0\u00bb7841&Prime; img_size=\u00a0\u00bbfull\u00a0\u00bb alignment=\u00a0\u00bbcenter\u00a0\u00bb css_animation=\u00a0\u00bbfadeIn\u00a0\u00bb][vc_column_text]<\/p>\n<h4>GROUPS<\/h4>\n<p>Pre-booking recommended for guided group tours of the workshop. please call: (+33) 04 96 12 00 91.<\/p>\n<h4>SCHOOLS<\/h4>\n<p>For school group visits to our soap museum on the vieux-port, we organise fun workshops and quizzes with special learning tools. for more information, please call: (+33) 04 96 12 00 91.<\/p>\n<p>[\/vc_column_text][\/vc_column][vc_column width=\u00a0\u00bb1\/5&Prime;][vc_single_image image=\u00a0\u00bb7854&Prime; img_size=\u00a0\u00bbfull\u00a0\u00bb alignment=\u00a0\u00bbcenter\u00a0\u00bb css_animation=\u00a0\u00bbfadeIn\u00a0\u00bb][vc_raw_html]JTNDZGl2JTIwaWQlM0QlMjJUQV9jZXJ0aWZpY2F0ZU9mRXhjZWxsZW5jZTk0NiUyMiUyMGNsYXNzJTNEJTIyVEFfY2VydGlmaWNhdGVPZkV4Y2VsbGVuY2UlMjIlM0UlM0N1bCUyMGlkJTNEJTIyWE1NQzc2UUMlMjIlMjBjbGFzcyUzRCUyMlRBX2xpbmtzJTIwb3ZzZnF6bHNRJTIyJTNFJTNDbGklMjBpZCUzRCUyMkhPMkhVN3ZkQzlOQSUyMiUyMGNsYXNzJTNEJTIyV0R5SVZvcWpTTCUyMiUzRSUzQ2ElMjB0YXJnZXQlM0QlMjJfYmxhbmslMjIlMjBocmVmJTNEJTIyaHR0cHMlM0ElMkYlMkZ3d3cudHJpcGFkdmlzb3IuY28udWslMkZBdHRyYWN0aW9uX1Jldmlldy1nMTg3MjUzLWQ3OTMxNTY2LVJldmlld3MtU2F2b25uZXJpZV9NYXJzZWlsbGFpc2VfZGVfbGFfTGljb3JuZS1NYXJzZWlsbGVfQm91Y2hlc19kdV9SaG9uZV9Qcm92ZW5jZV9BbHBlc19DLmh0bWwlMjIlM0UlM0NpbWclMjBzcmMlM0QlMjJodHRwcyUzQSUyRiUyRnd3dy50cmlwYWR2aXNvci5jby51ayUyRmltZyUyRmNkc2klMkZpbWcyJTJGYXdhcmRzJTJGQ29FMjAxN19XaWRnZXRBc3NldC0xNDM0OC0yLnBuZyUyMiUyMGFsdCUzRCUyMlRyaXBBZHZpc29yJTIyJTIwY2xhc3MlM0QlMjJ3aWRDT0VJbWclMjIlMjBpZCUzRCUyMkNEU1dJRENPRUxPR08lMjIlMkYlM0UlM0MlMkZhJTNFJTNDJTJGbGklM0UlM0MlMkZ1bCUzRSUzQyUyRmRpdiUzRSUzQ3NjcmlwdCUyMGFzeW5jJTIwc3JjJTNEJTIyaHR0cHMlM0ElMkYlMkZ3d3cuanNjYWNoZS5jb20lMkZ3ZWpzJTNGd3R5cGUlM0RjZXJ0aWZpY2F0ZU9mRXhjZWxsZW5jZSUyNmFtcCUzQnVuaXElM0Q5NDYlMjZhbXAlM0Jsb2NhdGlvbklkJTNENzkzMTU2NiUyNmFtcCUzQmxhbmclM0Rlbl9VSyUyNmFtcCUzQnllYXIlM0QyMDE5JTI2YW1wJTNCZGlzcGxheV92ZXJzaW9uJTNEMiUyMiUyMGRhdGEtbG9hZHRyayUyMG9ubG9hZCUzRCUyMnRoaXMubG9hZHRyayUzRHRydWUlMjIlM0UlM0MlMkZzY3JpcHQlM0U=[\/vc_raw_html][\/vc_column][\/vc_row][vc_row][vc_column][vc_empty_space height=\u00a0\u00bb20px\u00a0\u00bb][vc_gmaps link=\u00a0\u00bb#E-8_JTNDaWZyYW1lJTIwc3JjJTNEJTIyaHR0cHMlM0ElMkYlMkZ3d3cuZ29vZ2xlLmNvbSUyRm1hcHMlMkZlbWJlZCUzRnBiJTNEJTIxMW0xOCUyMTFtMTIlMjExbTMlMjExZDQ4ODMuNzc5MTczMTc4MzA0NSUyMTJkNS4zNzE3NzU4MzUwMjgyNTUlMjEzZDQzLjI5NTE1NDY4MTAyNTg5JTIxMm0zJTIxMWYwJTIxMmYwJTIxM2YwJTIxM20yJTIxMWkxMDI0JTIxMmk3NjglMjE0ZjEzLjElMjEzbTMlMjExbTIlMjExczB4MTJjOWMwYmNhNWY4NjBiZiUyNTNBMHg1ZTYwYmI2YTRiOWU2NDdjJTIxMnNTYXZvbm5lcmllJTJCTWFyc2VpbGxhaXNlJTJCZGUlMkJsYSUyQkxpY29ybmUlMjE1ZTAlMjEzbTIlMjExc2ZyJTIxMnNmciUyMTR2MTU0NDU0ODcwMzY0MiUyMiUyMHdpZHRoJTNEJTIyNjAwJTIyJTIwaGVpZ2h0JTNEJTIyNDUwJTIyJTIwZnJhbWVib3JkZXIlM0QlMjIwJTIyJTIwc3R5bGUlM0QlMjJib3JkZXIlM0EwJTIyJTIwYWxsb3dmdWxsc2NyZWVuJTNFJTNDJTJGaWZyYW1lJTNF\u00a0\u00bb size=\u00a0\u00bb500&Prime; type=\u00a0\u00bbm\u00a0\u00bb zoom=\u00a0\u00bb14&Prime;][\/vc_column][\/vc_row][vc_row css=\u00a0\u00bb.vc_custom_1398418392265{margin-top: 20px !important;margin-bottom: 20px !important;}\u00a0\u00bb][vc_column][vc_column_text]<\/p>\n<p>[title heading=\u00a0\u00bb3&Prime; subheading=\u00a0\u00bb\u00a0\u00bb]Locations nearby[\/title]<\/p>\n<p>[\/vc_column_text][\/vc_column][\/vc_row][vc_row css=\u00a0\u00bb.vc_custom_1398418396731{margin-bottom: 30px !important;}\u00a0\u00bb][vc_column width=\u00a0\u00bb1\/5&Prime;][team_member name=\u00a0\u00bbThe Workshop\u00a0\u00bb position=\u00a0\u00bbOn site\u00a0\u00bb img=\u00a0\u00bb7969&Prime; img_size=\u00a0\u00bb270&#215;270&Prime;]Attached to our shop discover the workshop of Savonnerie de la Licorne with our free guided tours.<\/p>\n<p><a href=\"https:\/\/www.savon-de-marseille-licorne.com\/the-savonnerie-de-la-licorne-workshop-marseille-soap-free-visits-shop?lang=en\"><img decoding=\"async\" class=\"aligncenter wp-image-8081 size-full\" src=\"https:\/\/www.savon-de-marseille-licorne.com\/wp-content\/uploads\/2019\/03\/BOUTON-DECOUVRIR-OFF-UK.jpg\" alt=\"Marseille soaps\" width=\"104\" height=\"34\" \/><\/a>[\/team_member][\/vc_column][vc_column width=\u00a0\u00bb1\/5&Prime;][team_member name=\u00a0\u00bbMarseille Soap Museum\u00a0\u00bb position=\u00a0\u00bb1.4KM away\u00a0\u00bb img=\u00a0\u00bb8071&Prime; img_size=\u00a0\u00bb270&#215;270&Prime;]At 25 Quai de Rive Neuve on the Vieux-Port: visit our exciting Soap Museum and create your very own personalized soap.<\/p>\n<p><a href=\"https:\/\/www.savon-de-marseille-licorne.com\/marseille-soap-museum-guided-tours-workshop-vieux-port-marseille?lang=en\"><img decoding=\"async\" class=\"aligncenter wp-image-8733 size-full\" src=\"https:\/\/www.savon-de-marseille-licorne.com\/wp-content\/uploads\/2019\/03\/BOUTON-DECOUVRIR-OFF-UK.jpg\" alt=\"\" width=\"104\" height=\"34\" srcset=\"https:\/\/www.savon-de-marseille-licorne.com\/wp-content\/uploads\/2019\/03\/BOUTON-DECOUVRIR-OFF-UK.jpg 104w, https:\/\/www.savon-de-marseille-licorne.com\/wp-content\/uploads\/2019\/03\/BOUTON-DECOUVRIR-OFF-UK-100x34.jpg 100w\" sizes=\"(max-width: 104px) 100vw, 104px\" \/><\/a>[\/team_member][\/vc_column][vc_column width=\u00a0\u00bb1\/5&Prime;][team_member name=\u00a0\u00bbMarseille Soap Museum shop\u00a0\u00bb position=\u00a0\u00bb1.4KM away\u00a0\u00bb img=\u00a0\u00bb8073&Prime; img_size=\u00a0\u00bb270&#215;270&Prime;]At 26 Quai de Rive Neuve next door the Marseille Soap Museum: on two floors, Savonnerie de la Licorne\u2019s largest shop in Marseille.<br \/>\n<a href=\"https:\/\/www.savon-de-marseille-licorne.com\/the-marseille-soap-museum-guided-tours-workshop-shop-vieux-port?lang=en\"><img decoding=\"async\" class=\"aligncenter wp-image-8081 size-full\" src=\"https:\/\/www.savon-de-marseille-licorne.com\/wp-content\/uploads\/2019\/03\/BOUTON-DECOUVRIR-OFF-UK.jpg\" alt=\"Marseille soaps\" width=\"104\" height=\"34\" \/><\/a>[\/team_member][\/vc_column][vc_column width=\u00a0\u00bb1\/5&Prime;][team_member name=\u00a0\u00bbVieux-port \/ Town hall shop\u00a0\u00bb position=\u00a0\u00bb1.4KM away\u00a0\u00bb img=\u00a0\u00bb8066&Prime; img_size=\u00a0\u00bb270&#215;270&Prime;]Located at 112 Quai du Port near Marseille\u2019s town hall and facing the famous hilltop basilica of Notre Dame de la Garde: discover our shop with the golden unicorn!<a href=\"https:\/\/www.savon-de-marseille-licorne.com\/vieux-port-mairie-la-licorne-marseille-soap-official-shop?lang=en\"><img decoding=\"async\" class=\"aligncenter size-full wp-image-8081\" src=\"https:\/\/www.savon-de-marseille-licorne.com\/wp-content\/uploads\/2019\/03\/BOUTON-DECOUVRIR-OFF-UK.jpg\" alt=\"Marseille soaps\" width=\"104\" height=\"34\" \/><\/a>[\/team_member][\/vc_column][vc_column width=\u00a0\u00bb1\/5&Prime;][team_member name=\u00a0\u00bbVieux-Port \/ Mucem shop\u00a0\u00bb position=\u00a0\u00bb1.7KM away\u00a0\u00bb img=\u00a0\u00bb8010&Prime; img_size=\u00a0\u00bb270&#215;270&Prime;]Located at 240 Quai du Port at the foot of the Fort Saint Jean and the Mucem: discover our shop with its huge golden Marseille soap.<br \/>\n<a href=\"https:\/\/www.savon-de-marseille-licorne.com\/vieux-port-mucem-fort-saint-jean-la-licorne-marseille-soap-official-shop?lang=en\"><img decoding=\"async\" class=\"aligncenter size-full wp-image-8081\" src=\"https:\/\/www.savon-de-marseille-licorne.com\/wp-content\/uploads\/2019\/03\/BOUTON-DECOUVRIR-OFF-UK.jpg\" alt=\"Marseille soaps\" width=\"104\" height=\"34\" \/><\/a>[\/team_member][\/vc_column][\/vc_row][vc_row css=\u00a0\u00bb.vc_custom_1398418392265{margin-top: 20px !important;margin-bottom: 20px !important;}\u00a0\u00bb][vc_column][vc_single_image image=\u00a0\u00bb7731&Prime; img_size=\u00a0\u00bbfull\u00a0\u00bb alignment=\u00a0\u00bbcenter\u00a0\u00bb][vc_column_text]<\/p>\n<p>[title heading=\u00a0\u00bb3&Prime; subheading=\u00a0\u00bb\u00a0\u00bb]Order our products online[\/title]<\/p>\n<p>[\/vc_column_text][\/vc_column][\/vc_row][vc_row][vc_column][vc_column_text]<\/p>\n<p>[\/vc_column_text][\/vc_column][\/vc_row][vc_row][vc_column][kanvasWooProducts][kvbutton contenu=\u00a0\u00bbOUR PRODUCT RANGE\u00a0\u00bb url=\u00a0\u00bbhttps:\/\/www.savon-de-marseille-licorne.com\/online-shopping-real-marseille-soaps?lang=en\u00a0\u00bb][\/vc_column][\/vc_row]<\/p>\n","protected":false},"excerpt":{"rendered":"<p>[vc_row][vc_column][vc_gallery interval=\u00a0\u00bb5&Prime; images=\u00a0\u00bb7903,7935,8039,8127,8587,8591,8045,8589,8171,8037,8173,7911&Prime; img_size=\u00a0\u00bb1170&#215;400&Prime;][\/vc_column][\/vc_row][vc_row][vc_column][vc_column_text] Located on the Cours Julien in the heart of city\u2019s creative quarter and 15 minutes walk from the Vieux-Port and the Canebi\u00e8re, the workshop of Savonnerie de la Licorne is the soapmaking production site of Master Soapmaker Serge Bruna and his wife Laurence. Free guided tours of its production facilities are [&hellip;]<\/p>\n","protected":false},"author":1,"featured_media":0,"parent":0,"menu_order":0,"comment_status":"closed","ping_status":"closed","template":"","meta":{"_acf_changed":false,"footnotes":""},"class_list":["post-8643","page","type-page","status-publish","hentry"],"acf":[],"yoast_head":"<!-- This site is optimized with the Yoast SEO plugin v27.5 - https:\/\/yoast.com\/product\/yoast-seo-wordpress\/ -->\n<title>Workshop retail outlet, Cours Julien, Savonnerie de la Licorne, Marseille Soap<\/title>\n<meta name=\"description\" content=\"C&#039;est au Cours Julien qu&#039;est situ\u00e9e la boutique de l&#039;Atelier de Fabrication de la Savonnerie de la Licorne du Ma\u00eetre Savonnier Serge Bruna. D\u00e9couvrez toute notre collection \u00e0 prix usine.\" \/>\n<meta name=\"robots\" content=\"index, follow, max-snippet:-1, max-image-preview:large, max-video-preview:-1\" \/>\n<link rel=\"canonical\" href=\"https:\/\/www.savon-de-marseille-licorne.com\/en\/marseille-soap-workshop-retail-outlet-cours-julien\/\" \/>\n<meta property=\"og:locale\" content=\"en_GB\" \/>\n<meta property=\"og:type\" content=\"article\" \/>\n<meta property=\"og:title\" content=\"Workshop retail outlet, Cours Julien, Savonnerie de la Licorne, Marseille Soap\" \/>\n<meta property=\"og:description\" content=\"C&#039;est au Cours Julien qu&#039;est situ\u00e9e la boutique de l&#039;Atelier de Fabrication de la Savonnerie de la Licorne du Ma\u00eetre Savonnier Serge Bruna. D\u00e9couvrez toute notre collection \u00e0 prix usine.\" \/>\n<meta property=\"og:url\" content=\"https:\/\/www.savon-de-marseille-licorne.com\/en\/marseille-soap-workshop-retail-outlet-cours-julien\/\" \/>\n<meta property=\"og:site_name\" content=\"Savonnerie de la Licorne | Savon de Marseille\" \/>\n<meta property=\"article:modified_time\" content=\"2023-08-23T14:03:59+00:00\" \/>\n<meta property=\"og:image\" content=\"https:\/\/www.savon-de-marseille-licorne.com\/wp-content\/uploads\/2019\/01\/commande-veritable-savon-de-marseille.jpg\" \/>\n<meta name=\"twitter:card\" content=\"summary_large_image\" \/>\n<meta name=\"twitter:label1\" content=\"Estimated reading time\" \/>\n\t<meta name=\"twitter:data1\" content=\"4 minutes\" \/>\n<script type=\"application\/ld+json\" class=\"yoast-schema-graph\">{\"@context\":\"https:\\\/\\\/schema.org\",\"@graph\":[{\"@type\":\"WebPage\",\"@id\":\"https:\\\/\\\/www.savon-de-marseille-licorne.com\\\/marseille-soap-workshop-retail-outlet-cours-julien\",\"url\":\"https:\\\/\\\/www.savon-de-marseille-licorne.com\\\/marseille-soap-workshop-retail-outlet-cours-julien\",\"name\":\"Workshop retail outlet, Cours Julien, Savonnerie de la Licorne, Marseille Soap\",\"isPartOf\":{\"@id\":\"https:\\\/\\\/www.savon-de-marseille-licorne.com\\\/#website\"},\"primaryImageOfPage\":{\"@id\":\"https:\\\/\\\/www.savon-de-marseille-licorne.com\\\/marseille-soap-workshop-retail-outlet-cours-julien#primaryimage\"},\"image\":{\"@id\":\"https:\\\/\\\/www.savon-de-marseille-licorne.com\\\/marseille-soap-workshop-retail-outlet-cours-julien#primaryimage\"},\"thumbnailUrl\":\"https:\\\/\\\/www.savon-de-marseille-licorne.com\\\/wp-content\\\/uploads\\\/2019\\\/01\\\/commande-veritable-savon-de-marseille.jpg\",\"datePublished\":\"2019-06-05T04:20:59+00:00\",\"dateModified\":\"2023-08-23T14:03:59+00:00\",\"description\":\"C'est au Cours Julien qu'est situ\u00e9e la boutique de l'Atelier de Fabrication de la Savonnerie de la Licorne du Ma\u00eetre Savonnier Serge Bruna. D\u00e9couvrez toute notre collection \u00e0 prix usine.\",\"breadcrumb\":{\"@id\":\"https:\\\/\\\/www.savon-de-marseille-licorne.com\\\/marseille-soap-workshop-retail-outlet-cours-julien#breadcrumb\"},\"inLanguage\":\"en-GB\",\"potentialAction\":[{\"@type\":\"ReadAction\",\"target\":[\"https:\\\/\\\/www.savon-de-marseille-licorne.com\\\/marseille-soap-workshop-retail-outlet-cours-julien\"]}]},{\"@type\":\"ImageObject\",\"inLanguage\":\"en-GB\",\"@id\":\"https:\\\/\\\/www.savon-de-marseille-licorne.com\\\/marseille-soap-workshop-retail-outlet-cours-julien#primaryimage\",\"url\":\"https:\\\/\\\/www.savon-de-marseille-licorne.com\\\/wp-content\\\/uploads\\\/2019\\\/01\\\/commande-veritable-savon-de-marseille.jpg\",\"contentUrl\":\"https:\\\/\\\/www.savon-de-marseille-licorne.com\\\/wp-content\\\/uploads\\\/2019\\\/01\\\/commande-veritable-savon-de-marseille.jpg\"},{\"@type\":\"BreadcrumbList\",\"@id\":\"https:\\\/\\\/www.savon-de-marseille-licorne.com\\\/marseille-soap-workshop-retail-outlet-cours-julien#breadcrumb\",\"itemListElement\":[{\"@type\":\"ListItem\",\"position\":1,\"name\":\"Accueil\",\"item\":\"https:\\\/\\\/www.savon-de-marseille-licorne.com\\\/\"},{\"@type\":\"ListItem\",\"position\":2,\"name\":\"Workshop retail outlet, Cours Julien\"}]},{\"@type\":\"WebSite\",\"@id\":\"https:\\\/\\\/www.savon-de-marseille-licorne.com\\\/#website\",\"url\":\"https:\\\/\\\/www.savon-de-marseille-licorne.com\\\/\",\"name\":\"Savonnerie de la Licorne | Savon de Marseille\",\"description\":\"Authentique Savon de Marseille\",\"potentialAction\":[{\"@type\":\"SearchAction\",\"target\":{\"@type\":\"EntryPoint\",\"urlTemplate\":\"https:\\\/\\\/www.savon-de-marseille-licorne.com\\\/?s={search_term_string}\"},\"query-input\":{\"@type\":\"PropertyValueSpecification\",\"valueRequired\":true,\"valueName\":\"search_term_string\"}}],\"inLanguage\":\"en-GB\"}]}<\/script>\n<!-- \/ Yoast SEO plugin. -->","yoast_head_json":{"title":"Workshop retail outlet, Cours Julien, Savonnerie de la Licorne, Marseille Soap","description":"The Atelier de Fabrication de la Savonnerie de la Licorne boutique run by Master Soapmaker Serge Bruna is located on Cours Julien. Discover our entire collection at factory prices.","robots":{"index":"index","follow":"follow","max-snippet":"max-snippet:-1","max-image-preview":"max-image-preview:large","max-video-preview":"max-video-preview:-1"},"canonical":"https:\/\/www.savon-de-marseille-licorne.com\/en\/marseille-soap-workshop-retail-outlet-cours-julien\/","og_locale":"en_GB","og_type":"article","og_title":"Workshop retail outlet, Cours Julien, Savonnerie de la Licorne, Marseille Soap","og_description":"C'est au Cours Julien qu'est situ\u00e9e la boutique de l'Atelier de Fabrication de la Savonnerie de la Licorne du Ma\u00eetre Savonnier Serge Bruna. D\u00e9couvrez toute notre collection \u00e0 prix usine.","og_url":"https:\/\/www.savon-de-marseille-licorne.com\/en\/marseille-soap-workshop-retail-outlet-cours-julien\/","og_site_name":"Savonnerie de la Licorne | Savon de Marseille","article_modified_time":"2023-08-23T14:03:59+00:00","og_image":[{"url":"https:\/\/www.savon-de-marseille-licorne.com\/wp-content\/uploads\/2019\/01\/commande-veritable-savon-de-marseille.jpg","type":"","width":"","height":""}],"twitter_card":"summary_large_image","twitter_misc":{"Estimated reading time":"4 minutes"},"schema":{"@context":"https:\/\/schema.org","@graph":[{"@type":"WebPage","@id":"https:\/\/www.savon-de-marseille-licorne.com\/marseille-soap-workshop-retail-outlet-cours-julien","url":"https:\/\/www.savon-de-marseille-licorne.com\/marseille-soap-workshop-retail-outlet-cours-julien","name":"Workshop retail outlet, Cours Julien, Savonnerie de la Licorne, Marseille Soap","isPartOf":{"@id":"https:\/\/www.savon-de-marseille-licorne.com\/#website"},"primaryImageOfPage":{"@id":"https:\/\/www.savon-de-marseille-licorne.com\/marseille-soap-workshop-retail-outlet-cours-julien#primaryimage"},"image":{"@id":"https:\/\/www.savon-de-marseille-licorne.com\/marseille-soap-workshop-retail-outlet-cours-julien#primaryimage"},"thumbnailUrl":"https:\/\/www.savon-de-marseille-licorne.com\/wp-content\/uploads\/2019\/01\/commande-veritable-savon-de-marseille.jpg","datePublished":"2019-06-05T04:20:59+00:00","dateModified":"2023-08-23T14:03:59+00:00","description":"The Atelier de Fabrication de la Savonnerie de la Licorne boutique run by Master Soapmaker Serge Bruna is located on Cours Julien. Discover our entire collection at factory prices.","breadcrumb":{"@id":"https:\/\/www.savon-de-marseille-licorne.com\/marseille-soap-workshop-retail-outlet-cours-julien#breadcrumb"},"inLanguage":"en-GB","potentialAction":[{"@type":"ReadAction","target":["https:\/\/www.savon-de-marseille-licorne.com\/marseille-soap-workshop-retail-outlet-cours-julien"]}]},{"@type":"ImageObject","inLanguage":"en-GB","@id":"https:\/\/www.savon-de-marseille-licorne.com\/marseille-soap-workshop-retail-outlet-cours-julien#primaryimage","url":"https:\/\/www.savon-de-marseille-licorne.com\/wp-content\/uploads\/2019\/01\/commande-veritable-savon-de-marseille.jpg","contentUrl":"https:\/\/www.savon-de-marseille-licorne.com\/wp-content\/uploads\/2019\/01\/commande-veritable-savon-de-marseille.jpg"},{"@type":"BreadcrumbList","@id":"https:\/\/www.savon-de-marseille-licorne.com\/marseille-soap-workshop-retail-outlet-cours-julien#breadcrumb","itemListElement":[{"@type":"ListItem","position":1,"name":"Accueil","item":"https:\/\/www.savon-de-marseille-licorne.com\/"},{"@type":"ListItem","position":2,"name":"Workshop retail outlet, Cours Julien"}]},{"@type":"WebSite","@id":"https:\/\/www.savon-de-marseille-licorne.com\/#website","url":"https:\/\/www.savon-de-marseille-licorne.com\/","name":"Savonnerie de la Licorne | Marseille Soap","description":"Authentic Marseille Soap","potentialAction":[{"@type":"SearchAction","target":{"@type":"EntryPoint","urlTemplate":"https:\/\/www.savon-de-marseille-licorne.com\/?s={search_term_string}"},"query-input":{"@type":"PropertyValueSpecification","valueRequired":true,"valueName":"search_term_string"}}],"inLanguage":"en-GB"}]}},"_links":{"self":[{"href":"https:\/\/www.savon-de-marseille-licorne.com\/en\/wp-json\/wp\/v2\/pages\/8643","targetHints":{"allow":["GET"]}}],"collection":[{"href":"https:\/\/www.savon-de-marseille-licorne.com\/en\/wp-json\/wp\/v2\/pages"}],"about":[{"href":"https:\/\/www.savon-de-marseille-licorne.com\/en\/wp-json\/wp\/v2\/types\/page"}],"author":[{"embeddable":true,"href":"https:\/\/www.savon-de-marseille-licorne.com\/en\/wp-json\/wp\/v2\/users\/1"}],"replies":[{"embeddable":true,"href":"https:\/\/www.savon-de-marseille-licorne.com\/en\/wp-json\/wp\/v2\/comments?post=8643"}],"version-history":[{"count":0,"href":"https:\/\/www.savon-de-marseille-licorne.com\/en\/wp-json\/wp\/v2\/pages\/8643\/revisions"}],"wp:attachment":[{"href":"https:\/\/www.savon-de-marseille-licorne.com\/en\/wp-json\/wp\/v2\/media?parent=8643"}],"curies":[{"name":"wp","href":"https:\/\/api.w.org\/{rel}","templated":true}]}}