{"id":922,"date":"2019-03-26T18:48:46","date_gmt":"2019-03-26T17:48:46","guid":{"rendered":"https:\/\/www.savon-de-marseille-licorne.com\/mon-compte"},"modified":"2025-09-27T10:54:28","modified_gmt":"2025-09-27T09:54:28","slug":"my-account-la-licorne-authentic-soaps-from-marseille","status":"publish","type":"page","link":"https:\/\/www.savon-de-marseille-licorne.com\/en\/mon-compte-la-licorne-authentiques-savons-de-marseille","title":{"rendered":"My account"},"content":{"rendered":"<p>[vc_row][vc_column]<div class=\"woocommerce\"><\/div>[vc_empty_space height=\u00a0\u00bb30px\u00a0\u00bb][vc_column_text]<img decoding=\"async\" class=\"alignnone size-full wp-image-8429 aligncenter\" src=\"https:\/\/www.savon-de-marseille-licorne.com\/wp-content\/uploads\/2019\/01\/ICONE-COMPTE-CLIENT-PAIEMENT-SECURISE.png\" alt=\"\" width=\"48\" height=\"41\" \/><\/p>\n<h4 style=\"text-align: center;\">Paiement s\u00e9curis\u00e9<\/h4>\n<p><img decoding=\"async\" class=\"aligncenter size-full wp-image-8431\" src=\"https:\/\/www.savon-de-marseille-licorne.com\/wp-content\/uploads\/2019\/01\/IMAGE-COMPTE-CLIENT-PAIEMENT-SECURISE-SAVON-DE-MARSEILLE.png\" alt=\"\" width=\"441\" height=\"66\" srcset=\"https:\/\/www.savon-de-marseille-licorne.com\/wp-content\/uploads\/2019\/01\/IMAGE-COMPTE-CLIENT-PAIEMENT-SECURISE-SAVON-DE-MARSEILLE.png 441w, https:\/\/www.savon-de-marseille-licorne.com\/wp-content\/uploads\/2019\/01\/IMAGE-COMPTE-CLIENT-PAIEMENT-SECURISE-SAVON-DE-MARSEILLE-300x45.png 300w\" sizes=\"(max-width: 441px) 100vw, 441px\" \/>[\/vc_column_text][vc_empty_space height=\u00a0\u00bb30px\u00a0\u00bb][vc_column_text]<img decoding=\"async\" class=\"aligncenter wp-image-7667 size-full\" src=\"https:\/\/www.savon-de-marseille-licorne.com\/wp-content\/uploads\/2018\/12\/ICONE-ACTUALITE-DU-SAVON-DE-MARSEILLE.png\" alt=\"\" width=\"41\" height=\"33\" \/><\/p>\n<h4 style=\"text-align: center;\">Actualit\u00e9s<br \/>\n&amp; \u00c9v\u00e8nements<\/h4>\n<p>[\/vc_column_text][kanvasActu][\/vc_column][\/vc_row]<\/p>\n","protected":false},"excerpt":{"rendered":"<p>[vc_row][vc_column][vc_empty_space height=\u00a0\u00bb30px\u00a0\u00bb][vc_column_text] Paiement s\u00e9curis\u00e9 [\/vc_column_text][vc_empty_space height=\u00a0\u00bb30px\u00a0\u00bb][vc_column_text] Actualit\u00e9s &amp; \u00c9v\u00e8nements [\/vc_column_text][kanvasActu][\/vc_column][\/vc_row]<\/p>\n","protected":false},"author":1,"featured_media":0,"parent":0,"menu_order":0,"comment_status":"closed","ping_status":"closed","template":"","meta":{"_acf_changed":false,"footnotes":""},"class_list":["post-922","page","type-page","status-publish","hentry"],"acf":[],"yoast_head":"<!-- This site is optimized with the Yoast SEO plugin v27.5 - https:\/\/yoast.com\/product\/yoast-seo-wordpress\/ -->\n<title>Mon compte Savonnerie de la Licorne, authentiques Savons de Marseille<\/title>\n<meta name=\"description\" content=\"G\u00e9rez votre espace client, adresse de facturation et de commande, moyens de paiement, afin de commander facilement vos v\u00e9ritables savons de Marsille\" \/>\n<meta name=\"robots\" content=\"index, follow, max-snippet:-1, max-image-preview:large, max-video-preview:-1\" \/>\n<link rel=\"canonical\" href=\"https:\/\/www.savon-de-marseille-licorne.com\/en\/my-account-la-licorne-authentic-soaps-from-marseille\/\" \/>\n<meta property=\"og:locale\" content=\"en_GB\" \/>\n<meta property=\"og:type\" content=\"article\" \/>\n<meta property=\"og:title\" content=\"Mon compte Savonnerie de la Licorne, authentiques Savons de Marseille\" \/>\n<meta property=\"og:description\" content=\"G\u00e9rez votre espace client, adresse de facturation et de commande, moyens de paiement, afin de commander facilement vos v\u00e9ritables savons de Marsille\" \/>\n<meta property=\"og:url\" content=\"https:\/\/www.savon-de-marseille-licorne.com\/en\/my-account-la-licorne-authentic-soaps-from-marseille\/\" \/>\n<meta property=\"og:site_name\" content=\"Savonnerie de la Licorne | Savon de Marseille\" \/>\n<meta property=\"article:modified_time\" content=\"2025-09-27T09:54:28+00:00\" \/>\n<meta property=\"og:image\" content=\"https:\/\/www.savon-de-marseille-licorne.com\/wp-content\/uploads\/2019\/01\/ICONE-COMPTE-CLIENT-PAIEMENT-SECURISE.png\" \/>\n<meta name=\"twitter:card\" content=\"summary_large_image\" \/>\n<script type=\"application\/ld+json\" class=\"yoast-schema-graph\">{\"@context\":\"https:\\\/\\\/schema.org\",\"@graph\":[{\"@type\":\"WebPage\",\"@id\":\"https:\\\/\\\/www.savon-de-marseille-licorne.com\\\/mon-compte-la-licorne-authentiques-savons-de-marseille\",\"url\":\"https:\\\/\\\/www.savon-de-marseille-licorne.com\\\/mon-compte-la-licorne-authentiques-savons-de-marseille\",\"name\":\"Mon compte Savonnerie de la Licorne, authentiques Savons de Marseille\",\"isPartOf\":{\"@id\":\"https:\\\/\\\/www.savon-de-marseille-licorne.com\\\/#website\"},\"primaryImageOfPage\":{\"@id\":\"https:\\\/\\\/www.savon-de-marseille-licorne.com\\\/mon-compte-la-licorne-authentiques-savons-de-marseille#primaryimage\"},\"image\":{\"@id\":\"https:\\\/\\\/www.savon-de-marseille-licorne.com\\\/mon-compte-la-licorne-authentiques-savons-de-marseille#primaryimage\"},\"thumbnailUrl\":\"https:\\\/\\\/www.savon-de-marseille-licorne.com\\\/wp-content\\\/uploads\\\/2019\\\/01\\\/ICONE-COMPTE-CLIENT-PAIEMENT-SECURISE.png\",\"datePublished\":\"2019-03-26T17:48:46+00:00\",\"dateModified\":\"2025-09-27T09:54:28+00:00\",\"description\":\"G\u00e9rez votre espace client, adresse de facturation et de commande, moyens de paiement, afin de commander facilement vos v\u00e9ritables savons de Marsille\",\"breadcrumb\":{\"@id\":\"https:\\\/\\\/www.savon-de-marseille-licorne.com\\\/mon-compte-la-licorne-authentiques-savons-de-marseille#breadcrumb\"},\"inLanguage\":\"en-GB\",\"potentialAction\":[{\"@type\":\"ReadAction\",\"target\":[\"https:\\\/\\\/www.savon-de-marseille-licorne.com\\\/mon-compte-la-licorne-authentiques-savons-de-marseille\"]}]},{\"@type\":\"ImageObject\",\"inLanguage\":\"en-GB\",\"@id\":\"https:\\\/\\\/www.savon-de-marseille-licorne.com\\\/mon-compte-la-licorne-authentiques-savons-de-marseille#primaryimage\",\"url\":\"https:\\\/\\\/www.savon-de-marseille-licorne.com\\\/wp-content\\\/uploads\\\/2019\\\/01\\\/ICONE-COMPTE-CLIENT-PAIEMENT-SECURISE.png\",\"contentUrl\":\"https:\\\/\\\/www.savon-de-marseille-licorne.com\\\/wp-content\\\/uploads\\\/2019\\\/01\\\/ICONE-COMPTE-CLIENT-PAIEMENT-SECURISE.png\"},{\"@type\":\"BreadcrumbList\",\"@id\":\"https:\\\/\\\/www.savon-de-marseille-licorne.com\\\/mon-compte-la-licorne-authentiques-savons-de-marseille#breadcrumb\",\"itemListElement\":[{\"@type\":\"ListItem\",\"position\":1,\"name\":\"Accueil\",\"item\":\"https:\\\/\\\/www.savon-de-marseille-licorne.com\\\/\"},{\"@type\":\"ListItem\",\"position\":2,\"name\":\"Mon compte\"}]},{\"@type\":\"WebSite\",\"@id\":\"https:\\\/\\\/www.savon-de-marseille-licorne.com\\\/#website\",\"url\":\"https:\\\/\\\/www.savon-de-marseille-licorne.com\\\/\",\"name\":\"Savonnerie de la Licorne | Savon de Marseille\",\"description\":\"Authentique Savon de Marseille\",\"potentialAction\":[{\"@type\":\"SearchAction\",\"target\":{\"@type\":\"EntryPoint\",\"urlTemplate\":\"https:\\\/\\\/www.savon-de-marseille-licorne.com\\\/?s={search_term_string}\"},\"query-input\":{\"@type\":\"PropertyValueSpecification\",\"valueRequired\":true,\"valueName\":\"search_term_string\"}}],\"inLanguage\":\"en-GB\"}]}<\/script>\n<!-- \/ Yoast SEO plugin. -->","yoast_head_json":{"title":"My Savonnerie de la Licorne account, authentic Marseille soaps","description":"Manage your customer area, billing and order addresses, payment methods, so you can easily order your genuine Marsille soaps.","robots":{"index":"index","follow":"follow","max-snippet":"max-snippet:-1","max-image-preview":"max-image-preview:large","max-video-preview":"max-video-preview:-1"},"canonical":"https:\/\/www.savon-de-marseille-licorne.com\/en\/my-account-la-licorne-authentic-soaps-from-marseille\/","og_locale":"en_GB","og_type":"article","og_title":"Mon compte Savonnerie de la Licorne, authentiques Savons de Marseille","og_description":"G\u00e9rez votre espace client, adresse de facturation et de commande, moyens de paiement, afin de commander facilement vos v\u00e9ritables savons de Marsille","og_url":"https:\/\/www.savon-de-marseille-licorne.com\/en\/my-account-la-licorne-authentic-soaps-from-marseille\/","og_site_name":"Savonnerie de la Licorne | Savon de Marseille","article_modified_time":"2025-09-27T09:54:28+00:00","og_image":[{"url":"https:\/\/www.savon-de-marseille-licorne.com\/wp-content\/uploads\/2019\/01\/ICONE-COMPTE-CLIENT-PAIEMENT-SECURISE.png","type":"","width":"","height":""}],"twitter_card":"summary_large_image","schema":{"@context":"https:\/\/schema.org","@graph":[{"@type":"WebPage","@id":"https:\/\/www.savon-de-marseille-licorne.com\/mon-compte-la-licorne-authentiques-savons-de-marseille","url":"https:\/\/www.savon-de-marseille-licorne.com\/mon-compte-la-licorne-authentiques-savons-de-marseille","name":"My Savonnerie de la Licorne account, authentic Marseille soaps","isPartOf":{"@id":"https:\/\/www.savon-de-marseille-licorne.com\/#website"},"primaryImageOfPage":{"@id":"https:\/\/www.savon-de-marseille-licorne.com\/mon-compte-la-licorne-authentiques-savons-de-marseille#primaryimage"},"image":{"@id":"https:\/\/www.savon-de-marseille-licorne.com\/mon-compte-la-licorne-authentiques-savons-de-marseille#primaryimage"},"thumbnailUrl":"https:\/\/www.savon-de-marseille-licorne.com\/wp-content\/uploads\/2019\/01\/ICONE-COMPTE-CLIENT-PAIEMENT-SECURISE.png","datePublished":"2019-03-26T17:48:46+00:00","dateModified":"2025-09-27T09:54:28+00:00","description":"Manage your customer area, billing and order addresses, payment methods, so you can easily order your genuine Marsille soaps.","breadcrumb":{"@id":"https:\/\/www.savon-de-marseille-licorne.com\/mon-compte-la-licorne-authentiques-savons-de-marseille#breadcrumb"},"inLanguage":"en-GB","potentialAction":[{"@type":"ReadAction","target":["https:\/\/www.savon-de-marseille-licorne.com\/mon-compte-la-licorne-authentiques-savons-de-marseille"]}]},{"@type":"ImageObject","inLanguage":"en-GB","@id":"https:\/\/www.savon-de-marseille-licorne.com\/mon-compte-la-licorne-authentiques-savons-de-marseille#primaryimage","url":"https:\/\/www.savon-de-marseille-licorne.com\/wp-content\/uploads\/2019\/01\/ICONE-COMPTE-CLIENT-PAIEMENT-SECURISE.png","contentUrl":"https:\/\/www.savon-de-marseille-licorne.com\/wp-content\/uploads\/2019\/01\/ICONE-COMPTE-CLIENT-PAIEMENT-SECURISE.png"},{"@type":"BreadcrumbList","@id":"https:\/\/www.savon-de-marseille-licorne.com\/mon-compte-la-licorne-authentiques-savons-de-marseille#breadcrumb","itemListElement":[{"@type":"ListItem","position":1,"name":"Accueil","item":"https:\/\/www.savon-de-marseille-licorne.com\/"},{"@type":"ListItem","position":2,"name":"Mon compte"}]},{"@type":"WebSite","@id":"https:\/\/www.savon-de-marseille-licorne.com\/#website","url":"https:\/\/www.savon-de-marseille-licorne.com\/","name":"Savonnerie de la Licorne | Marseille Soap","description":"Authentic Marseille Soap","potentialAction":[{"@type":"SearchAction","target":{"@type":"EntryPoint","urlTemplate":"https:\/\/www.savon-de-marseille-licorne.com\/?s={search_term_string}"},"query-input":{"@type":"PropertyValueSpecification","valueRequired":true,"valueName":"search_term_string"}}],"inLanguage":"en-GB"}]}},"_links":{"self":[{"href":"https:\/\/www.savon-de-marseille-licorne.com\/en\/wp-json\/wp\/v2\/pages\/922","targetHints":{"allow":["GET"]}}],"collection":[{"href":"https:\/\/www.savon-de-marseille-licorne.com\/en\/wp-json\/wp\/v2\/pages"}],"about":[{"href":"https:\/\/www.savon-de-marseille-licorne.com\/en\/wp-json\/wp\/v2\/types\/page"}],"author":[{"embeddable":true,"href":"https:\/\/www.savon-de-marseille-licorne.com\/en\/wp-json\/wp\/v2\/users\/1"}],"replies":[{"embeddable":true,"href":"https:\/\/www.savon-de-marseille-licorne.com\/en\/wp-json\/wp\/v2\/comments?post=922"}],"version-history":[{"count":0,"href":"https:\/\/www.savon-de-marseille-licorne.com\/en\/wp-json\/wp\/v2\/pages\/922\/revisions"}],"wp:attachment":[{"href":"https:\/\/www.savon-de-marseille-licorne.com\/en\/wp-json\/wp\/v2\/media?parent=922"}],"curies":[{"name":"wp","href":"https:\/\/api.w.org\/{rel}","templated":true}]}}