{"id":10191,"date":"2019-03-09T08:56:48","date_gmt":"2019-03-09T07:56:48","guid":{"rendered":"https:\/\/www.savon-de-marseille-licorne.com\/?post_type=product&#038;p=10191"},"modified":"2025-10-14T13:27:39","modified_gmt":"2025-10-14T12:27:39","slug":"unicorn-blue-oval-ceramic-soap-dish-for-250gr","status":"publish","type":"product","link":"https:\/\/www.savon-de-marseille-licorne.com\/en\/product\/porte-savon-bleu-ovale-en-ceramique-la-licorne-pour-250gr","title":{"rendered":"Ceramic soap dish La Licorne"},"content":{"rendered":"<p><strong>Ceramic oval soap dish Savonnerie de la Licorne.... to give as a gift or treat yourself with a few Marseille soaps!<\/strong><\/p>\n<div class=\"processFabrication\">Pierre Bruna was the first soap-maker in the family. Today, Serge Bruna, Master Soap-maker, and his wife Laurence, perpetuate a tradition of artisanal production. They offer you a range of high-quality Marseille soaps of great renown, which are delivered and appreciated all over the world. Our soaps are made from vegetable oils. The raw soap is ground with granite rollers to give it finesse and softness. A mixer is used to add the ingredients that go into our soaps, such as honey, essential oils, lavender seeds and other noble products. Finally, the resulting product is poured into a plodder. The soaps are then stamped by hand or moulded.<\/div>","protected":false},"excerpt":{"rendered":"<p>Porte savon ovale en c\u00e9ramique Savonnerie de la Licorne&#8230;.\u00e0 offrir ou s&rsquo;offrir avec quelques savons de Marseille ! Pierre Bruna fut le premier savonnier de la famille. Aujourd\u2019hui, Serge Bruna, Ma\u00eetre Savonnier et son \u00e9pouse Laurence, perp\u00e9tuent une tradition artisanale de fabrication. Ils vous proposent une gamme de savons de Marseille de haute qualit\u00e9 et [&hellip;]<\/p>\n","protected":false},"featured_media":10767,"comment_status":"closed","ping_status":"closed","template":"","meta":{"_acf_changed":false},"product_brand":[],"product_cat":[75,294],"product_tag":[308,181,182,183],"class_list":{"0":"post-10191","1":"product","2":"type-product","3":"status-publish","4":"has-post-thumbnail","6":"product_cat-tous-nos-produits-authentiques-savons-de-marseille","7":"product_cat-boites-a-savons-accessoires-idees-cadeau-savons-de-marseille","8":"product_tag-portes-savons","9":"product_tag-fetes-de-noel","10":"product_tag-saint-valentin","11":"product_tag-anniversaires","13":"first","14":"instock","15":"taxable","16":"shipping-taxable","17":"purchasable","18":"product-type-variable"},"acf":[],"yoast_head":"<!-- This site is optimized with the Yoast SEO plugin v27.5 - https:\/\/yoast.com\/product\/yoast-seo-wordpress\/ -->\n<title>Savonnerie de la Licorne, Bo\u00eetes \u00e0 Savons &amp; Accessoires, Porte Savon Bleu Ovale en c\u00e9ramique La Licorne pour savon 250gr<\/title>\n<meta name=\"description\" content=\"Commandez nos bo\u00eetes \u00e0 Savons &amp; Accessoires originaux de la Savonnerie de la Licorne \u00e0 Marseille avec ce Porte savon en c\u00e9ramique La Licorne pour savon 250g\" \/>\n<meta name=\"robots\" content=\"index, follow, max-snippet:-1, max-image-preview:large, max-video-preview:-1\" \/>\n<link rel=\"canonical\" href=\"https:\/\/www.savon-de-marseille-licorne.com\/en\/product\/unicorn-blue-oval-ceramic-soap-dish-for-250gr\/\" \/>\n<meta property=\"og:locale\" content=\"en_GB\" \/>\n<meta property=\"og:type\" content=\"article\" \/>\n<meta property=\"og:title\" content=\"Savonnerie de la Licorne, Bo\u00eetes \u00e0 Savons &amp; Accessoires, Porte Savon Blanc Ovale en c\u00e9ramique La Licorne 250gr\" \/>\n<meta property=\"og:description\" content=\"Commandez nos bo\u00eetes \u00e0 Savons &amp; Accessoires originaux de la Savonnerie de la Licorne \u00e0 Marseille avec ce Porte savon en c\u00e9ramique La Licorne pour savon 250g\" \/>\n<meta property=\"og:url\" content=\"https:\/\/www.savon-de-marseille-licorne.com\/en\/product\/unicorn-blue-oval-ceramic-soap-dish-for-250gr\/\" \/>\n<meta property=\"og:site_name\" content=\"Savonnerie de la Licorne | Savon de Marseille\" \/>\n<meta property=\"article:modified_time\" content=\"2025-10-14T12:27:39+00:00\" \/>\n<meta property=\"og:image\" content=\"https:\/\/www.savon-de-marseille-licorne.com\/wp-content\/uploads\/2019\/05\/PS.jpg\" \/>\n\t<meta property=\"og:image:width\" content=\"533\" \/>\n\t<meta property=\"og:image:height\" content=\"397\" \/>\n\t<meta property=\"og:image:type\" content=\"image\/jpeg\" \/>\n<meta name=\"twitter:card\" content=\"summary_large_image\" \/>\n<meta name=\"twitter:title\" content=\"Savonnerie de la Licorne, Bo\u00eetes \u00e0 Savons &amp; Accessoires, Porte Savon Blanc Ovale en c\u00e9ramique La Licorne 250gr\" \/>\n<meta name=\"twitter:label1\" content=\"Estimated reading time\" \/>\n\t<meta name=\"twitter:data1\" content=\"1 minute\" \/>\n<script type=\"application\/ld+json\" class=\"yoast-schema-graph\">{\"@context\":\"https:\\\/\\\/schema.org\",\"@graph\":[{\"@type\":\"WebPage\",\"@id\":\"https:\\\/\\\/www.savon-de-marseille-licorne.com\\\/product\\\/porte-savon-bleu-ovale-en-ceramique-la-licorne-pour-250gr\",\"url\":\"https:\\\/\\\/www.savon-de-marseille-licorne.com\\\/product\\\/porte-savon-bleu-ovale-en-ceramique-la-licorne-pour-250gr\",\"name\":\"Savonnerie de la Licorne, Bo\u00eetes \u00e0 Savons & Accessoires, Porte Savon Bleu Ovale en c\u00e9ramique La Licorne pour savon 250gr\",\"isPartOf\":{\"@id\":\"https:\\\/\\\/www.savon-de-marseille-licorne.com\\\/#website\"},\"primaryImageOfPage\":{\"@id\":\"https:\\\/\\\/www.savon-de-marseille-licorne.com\\\/product\\\/porte-savon-bleu-ovale-en-ceramique-la-licorne-pour-250gr#primaryimage\"},\"image\":{\"@id\":\"https:\\\/\\\/www.savon-de-marseille-licorne.com\\\/product\\\/porte-savon-bleu-ovale-en-ceramique-la-licorne-pour-250gr#primaryimage\"},\"thumbnailUrl\":\"https:\\\/\\\/www.savon-de-marseille-licorne.com\\\/wp-content\\\/uploads\\\/2019\\\/05\\\/PS.jpg\",\"datePublished\":\"2019-03-09T07:56:48+00:00\",\"dateModified\":\"2025-10-14T12:27:39+00:00\",\"description\":\"Commandez nos bo\u00eetes \u00e0 Savons & Accessoires originaux de la Savonnerie de la Licorne \u00e0 Marseille avec ce Porte savon en c\u00e9ramique La Licorne pour savon 250g\",\"breadcrumb\":{\"@id\":\"https:\\\/\\\/www.savon-de-marseille-licorne.com\\\/product\\\/porte-savon-bleu-ovale-en-ceramique-la-licorne-pour-250gr#breadcrumb\"},\"inLanguage\":\"en-GB\",\"potentialAction\":[{\"@type\":\"ReadAction\",\"target\":[\"https:\\\/\\\/www.savon-de-marseille-licorne.com\\\/product\\\/porte-savon-bleu-ovale-en-ceramique-la-licorne-pour-250gr\"]}]},{\"@type\":\"ImageObject\",\"inLanguage\":\"en-GB\",\"@id\":\"https:\\\/\\\/www.savon-de-marseille-licorne.com\\\/product\\\/porte-savon-bleu-ovale-en-ceramique-la-licorne-pour-250gr#primaryimage\",\"url\":\"https:\\\/\\\/www.savon-de-marseille-licorne.com\\\/wp-content\\\/uploads\\\/2019\\\/05\\\/PS.jpg\",\"contentUrl\":\"https:\\\/\\\/www.savon-de-marseille-licorne.com\\\/wp-content\\\/uploads\\\/2019\\\/05\\\/PS.jpg\",\"width\":533,\"height\":397},{\"@type\":\"BreadcrumbList\",\"@id\":\"https:\\\/\\\/www.savon-de-marseille-licorne.com\\\/product\\\/porte-savon-bleu-ovale-en-ceramique-la-licorne-pour-250gr#breadcrumb\",\"itemListElement\":[{\"@type\":\"ListItem\",\"position\":1,\"name\":\"Accueil\",\"item\":\"https:\\\/\\\/www.savon-de-marseille-licorne.com\\\/\"},{\"@type\":\"ListItem\",\"position\":2,\"name\":\"Boutique\",\"item\":\"https:\\\/\\\/www.savon-de-marseille-licorne.com\\\/boutique-en-ligne-veritable-savon-de-marseille\"},{\"@type\":\"ListItem\",\"position\":3,\"name\":\"Porte Savon en c\u00e9ramique La Licorne\"}]},{\"@type\":\"WebSite\",\"@id\":\"https:\\\/\\\/www.savon-de-marseille-licorne.com\\\/#website\",\"url\":\"https:\\\/\\\/www.savon-de-marseille-licorne.com\\\/\",\"name\":\"Savonnerie de la Licorne | Savon de Marseille\",\"description\":\"Authentique Savon de Marseille\",\"potentialAction\":[{\"@type\":\"SearchAction\",\"target\":{\"@type\":\"EntryPoint\",\"urlTemplate\":\"https:\\\/\\\/www.savon-de-marseille-licorne.com\\\/?s={search_term_string}\"},\"query-input\":{\"@type\":\"PropertyValueSpecification\",\"valueRequired\":true,\"valueName\":\"search_term_string\"}}],\"inLanguage\":\"en-GB\"}]}<\/script>\n<!-- \/ Yoast SEO plugin. -->","yoast_head_json":{"title":"Savonnerie de la Licorne, Soap Boxes &amp; Accessories, Ceramic Blue Oval Soap Dish La Licorne for soap 250gr","description":"Order our original Soap Boxes &amp; Accessories from the Savonnerie de la Licorne in Marseille with this Ceramic Soap Dish La Licorne pour savon 250g","robots":{"index":"index","follow":"follow","max-snippet":"max-snippet:-1","max-image-preview":"max-image-preview:large","max-video-preview":"max-video-preview:-1"},"canonical":"https:\/\/www.savon-de-marseille-licorne.com\/en\/product\/unicorn-blue-oval-ceramic-soap-dish-for-250gr\/","og_locale":"en_GB","og_type":"article","og_title":"Savonnerie de la Licorne, Bo\u00eetes \u00e0 Savons & Accessoires, Porte Savon Blanc Ovale en c\u00e9ramique La Licorne 250gr","og_description":"Commandez nos bo\u00eetes \u00e0 Savons & Accessoires originaux de la Savonnerie de la Licorne \u00e0 Marseille avec ce Porte savon en c\u00e9ramique La Licorne pour savon 250g","og_url":"https:\/\/www.savon-de-marseille-licorne.com\/en\/product\/unicorn-blue-oval-ceramic-soap-dish-for-250gr\/","og_site_name":"Savonnerie de la Licorne | Savon de Marseille","article_modified_time":"2025-10-14T12:27:39+00:00","og_image":[{"width":533,"height":397,"url":"https:\/\/www.savon-de-marseille-licorne.com\/wp-content\/uploads\/2019\/05\/PS.jpg","type":"image\/jpeg"}],"twitter_card":"summary_large_image","twitter_title":"Savonnerie de la Licorne, Bo\u00eetes \u00e0 Savons & Accessoires, Porte Savon Blanc Ovale en c\u00e9ramique La Licorne 250gr","twitter_misc":{"Estimated reading time":"1 minute"},"schema":{"@context":"https:\/\/schema.org","@graph":[{"@type":"WebPage","@id":"https:\/\/www.savon-de-marseille-licorne.com\/product\/porte-savon-bleu-ovale-en-ceramique-la-licorne-pour-250gr","url":"https:\/\/www.savon-de-marseille-licorne.com\/product\/porte-savon-bleu-ovale-en-ceramique-la-licorne-pour-250gr","name":"Savonnerie de la Licorne, Soap Boxes &amp; Accessories, Ceramic Blue Oval Soap Dish La Licorne for soap 250gr","isPartOf":{"@id":"https:\/\/www.savon-de-marseille-licorne.com\/#website"},"primaryImageOfPage":{"@id":"https:\/\/www.savon-de-marseille-licorne.com\/product\/porte-savon-bleu-ovale-en-ceramique-la-licorne-pour-250gr#primaryimage"},"image":{"@id":"https:\/\/www.savon-de-marseille-licorne.com\/product\/porte-savon-bleu-ovale-en-ceramique-la-licorne-pour-250gr#primaryimage"},"thumbnailUrl":"https:\/\/www.savon-de-marseille-licorne.com\/wp-content\/uploads\/2019\/05\/PS.jpg","datePublished":"2019-03-09T07:56:48+00:00","dateModified":"2025-10-14T12:27:39+00:00","description":"Order our original Soap Boxes &amp; Accessories from the Savonnerie de la Licorne in Marseille with this Ceramic Soap Dish La Licorne pour savon 250g","breadcrumb":{"@id":"https:\/\/www.savon-de-marseille-licorne.com\/product\/porte-savon-bleu-ovale-en-ceramique-la-licorne-pour-250gr#breadcrumb"},"inLanguage":"en-GB","potentialAction":[{"@type":"ReadAction","target":["https:\/\/www.savon-de-marseille-licorne.com\/product\/porte-savon-bleu-ovale-en-ceramique-la-licorne-pour-250gr"]}]},{"@type":"ImageObject","inLanguage":"en-GB","@id":"https:\/\/www.savon-de-marseille-licorne.com\/product\/porte-savon-bleu-ovale-en-ceramique-la-licorne-pour-250gr#primaryimage","url":"https:\/\/www.savon-de-marseille-licorne.com\/wp-content\/uploads\/2019\/05\/PS.jpg","contentUrl":"https:\/\/www.savon-de-marseille-licorne.com\/wp-content\/uploads\/2019\/05\/PS.jpg","width":533,"height":397},{"@type":"BreadcrumbList","@id":"https:\/\/www.savon-de-marseille-licorne.com\/product\/porte-savon-bleu-ovale-en-ceramique-la-licorne-pour-250gr#breadcrumb","itemListElement":[{"@type":"ListItem","position":1,"name":"Accueil","item":"https:\/\/www.savon-de-marseille-licorne.com\/"},{"@type":"ListItem","position":2,"name":"Boutique","item":"https:\/\/www.savon-de-marseille-licorne.com\/boutique-en-ligne-veritable-savon-de-marseille"},{"@type":"ListItem","position":3,"name":"Porte Savon en c\u00e9ramique La Licorne"}]},{"@type":"WebSite","@id":"https:\/\/www.savon-de-marseille-licorne.com\/#website","url":"https:\/\/www.savon-de-marseille-licorne.com\/","name":"Savonnerie de la Licorne | Marseille Soap","description":"Authentic Marseille Soap","potentialAction":[{"@type":"SearchAction","target":{"@type":"EntryPoint","urlTemplate":"https:\/\/www.savon-de-marseille-licorne.com\/?s={search_term_string}"},"query-input":{"@type":"PropertyValueSpecification","valueRequired":true,"valueName":"search_term_string"}}],"inLanguage":"en-GB"}]}},"_links":{"self":[{"href":"https:\/\/www.savon-de-marseille-licorne.com\/en\/wp-json\/wp\/v2\/product\/10191","targetHints":{"allow":["GET"]}}],"collection":[{"href":"https:\/\/www.savon-de-marseille-licorne.com\/en\/wp-json\/wp\/v2\/product"}],"about":[{"href":"https:\/\/www.savon-de-marseille-licorne.com\/en\/wp-json\/wp\/v2\/types\/product"}],"replies":[{"embeddable":true,"href":"https:\/\/www.savon-de-marseille-licorne.com\/en\/wp-json\/wp\/v2\/comments?post=10191"}],"wp:featuredmedia":[{"embeddable":true,"href":"https:\/\/www.savon-de-marseille-licorne.com\/en\/wp-json\/wp\/v2\/media\/10767"}],"wp:attachment":[{"href":"https:\/\/www.savon-de-marseille-licorne.com\/en\/wp-json\/wp\/v2\/media?parent=10191"}],"wp:term":[{"taxonomy":"product_brand","embeddable":true,"href":"https:\/\/www.savon-de-marseille-licorne.com\/en\/wp-json\/wp\/v2\/product_brand?post=10191"},{"taxonomy":"product_cat","embeddable":true,"href":"https:\/\/www.savon-de-marseille-licorne.com\/en\/wp-json\/wp\/v2\/product_cat?post=10191"},{"taxonomy":"product_tag","embeddable":true,"href":"https:\/\/www.savon-de-marseille-licorne.com\/en\/wp-json\/wp\/v2\/product_tag?post=10191"}],"curies":[{"name":"wp","href":"https:\/\/api.w.org\/{rel}","templated":true}]}}