{"id":1267,"date":"2019-03-29T17:34:35","date_gmt":"2019-03-29T16:34:35","guid":{"rendered":"https:\/\/www.savon-de-marseille-licorne.com\/?post_type=product&#038;p=1267"},"modified":"2026-04-20T12:38:07","modified_gmt":"2026-04-20T11:38:07","slug":"marseille-soap-cat-mimosa-50g","status":"publish","type":"product","link":"https:\/\/www.savon-de-marseille-licorne.com\/en\/product\/savon-de-marseille-chat-mimosa-50g","title":{"rendered":"Marseille Soap Cat Mimosa 50 g"},"content":{"rendered":"<p><strong>Mimosa scented Marseille soap in the shape of a little cat. A Marseille soap made in our Cours Julien workshop in Marseille by our Master Soapmaker Serge Bruna.<\/strong><\/p>\n<p><strong>An enchanting fragrance that heralds the arrival of the sun.<\/strong><\/p>\n<div class=\"processFabrication\">Pierre Bruna was the first soap-maker in the family. Today, Serge Bruna, Master Soap-maker, and his wife Laurence, perpetuate a tradition of artisanal production. They offer you a range of high-quality Marseille soaps of great renown, which are delivered and appreciated all over the world. Our soaps are made from vegetable oils. The raw soap is ground with granite rollers to give it finesse and softness. A mixer is used to add the ingredients that go into our soaps, such as honey, essential oils, lavender seeds and other noble products. Finally, the resulting product is poured into a plodder. The soaps are then stamped by hand or moulded.<\/div>","protected":false},"excerpt":{"rendered":"<p><strong><span style=\"text-align: left; color: #333333; text-transform: none; text-indent: 0px; letter-spacing: normal; font-family: Georgia,'Times New Roman','Bitstream Charter',Times,serif; font-size: 16px; font-style: normal; font-variant: normal; text-decoration: none; cursor: text; float: none; background-color: transparent;\">Mimosa-scented Marseille soap in the shape of a little cat.<\/span><\/strong><\/p>","protected":false},"featured_media":1261,"comment_status":"open","ping_status":"closed","template":"","meta":{"_acf_changed":false},"product_brand":[],"product_cat":[341,75,63],"product_tag":[],"class_list":{"0":"post-1267","1":"product","2":"type-product","3":"status-publish","4":"has-post-thumbnail","6":"product_cat-savons-petites-formes","7":"product_cat-tous-nos-produits-authentiques-savons-de-marseille","8":"product_cat-les-savons-de-marseille-de-toilette-savonnerie-marseillaise","9":"pa_parfum-mimosa","10":"pa_poids-50-grammes","12":"first","13":"instock","14":"taxable","15":"shipping-taxable","16":"purchasable","17":"product-type-simple"},"acf":[],"yoast_head":"<!-- This site is optimized with the Yoast SEO plugin v27.5 - https:\/\/yoast.com\/product\/yoast-seo-wordpress\/ -->\n<title>Savonnerie de la Licorne, Savon de Marseille Chat Mimosa 50g, V\u00e9ritables Savons de Marseille<\/title>\n<meta name=\"description\" content=\"Commandez nos v\u00e9ritables Savons de Marseille, Savon de Marseille Chat Mimosa 50g, fabriqu\u00e9 dans notre atelier du Cours Julien \u00e0 Marseille par notre Ma\u00eetre Savonnier Serge Bruna.\" \/>\n<meta name=\"robots\" content=\"index, follow, max-snippet:-1, max-image-preview:large, max-video-preview:-1\" \/>\n<link rel=\"canonical\" href=\"https:\/\/www.savon-de-marseille-licorne.com\/en\/product\/marseille-soap-cat-mimosa-50g\/\" \/>\n<meta property=\"og:locale\" content=\"en_GB\" \/>\n<meta property=\"og:type\" content=\"article\" \/>\n<meta property=\"og:title\" content=\"Savonnerie de la Licorne, Savon de Marseille Chat Mimosa 50g, V\u00e9ritables Savons de Marseille\" \/>\n<meta property=\"og:description\" content=\"Commandez nos v\u00e9ritables Savons de Marseille, Savon de Marseille Chat Mimosa 50g, fabriqu\u00e9 dans notre atelier du Cours Julien \u00e0 Marseille par notre Ma\u00eetre Savonnier Serge Bruna.\" \/>\n<meta property=\"og:url\" content=\"https:\/\/www.savon-de-marseille-licorne.com\/en\/product\/marseille-soap-cat-mimosa-50g\/\" \/>\n<meta property=\"og:site_name\" content=\"Savonnerie de la Licorne | Savon de Marseille\" \/>\n<meta property=\"article:modified_time\" content=\"2026-04-20T11:38:07+00:00\" \/>\n<meta property=\"og:image\" content=\"https:\/\/www.savon-de-marseille-licorne.com\/wp-content\/uploads\/2016\/05\/755-savon-chat-mimosa-de-50-g.jpg\" \/>\n\t<meta property=\"og:image:width\" content=\"1500\" \/>\n\t<meta property=\"og:image:height\" content=\"1000\" \/>\n\t<meta property=\"og:image:type\" content=\"image\/jpeg\" \/>\n<meta name=\"twitter:card\" content=\"summary_large_image\" \/>\n<meta name=\"twitter:label1\" content=\"Estimated reading time\" \/>\n\t<meta name=\"twitter:data1\" content=\"1 minute\" \/>\n<script type=\"application\/ld+json\" class=\"yoast-schema-graph\">{\"@context\":\"https:\\\/\\\/schema.org\",\"@graph\":[{\"@type\":\"WebPage\",\"@id\":\"https:\\\/\\\/www.savon-de-marseille-licorne.com\\\/product\\\/savon-de-marseille-chat-mimosa-50g\",\"url\":\"https:\\\/\\\/www.savon-de-marseille-licorne.com\\\/product\\\/savon-de-marseille-chat-mimosa-50g\",\"name\":\"Savonnerie de la Licorne, Savon de Marseille Chat Mimosa 50g, V\u00e9ritables Savons de Marseille\",\"isPartOf\":{\"@id\":\"https:\\\/\\\/www.savon-de-marseille-licorne.com\\\/#website\"},\"primaryImageOfPage\":{\"@id\":\"https:\\\/\\\/www.savon-de-marseille-licorne.com\\\/product\\\/savon-de-marseille-chat-mimosa-50g#primaryimage\"},\"image\":{\"@id\":\"https:\\\/\\\/www.savon-de-marseille-licorne.com\\\/product\\\/savon-de-marseille-chat-mimosa-50g#primaryimage\"},\"thumbnailUrl\":\"https:\\\/\\\/www.savon-de-marseille-licorne.com\\\/wp-content\\\/uploads\\\/2016\\\/05\\\/755-savon-chat-mimosa-de-50-g.jpg\",\"datePublished\":\"2019-03-29T16:34:35+00:00\",\"dateModified\":\"2026-04-20T11:38:07+00:00\",\"description\":\"Commandez nos v\u00e9ritables Savons de Marseille, Savon de Marseille Chat Mimosa 50g, fabriqu\u00e9 dans notre atelier du Cours Julien \u00e0 Marseille par notre Ma\u00eetre Savonnier Serge Bruna.\",\"breadcrumb\":{\"@id\":\"https:\\\/\\\/www.savon-de-marseille-licorne.com\\\/product\\\/savon-de-marseille-chat-mimosa-50g#breadcrumb\"},\"inLanguage\":\"en-GB\",\"potentialAction\":[{\"@type\":\"ReadAction\",\"target\":[\"https:\\\/\\\/www.savon-de-marseille-licorne.com\\\/product\\\/savon-de-marseille-chat-mimosa-50g\"]}]},{\"@type\":\"ImageObject\",\"inLanguage\":\"en-GB\",\"@id\":\"https:\\\/\\\/www.savon-de-marseille-licorne.com\\\/product\\\/savon-de-marseille-chat-mimosa-50g#primaryimage\",\"url\":\"https:\\\/\\\/www.savon-de-marseille-licorne.com\\\/wp-content\\\/uploads\\\/2016\\\/05\\\/755-savon-chat-mimosa-de-50-g.jpg\",\"contentUrl\":\"https:\\\/\\\/www.savon-de-marseille-licorne.com\\\/wp-content\\\/uploads\\\/2016\\\/05\\\/755-savon-chat-mimosa-de-50-g.jpg\",\"width\":1500,\"height\":1000,\"caption\":\"savon chat mimosa de 50 g\"},{\"@type\":\"BreadcrumbList\",\"@id\":\"https:\\\/\\\/www.savon-de-marseille-licorne.com\\\/product\\\/savon-de-marseille-chat-mimosa-50g#breadcrumb\",\"itemListElement\":[{\"@type\":\"ListItem\",\"position\":1,\"name\":\"Accueil\",\"item\":\"https:\\\/\\\/www.savon-de-marseille-licorne.com\\\/\"},{\"@type\":\"ListItem\",\"position\":2,\"name\":\"Boutique\",\"item\":\"https:\\\/\\\/www.savon-de-marseille-licorne.com\\\/boutique-en-ligne-veritable-savon-de-marseille\"},{\"@type\":\"ListItem\",\"position\":3,\"name\":\"Savon de Marseille Chat Mimosa 50 g\"}]},{\"@type\":\"WebSite\",\"@id\":\"https:\\\/\\\/www.savon-de-marseille-licorne.com\\\/#website\",\"url\":\"https:\\\/\\\/www.savon-de-marseille-licorne.com\\\/\",\"name\":\"Savonnerie de la Licorne | Savon de Marseille\",\"description\":\"Authentique Savon de Marseille\",\"potentialAction\":[{\"@type\":\"SearchAction\",\"target\":{\"@type\":\"EntryPoint\",\"urlTemplate\":\"https:\\\/\\\/www.savon-de-marseille-licorne.com\\\/?s={search_term_string}\"},\"query-input\":{\"@type\":\"PropertyValueSpecification\",\"valueRequired\":true,\"valueName\":\"search_term_string\"}}],\"inLanguage\":\"en-GB\"}]}<\/script>\n<!-- \/ Yoast SEO plugin. -->","yoast_head_json":{"title":"Savonnerie de la Licorne, Marseille Soap Cat Mimosa 50g, Real Marseille Soaps","description":"Order our real Marseille Soaps, Savon de Marseille Chat Mimosa 50g, made in our Cours Julien workshop in Marseille by our Master Soapmaker Serge Bruna.","robots":{"index":"index","follow":"follow","max-snippet":"max-snippet:-1","max-image-preview":"max-image-preview:large","max-video-preview":"max-video-preview:-1"},"canonical":"https:\/\/www.savon-de-marseille-licorne.com\/en\/product\/marseille-soap-cat-mimosa-50g\/","og_locale":"en_GB","og_type":"article","og_title":"Savonnerie de la Licorne, Savon de Marseille Chat Mimosa 50g, V\u00e9ritables Savons de Marseille","og_description":"Commandez nos v\u00e9ritables Savons de Marseille, Savon de Marseille Chat Mimosa 50g, fabriqu\u00e9 dans notre atelier du Cours Julien \u00e0 Marseille par notre Ma\u00eetre Savonnier Serge Bruna.","og_url":"https:\/\/www.savon-de-marseille-licorne.com\/en\/product\/marseille-soap-cat-mimosa-50g\/","og_site_name":"Savonnerie de la Licorne | Savon de Marseille","article_modified_time":"2026-04-20T11:38:07+00:00","og_image":[{"width":1500,"height":1000,"url":"https:\/\/www.savon-de-marseille-licorne.com\/wp-content\/uploads\/2016\/05\/755-savon-chat-mimosa-de-50-g.jpg","type":"image\/jpeg"}],"twitter_card":"summary_large_image","twitter_misc":{"Estimated reading time":"1 minute"},"schema":{"@context":"https:\/\/schema.org","@graph":[{"@type":"WebPage","@id":"https:\/\/www.savon-de-marseille-licorne.com\/product\/savon-de-marseille-chat-mimosa-50g","url":"https:\/\/www.savon-de-marseille-licorne.com\/product\/savon-de-marseille-chat-mimosa-50g","name":"Savonnerie de la Licorne, Marseille Soap Cat Mimosa 50g, Real Marseille Soaps","isPartOf":{"@id":"https:\/\/www.savon-de-marseille-licorne.com\/#website"},"primaryImageOfPage":{"@id":"https:\/\/www.savon-de-marseille-licorne.com\/product\/savon-de-marseille-chat-mimosa-50g#primaryimage"},"image":{"@id":"https:\/\/www.savon-de-marseille-licorne.com\/product\/savon-de-marseille-chat-mimosa-50g#primaryimage"},"thumbnailUrl":"https:\/\/www.savon-de-marseille-licorne.com\/wp-content\/uploads\/2016\/05\/755-savon-chat-mimosa-de-50-g.jpg","datePublished":"2019-03-29T16:34:35+00:00","dateModified":"2026-04-20T11:38:07+00:00","description":"Order our real Marseille Soaps, Savon de Marseille Chat Mimosa 50g, made in our Cours Julien workshop in Marseille by our Master Soapmaker Serge Bruna.","breadcrumb":{"@id":"https:\/\/www.savon-de-marseille-licorne.com\/product\/savon-de-marseille-chat-mimosa-50g#breadcrumb"},"inLanguage":"en-GB","potentialAction":[{"@type":"ReadAction","target":["https:\/\/www.savon-de-marseille-licorne.com\/product\/savon-de-marseille-chat-mimosa-50g"]}]},{"@type":"ImageObject","inLanguage":"en-GB","@id":"https:\/\/www.savon-de-marseille-licorne.com\/product\/savon-de-marseille-chat-mimosa-50g#primaryimage","url":"https:\/\/www.savon-de-marseille-licorne.com\/wp-content\/uploads\/2016\/05\/755-savon-chat-mimosa-de-50-g.jpg","contentUrl":"https:\/\/www.savon-de-marseille-licorne.com\/wp-content\/uploads\/2016\/05\/755-savon-chat-mimosa-de-50-g.jpg","width":1500,"height":1000,"caption":"savon chat mimosa de 50 g"},{"@type":"BreadcrumbList","@id":"https:\/\/www.savon-de-marseille-licorne.com\/product\/savon-de-marseille-chat-mimosa-50g#breadcrumb","itemListElement":[{"@type":"ListItem","position":1,"name":"Accueil","item":"https:\/\/www.savon-de-marseille-licorne.com\/"},{"@type":"ListItem","position":2,"name":"Boutique","item":"https:\/\/www.savon-de-marseille-licorne.com\/boutique-en-ligne-veritable-savon-de-marseille"},{"@type":"ListItem","position":3,"name":"Savon de Marseille Chat Mimosa 50 g"}]},{"@type":"WebSite","@id":"https:\/\/www.savon-de-marseille-licorne.com\/#website","url":"https:\/\/www.savon-de-marseille-licorne.com\/","name":"Savonnerie de la Licorne | Marseille Soap","description":"Authentic Marseille Soap","potentialAction":[{"@type":"SearchAction","target":{"@type":"EntryPoint","urlTemplate":"https:\/\/www.savon-de-marseille-licorne.com\/?s={search_term_string}"},"query-input":{"@type":"PropertyValueSpecification","valueRequired":true,"valueName":"search_term_string"}}],"inLanguage":"en-GB"}]}},"_links":{"self":[{"href":"https:\/\/www.savon-de-marseille-licorne.com\/en\/wp-json\/wp\/v2\/product\/1267","targetHints":{"allow":["GET"]}}],"collection":[{"href":"https:\/\/www.savon-de-marseille-licorne.com\/en\/wp-json\/wp\/v2\/product"}],"about":[{"href":"https:\/\/www.savon-de-marseille-licorne.com\/en\/wp-json\/wp\/v2\/types\/product"}],"replies":[{"embeddable":true,"href":"https:\/\/www.savon-de-marseille-licorne.com\/en\/wp-json\/wp\/v2\/comments?post=1267"}],"wp:featuredmedia":[{"embeddable":true,"href":"https:\/\/www.savon-de-marseille-licorne.com\/en\/wp-json\/wp\/v2\/media\/1261"}],"wp:attachment":[{"href":"https:\/\/www.savon-de-marseille-licorne.com\/en\/wp-json\/wp\/v2\/media?parent=1267"}],"wp:term":[{"taxonomy":"product_brand","embeddable":true,"href":"https:\/\/www.savon-de-marseille-licorne.com\/en\/wp-json\/wp\/v2\/product_brand?post=1267"},{"taxonomy":"product_cat","embeddable":true,"href":"https:\/\/www.savon-de-marseille-licorne.com\/en\/wp-json\/wp\/v2\/product_cat?post=1267"},{"taxonomy":"product_tag","embeddable":true,"href":"https:\/\/www.savon-de-marseille-licorne.com\/en\/wp-json\/wp\/v2\/product_tag?post=1267"}],"curies":[{"name":"wp","href":"https:\/\/api.w.org\/{rel}","templated":true}]}}