{"id":1527,"date":"2019-03-29T17:34:34","date_gmt":"2019-03-29T16:34:34","guid":{"rendered":"https:\/\/www.savon-de-marseille-licorne.com\/?post_type=product&#038;p=1527"},"modified":"2026-04-02T13:06:41","modified_gmt":"2026-04-02T12:06:41","slug":"limp-metal-100-g-limp-with-soap-marseille","status":"publish","type":"product","link":"https:\/\/www.savon-de-marseille-licorne.com\/en\/product\/boite-metal-100-g-boite-a-savon-marseille","title":{"rendered":"100 g metal tin (various models)"},"content":{"rendered":"<p><strong>A beautiful box for a 100g rectangle soap, size 6.5x10x3.5cm...to hold one of our Marseille soaps, for example.<\/strong><\/p>\n<div class=\"processFabrication\">Pierre Bruna was the first soap-maker in the family. Today, Serge Bruna, Master Soap-maker, and his wife Laurence, perpetuate a tradition of artisanal production. They offer you a range of high-quality Marseille soaps of great renown, which are delivered and appreciated all over the world. Our soaps are made from vegetable oils. The raw soap is ground with granite rollers to give it finesse and softness. A mixer is used to add the ingredients that go into our soaps, such as honey, essential oils, lavender seeds and other noble products. Finally, the resulting product is poured into a plodder. The soaps are then stamped by hand or moulded.<\/div>","protected":false},"excerpt":{"rendered":"<p><strong>A beautiful box for a 100g rectangle soap, size 6.5x10x3.5cm...to hold one of our Marseille soaps, for example.<\/strong><\/p>","protected":false},"featured_media":10692,"comment_status":"open","ping_status":"closed","template":"","meta":{"_acf_changed":false},"product_brand":[],"product_cat":[75,294],"product_tag":[],"class_list":{"0":"post-1527","1":"product","2":"type-product","3":"status-publish","4":"has-post-thumbnail","6":"product_cat-tous-nos-produits-authentiques-savons-de-marseille","7":"product_cat-boites-a-savons-accessoires-idees-cadeau-savons-de-marseille","9":"first","10":"instock","11":"taxable","12":"shipping-taxable","13":"purchasable","14":"product-type-variable"},"acf":[],"yoast_head":"<!-- This site is optimized with the Yoast SEO plugin v27.5 - https:\/\/yoast.com\/product\/yoast-seo-wordpress\/ -->\n<title>Bo\u00eete M\u00e9tal pour savon rectangle 100 g, bo\u00eete \u00e0 savon, Marseille<\/title>\n<meta name=\"description\" content=\"Une belle bo\u00eete pour un savon rectangle 100g, taille 6,5x10x3,5cm...pour y glisser par exemple un de nos savons de Marseille\" \/>\n<meta name=\"robots\" content=\"index, follow, max-snippet:-1, max-image-preview:large, max-video-preview:-1\" \/>\n<link rel=\"canonical\" href=\"https:\/\/www.savon-de-marseille-licorne.com\/en\/product\/limp-metal-100-g-limp-with-soap-marseille\/\" \/>\n<meta property=\"og:locale\" content=\"en_GB\" \/>\n<meta property=\"og:type\" content=\"article\" \/>\n<meta property=\"og:title\" content=\"Bo\u00eete M\u00e9tal pour savon rectangle 100 g, bo\u00eete \u00e0 savon, Marseille\" \/>\n<meta property=\"og:description\" content=\"Une belle bo\u00eete pour un savon rectangle 100g, taille 6,5x10x3,5cm...pour y glisser par exemple un de nos savons de Marseille\" \/>\n<meta property=\"og:url\" content=\"https:\/\/www.savon-de-marseille-licorne.com\/en\/product\/limp-metal-100-g-limp-with-soap-marseille\/\" \/>\n<meta property=\"og:site_name\" content=\"Savonnerie de la Licorne | Savon de Marseille\" \/>\n<meta property=\"article:modified_time\" content=\"2026-04-02T12:06:41+00:00\" \/>\n<meta property=\"og:image\" content=\"https:\/\/www.savon-de-marseille-licorne.com\/wp-content\/uploads\/2019\/03\/Sans-titre-1.jpg\" \/>\n\t<meta property=\"og:image:width\" content=\"557\" \/>\n\t<meta property=\"og:image:height\" content=\"426\" \/>\n\t<meta property=\"og:image:type\" content=\"image\/jpeg\" \/>\n<meta name=\"twitter:card\" content=\"summary_large_image\" \/>\n<meta name=\"twitter:label1\" content=\"Estimated reading time\" \/>\n\t<meta name=\"twitter:data1\" content=\"1 minute\" \/>\n<script type=\"application\/ld+json\" class=\"yoast-schema-graph\">{\"@context\":\"https:\\\/\\\/schema.org\",\"@graph\":[{\"@type\":\"WebPage\",\"@id\":\"https:\\\/\\\/www.savon-de-marseille-licorne.com\\\/product\\\/boite-metal-100-g-boite-a-savon-marseille\",\"url\":\"https:\\\/\\\/www.savon-de-marseille-licorne.com\\\/product\\\/boite-metal-100-g-boite-a-savon-marseille\",\"name\":\"Bo\u00eete M\u00e9tal pour savon rectangle 100 g, bo\u00eete \u00e0 savon, Marseille\",\"isPartOf\":{\"@id\":\"https:\\\/\\\/www.savon-de-marseille-licorne.com\\\/#website\"},\"primaryImageOfPage\":{\"@id\":\"https:\\\/\\\/www.savon-de-marseille-licorne.com\\\/product\\\/boite-metal-100-g-boite-a-savon-marseille#primaryimage\"},\"image\":{\"@id\":\"https:\\\/\\\/www.savon-de-marseille-licorne.com\\\/product\\\/boite-metal-100-g-boite-a-savon-marseille#primaryimage\"},\"thumbnailUrl\":\"https:\\\/\\\/www.savon-de-marseille-licorne.com\\\/wp-content\\\/uploads\\\/2019\\\/03\\\/Sans-titre-1.jpg\",\"datePublished\":\"2019-03-29T16:34:34+00:00\",\"dateModified\":\"2026-04-02T12:06:41+00:00\",\"description\":\"Une belle bo\u00eete pour un savon rectangle 100g, taille 6,5x10x3,5cm...pour y glisser par exemple un de nos savons de Marseille\",\"breadcrumb\":{\"@id\":\"https:\\\/\\\/www.savon-de-marseille-licorne.com\\\/product\\\/boite-metal-100-g-boite-a-savon-marseille#breadcrumb\"},\"inLanguage\":\"en-GB\",\"potentialAction\":[{\"@type\":\"ReadAction\",\"target\":[\"https:\\\/\\\/www.savon-de-marseille-licorne.com\\\/product\\\/boite-metal-100-g-boite-a-savon-marseille\"]}]},{\"@type\":\"ImageObject\",\"inLanguage\":\"en-GB\",\"@id\":\"https:\\\/\\\/www.savon-de-marseille-licorne.com\\\/product\\\/boite-metal-100-g-boite-a-savon-marseille#primaryimage\",\"url\":\"https:\\\/\\\/www.savon-de-marseille-licorne.com\\\/wp-content\\\/uploads\\\/2019\\\/03\\\/Sans-titre-1.jpg\",\"contentUrl\":\"https:\\\/\\\/www.savon-de-marseille-licorne.com\\\/wp-content\\\/uploads\\\/2019\\\/03\\\/Sans-titre-1.jpg\",\"width\":557,\"height\":426},{\"@type\":\"BreadcrumbList\",\"@id\":\"https:\\\/\\\/www.savon-de-marseille-licorne.com\\\/product\\\/boite-metal-100-g-boite-a-savon-marseille#breadcrumb\",\"itemListElement\":[{\"@type\":\"ListItem\",\"position\":1,\"name\":\"Accueil\",\"item\":\"https:\\\/\\\/www.savon-de-marseille-licorne.com\\\/\"},{\"@type\":\"ListItem\",\"position\":2,\"name\":\"Boutique\",\"item\":\"https:\\\/\\\/www.savon-de-marseille-licorne.com\\\/boutique-en-ligne-veritable-savon-de-marseille\"},{\"@type\":\"ListItem\",\"position\":3,\"name\":\"Bo\u00eete M\u00e9tal 100 g (diff\u00e9rents mod\u00e8les)\"}]},{\"@type\":\"WebSite\",\"@id\":\"https:\\\/\\\/www.savon-de-marseille-licorne.com\\\/#website\",\"url\":\"https:\\\/\\\/www.savon-de-marseille-licorne.com\\\/\",\"name\":\"Savonnerie de la Licorne | Savon de Marseille\",\"description\":\"Authentique Savon de Marseille\",\"potentialAction\":[{\"@type\":\"SearchAction\",\"target\":{\"@type\":\"EntryPoint\",\"urlTemplate\":\"https:\\\/\\\/www.savon-de-marseille-licorne.com\\\/?s={search_term_string}\"},\"query-input\":{\"@type\":\"PropertyValueSpecification\",\"valueRequired\":true,\"valueName\":\"search_term_string\"}}],\"inLanguage\":\"en-GB\"}]}<\/script>\n<!-- \/ Yoast SEO plugin. -->","yoast_head_json":{"title":"Metal box for 100 g rectangle soap, soap box, Marseille","description":"A beautiful box for a 100g rectangle soap, size 6.5x10x3.5cm...to hold one of our Marseille soaps, for example.","robots":{"index":"index","follow":"follow","max-snippet":"max-snippet:-1","max-image-preview":"max-image-preview:large","max-video-preview":"max-video-preview:-1"},"canonical":"https:\/\/www.savon-de-marseille-licorne.com\/en\/product\/limp-metal-100-g-limp-with-soap-marseille\/","og_locale":"en_GB","og_type":"article","og_title":"Bo\u00eete M\u00e9tal pour savon rectangle 100 g, bo\u00eete \u00e0 savon, Marseille","og_description":"Une belle bo\u00eete pour un savon rectangle 100g, taille 6,5x10x3,5cm...pour y glisser par exemple un de nos savons de Marseille","og_url":"https:\/\/www.savon-de-marseille-licorne.com\/en\/product\/limp-metal-100-g-limp-with-soap-marseille\/","og_site_name":"Savonnerie de la Licorne | Savon de Marseille","article_modified_time":"2026-04-02T12:06:41+00:00","og_image":[{"width":557,"height":426,"url":"https:\/\/www.savon-de-marseille-licorne.com\/wp-content\/uploads\/2019\/03\/Sans-titre-1.jpg","type":"image\/jpeg"}],"twitter_card":"summary_large_image","twitter_misc":{"Estimated reading time":"1 minute"},"schema":{"@context":"https:\/\/schema.org","@graph":[{"@type":"WebPage","@id":"https:\/\/www.savon-de-marseille-licorne.com\/product\/boite-metal-100-g-boite-a-savon-marseille","url":"https:\/\/www.savon-de-marseille-licorne.com\/product\/boite-metal-100-g-boite-a-savon-marseille","name":"Metal box for 100 g rectangle soap, soap box, Marseille","isPartOf":{"@id":"https:\/\/www.savon-de-marseille-licorne.com\/#website"},"primaryImageOfPage":{"@id":"https:\/\/www.savon-de-marseille-licorne.com\/product\/boite-metal-100-g-boite-a-savon-marseille#primaryimage"},"image":{"@id":"https:\/\/www.savon-de-marseille-licorne.com\/product\/boite-metal-100-g-boite-a-savon-marseille#primaryimage"},"thumbnailUrl":"https:\/\/www.savon-de-marseille-licorne.com\/wp-content\/uploads\/2019\/03\/Sans-titre-1.jpg","datePublished":"2019-03-29T16:34:34+00:00","dateModified":"2026-04-02T12:06:41+00:00","description":"A beautiful box for a 100g rectangle soap, size 6.5x10x3.5cm...to hold one of our Marseille soaps, for example.","breadcrumb":{"@id":"https:\/\/www.savon-de-marseille-licorne.com\/product\/boite-metal-100-g-boite-a-savon-marseille#breadcrumb"},"inLanguage":"en-GB","potentialAction":[{"@type":"ReadAction","target":["https:\/\/www.savon-de-marseille-licorne.com\/product\/boite-metal-100-g-boite-a-savon-marseille"]}]},{"@type":"ImageObject","inLanguage":"en-GB","@id":"https:\/\/www.savon-de-marseille-licorne.com\/product\/boite-metal-100-g-boite-a-savon-marseille#primaryimage","url":"https:\/\/www.savon-de-marseille-licorne.com\/wp-content\/uploads\/2019\/03\/Sans-titre-1.jpg","contentUrl":"https:\/\/www.savon-de-marseille-licorne.com\/wp-content\/uploads\/2019\/03\/Sans-titre-1.jpg","width":557,"height":426},{"@type":"BreadcrumbList","@id":"https:\/\/www.savon-de-marseille-licorne.com\/product\/boite-metal-100-g-boite-a-savon-marseille#breadcrumb","itemListElement":[{"@type":"ListItem","position":1,"name":"Accueil","item":"https:\/\/www.savon-de-marseille-licorne.com\/"},{"@type":"ListItem","position":2,"name":"Boutique","item":"https:\/\/www.savon-de-marseille-licorne.com\/boutique-en-ligne-veritable-savon-de-marseille"},{"@type":"ListItem","position":3,"name":"Bo\u00eete M\u00e9tal 100 g (diff\u00e9rents mod\u00e8les)"}]},{"@type":"WebSite","@id":"https:\/\/www.savon-de-marseille-licorne.com\/#website","url":"https:\/\/www.savon-de-marseille-licorne.com\/","name":"Savonnerie de la Licorne | Marseille Soap","description":"Authentic Marseille Soap","potentialAction":[{"@type":"SearchAction","target":{"@type":"EntryPoint","urlTemplate":"https:\/\/www.savon-de-marseille-licorne.com\/?s={search_term_string}"},"query-input":{"@type":"PropertyValueSpecification","valueRequired":true,"valueName":"search_term_string"}}],"inLanguage":"en-GB"}]}},"_links":{"self":[{"href":"https:\/\/www.savon-de-marseille-licorne.com\/en\/wp-json\/wp\/v2\/product\/1527","targetHints":{"allow":["GET"]}}],"collection":[{"href":"https:\/\/www.savon-de-marseille-licorne.com\/en\/wp-json\/wp\/v2\/product"}],"about":[{"href":"https:\/\/www.savon-de-marseille-licorne.com\/en\/wp-json\/wp\/v2\/types\/product"}],"replies":[{"embeddable":true,"href":"https:\/\/www.savon-de-marseille-licorne.com\/en\/wp-json\/wp\/v2\/comments?post=1527"}],"wp:featuredmedia":[{"embeddable":true,"href":"https:\/\/www.savon-de-marseille-licorne.com\/en\/wp-json\/wp\/v2\/media\/10692"}],"wp:attachment":[{"href":"https:\/\/www.savon-de-marseille-licorne.com\/en\/wp-json\/wp\/v2\/media?parent=1527"}],"wp:term":[{"taxonomy":"product_brand","embeddable":true,"href":"https:\/\/www.savon-de-marseille-licorne.com\/en\/wp-json\/wp\/v2\/product_brand?post=1527"},{"taxonomy":"product_cat","embeddable":true,"href":"https:\/\/www.savon-de-marseille-licorne.com\/en\/wp-json\/wp\/v2\/product_cat?post=1527"},{"taxonomy":"product_tag","embeddable":true,"href":"https:\/\/www.savon-de-marseille-licorne.com\/en\/wp-json\/wp\/v2\/product_tag?post=1527"}],"curies":[{"name":"wp","href":"https:\/\/api.w.org\/{rel}","templated":true}]}}