{"id":2075630,"date":"2021-06-09T14:25:36","date_gmt":"2021-06-09T13:25:36","guid":{"rendered":"https:\/\/www.savon-de-marseille-licorne.com\/?post_type=product&#038;p=2075630"},"modified":"2025-07-10T10:13:38","modified_gmt":"2025-07-10T09:13:38","slug":"karite-butter-and-white-clay-beard-soap","status":"publish","type":"product","link":"https:\/\/www.savon-de-marseille-licorne.com\/en\/product\/savon-barbe-au-beurre-de-karite-et-argile-blanche","title":{"rendered":"Beard soap 100g"},"content":{"rendered":"<h4>The benefits of beard soap :<\/h4>\n<ul>\n<li>- Creamy mousse.<\/li>\n<li>- Does not sink.<\/li>\n<li>- Economical.<\/li>\n<li>- Eco-responsible.<\/li>\n<li>- Vegan.<\/li>\n<li>- Easy to take with you on your travels.<\/li>\n<\/ul>\n<h4>Instructions for use :<\/h4>\n<ul>\n<li>- Moisten face with warm water.<\/li>\n<li>- Wet the shaving brush with warm water and impregnate it with beard soap.<\/li>\n<li>- Apply the soap to the skin, making small circles to build up the lather.<\/li>\n<li>- Once you've got the lather, all you have to do is shave!<\/li>\n<\/ul>","protected":false},"excerpt":{"rendered":"<p>This handmade beard soap, enriched with shea butter and white clay, prepares your skin and beard for shaving. Shea butter is known for its moisturising properties. White clay, on the other hand, will leave your skin feeling soft and comfortable. We recommend using it with a shaving brush.<\/p>","protected":false},"featured_media":2075621,"comment_status":"open","ping_status":"closed","template":"","meta":{"_acf_changed":false},"product_brand":[],"product_cat":[75,67],"product_tag":[369],"class_list":{"0":"post-2075630","1":"product","2":"type-product","3":"status-publish","4":"has-post-thumbnail","6":"product_cat-tous-nos-produits-authentiques-savons-de-marseille","7":"product_cat-les-savons-speciaux-alep-lait-de-jument-karite-son","8":"product_tag-savon-a-barbe","9":"pa_poids-100-grammes","11":"first","12":"instock","13":"taxable","14":"shipping-taxable","15":"purchasable","16":"product-type-simple"},"acf":[],"yoast_head":"<!-- This site is optimized with the Yoast SEO plugin v27.5 - https:\/\/yoast.com\/product\/yoast-seo-wordpress\/ -->\n<title>Savonnerie de la Licorne Savon \u00e0 barbe : beurre de karit\u00e9 et argile blanche<\/title>\n<meta name=\"description\" content=\"Savon \u00e0 barbe au beurre de karit\u00e9 et \u00e0 l&#039;argile blanche savonnerie de la licorne Marseille Provence produit made in France\" \/>\n<meta name=\"robots\" content=\"index, follow, max-snippet:-1, max-image-preview:large, max-video-preview:-1\" \/>\n<link rel=\"canonical\" href=\"https:\/\/www.savon-de-marseille-licorne.com\/en\/product\/karite-butter-and-white-clay-beard-soap\/\" \/>\n<meta property=\"og:locale\" content=\"en_GB\" \/>\n<meta property=\"og:type\" content=\"article\" \/>\n<meta property=\"og:title\" content=\"Savonnerie de la Licorne Savon \u00e0 barbe : beurre de karit\u00e9 et argile blanche\" \/>\n<meta property=\"og:description\" content=\"Savon \u00e0 barbe au beurre de karit\u00e9 et \u00e0 l&#039;argile blanche savonnerie de la licorne Marseille Provence produit made in France\" \/>\n<meta property=\"og:url\" content=\"https:\/\/www.savon-de-marseille-licorne.com\/en\/product\/karite-butter-and-white-clay-beard-soap\/\" \/>\n<meta property=\"og:site_name\" content=\"Savonnerie de la Licorne | Savon de Marseille\" \/>\n<meta property=\"article:modified_time\" content=\"2025-07-10T09:13:38+00:00\" \/>\n<meta property=\"og:image\" content=\"https:\/\/www.savon-de-marseille-licorne.com\/wp-content\/uploads\/2021\/06\/savon-barbe-licorne-marseille-scaled.jpg\" \/>\n\t<meta property=\"og:image:width\" content=\"2560\" \/>\n\t<meta property=\"og:image:height\" content=\"2560\" \/>\n\t<meta property=\"og:image:type\" content=\"image\/jpeg\" \/>\n<meta name=\"twitter:card\" content=\"summary_large_image\" \/>\n<meta name=\"twitter:label1\" content=\"Estimated reading time\" \/>\n\t<meta name=\"twitter:data1\" content=\"1 minute\" \/>\n<script type=\"application\/ld+json\" class=\"yoast-schema-graph\">{\"@context\":\"https:\\\/\\\/schema.org\",\"@graph\":[{\"@type\":\"WebPage\",\"@id\":\"https:\\\/\\\/www.savon-de-marseille-licorne.com\\\/product\\\/savon-barbe-au-beurre-de-karite-et-argile-blanche\",\"url\":\"https:\\\/\\\/www.savon-de-marseille-licorne.com\\\/product\\\/savon-barbe-au-beurre-de-karite-et-argile-blanche\",\"name\":\"Savonnerie de la Licorne Savon \u00e0 barbe : beurre de karit\u00e9 et argile blanche\",\"isPartOf\":{\"@id\":\"https:\\\/\\\/www.savon-de-marseille-licorne.com\\\/#website\"},\"primaryImageOfPage\":{\"@id\":\"https:\\\/\\\/www.savon-de-marseille-licorne.com\\\/product\\\/savon-barbe-au-beurre-de-karite-et-argile-blanche#primaryimage\"},\"image\":{\"@id\":\"https:\\\/\\\/www.savon-de-marseille-licorne.com\\\/product\\\/savon-barbe-au-beurre-de-karite-et-argile-blanche#primaryimage\"},\"thumbnailUrl\":\"https:\\\/\\\/www.savon-de-marseille-licorne.com\\\/wp-content\\\/uploads\\\/2021\\\/06\\\/savon-barbe-licorne-marseille-scaled.jpg\",\"datePublished\":\"2021-06-09T13:25:36+00:00\",\"dateModified\":\"2025-07-10T09:13:38+00:00\",\"description\":\"Savon \u00e0 barbe au beurre de karit\u00e9 et \u00e0 l'argile blanche savonnerie de la licorne Marseille Provence produit made in France\",\"breadcrumb\":{\"@id\":\"https:\\\/\\\/www.savon-de-marseille-licorne.com\\\/product\\\/savon-barbe-au-beurre-de-karite-et-argile-blanche#breadcrumb\"},\"inLanguage\":\"en-GB\",\"potentialAction\":[{\"@type\":\"ReadAction\",\"target\":[\"https:\\\/\\\/www.savon-de-marseille-licorne.com\\\/product\\\/savon-barbe-au-beurre-de-karite-et-argile-blanche\"]}]},{\"@type\":\"ImageObject\",\"inLanguage\":\"en-GB\",\"@id\":\"https:\\\/\\\/www.savon-de-marseille-licorne.com\\\/product\\\/savon-barbe-au-beurre-de-karite-et-argile-blanche#primaryimage\",\"url\":\"https:\\\/\\\/www.savon-de-marseille-licorne.com\\\/wp-content\\\/uploads\\\/2021\\\/06\\\/savon-barbe-licorne-marseille-scaled.jpg\",\"contentUrl\":\"https:\\\/\\\/www.savon-de-marseille-licorne.com\\\/wp-content\\\/uploads\\\/2021\\\/06\\\/savon-barbe-licorne-marseille-scaled.jpg\",\"width\":2560,\"height\":2560},{\"@type\":\"BreadcrumbList\",\"@id\":\"https:\\\/\\\/www.savon-de-marseille-licorne.com\\\/product\\\/savon-barbe-au-beurre-de-karite-et-argile-blanche#breadcrumb\",\"itemListElement\":[{\"@type\":\"ListItem\",\"position\":1,\"name\":\"Accueil\",\"item\":\"https:\\\/\\\/www.savon-de-marseille-licorne.com\\\/\"},{\"@type\":\"ListItem\",\"position\":2,\"name\":\"Boutique\",\"item\":\"https:\\\/\\\/www.savon-de-marseille-licorne.com\\\/boutique-en-ligne-veritable-savon-de-marseille\"},{\"@type\":\"ListItem\",\"position\":3,\"name\":\"Savon \u00e0 barbe 100g\"}]},{\"@type\":\"WebSite\",\"@id\":\"https:\\\/\\\/www.savon-de-marseille-licorne.com\\\/#website\",\"url\":\"https:\\\/\\\/www.savon-de-marseille-licorne.com\\\/\",\"name\":\"Savonnerie de la Licorne | Savon de Marseille\",\"description\":\"Authentique Savon de Marseille\",\"potentialAction\":[{\"@type\":\"SearchAction\",\"target\":{\"@type\":\"EntryPoint\",\"urlTemplate\":\"https:\\\/\\\/www.savon-de-marseille-licorne.com\\\/?s={search_term_string}\"},\"query-input\":{\"@type\":\"PropertyValueSpecification\",\"valueRequired\":true,\"valueName\":\"search_term_string\"}}],\"inLanguage\":\"en-GB\"}]}<\/script>\n<!-- \/ Yoast SEO plugin. -->","yoast_head_json":{"title":"Savonnerie de la Licorne Beard soap: shea butter and white clay","description":"Beard soap with shea butter and white clay savonnerie de la licorne Marseille Provence product made in France","robots":{"index":"index","follow":"follow","max-snippet":"max-snippet:-1","max-image-preview":"max-image-preview:large","max-video-preview":"max-video-preview:-1"},"canonical":"https:\/\/www.savon-de-marseille-licorne.com\/en\/product\/karite-butter-and-white-clay-beard-soap\/","og_locale":"en_GB","og_type":"article","og_title":"Savonnerie de la Licorne Savon \u00e0 barbe : beurre de karit\u00e9 et argile blanche","og_description":"Savon \u00e0 barbe au beurre de karit\u00e9 et \u00e0 l'argile blanche savonnerie de la licorne Marseille Provence produit made in France","og_url":"https:\/\/www.savon-de-marseille-licorne.com\/en\/product\/karite-butter-and-white-clay-beard-soap\/","og_site_name":"Savonnerie de la Licorne | Savon de Marseille","article_modified_time":"2025-07-10T09:13:38+00:00","og_image":[{"width":2560,"height":2560,"url":"https:\/\/www.savon-de-marseille-licorne.com\/wp-content\/uploads\/2021\/06\/savon-barbe-licorne-marseille-scaled.jpg","type":"image\/jpeg"}],"twitter_card":"summary_large_image","twitter_misc":{"Estimated reading time":"1 minute"},"schema":{"@context":"https:\/\/schema.org","@graph":[{"@type":"WebPage","@id":"https:\/\/www.savon-de-marseille-licorne.com\/product\/savon-barbe-au-beurre-de-karite-et-argile-blanche","url":"https:\/\/www.savon-de-marseille-licorne.com\/product\/savon-barbe-au-beurre-de-karite-et-argile-blanche","name":"Savonnerie de la Licorne Beard soap: shea butter and white clay","isPartOf":{"@id":"https:\/\/www.savon-de-marseille-licorne.com\/#website"},"primaryImageOfPage":{"@id":"https:\/\/www.savon-de-marseille-licorne.com\/product\/savon-barbe-au-beurre-de-karite-et-argile-blanche#primaryimage"},"image":{"@id":"https:\/\/www.savon-de-marseille-licorne.com\/product\/savon-barbe-au-beurre-de-karite-et-argile-blanche#primaryimage"},"thumbnailUrl":"https:\/\/www.savon-de-marseille-licorne.com\/wp-content\/uploads\/2021\/06\/savon-barbe-licorne-marseille-scaled.jpg","datePublished":"2021-06-09T13:25:36+00:00","dateModified":"2025-07-10T09:13:38+00:00","description":"Beard soap with shea butter and white clay savonnerie de la licorne Marseille Provence product made in France","breadcrumb":{"@id":"https:\/\/www.savon-de-marseille-licorne.com\/product\/savon-barbe-au-beurre-de-karite-et-argile-blanche#breadcrumb"},"inLanguage":"en-GB","potentialAction":[{"@type":"ReadAction","target":["https:\/\/www.savon-de-marseille-licorne.com\/product\/savon-barbe-au-beurre-de-karite-et-argile-blanche"]}]},{"@type":"ImageObject","inLanguage":"en-GB","@id":"https:\/\/www.savon-de-marseille-licorne.com\/product\/savon-barbe-au-beurre-de-karite-et-argile-blanche#primaryimage","url":"https:\/\/www.savon-de-marseille-licorne.com\/wp-content\/uploads\/2021\/06\/savon-barbe-licorne-marseille-scaled.jpg","contentUrl":"https:\/\/www.savon-de-marseille-licorne.com\/wp-content\/uploads\/2021\/06\/savon-barbe-licorne-marseille-scaled.jpg","width":2560,"height":2560},{"@type":"BreadcrumbList","@id":"https:\/\/www.savon-de-marseille-licorne.com\/product\/savon-barbe-au-beurre-de-karite-et-argile-blanche#breadcrumb","itemListElement":[{"@type":"ListItem","position":1,"name":"Accueil","item":"https:\/\/www.savon-de-marseille-licorne.com\/"},{"@type":"ListItem","position":2,"name":"Boutique","item":"https:\/\/www.savon-de-marseille-licorne.com\/boutique-en-ligne-veritable-savon-de-marseille"},{"@type":"ListItem","position":3,"name":"Savon \u00e0 barbe 100g"}]},{"@type":"WebSite","@id":"https:\/\/www.savon-de-marseille-licorne.com\/#website","url":"https:\/\/www.savon-de-marseille-licorne.com\/","name":"Savonnerie de la Licorne | Marseille Soap","description":"Authentic Marseille Soap","potentialAction":[{"@type":"SearchAction","target":{"@type":"EntryPoint","urlTemplate":"https:\/\/www.savon-de-marseille-licorne.com\/?s={search_term_string}"},"query-input":{"@type":"PropertyValueSpecification","valueRequired":true,"valueName":"search_term_string"}}],"inLanguage":"en-GB"}]}},"_links":{"self":[{"href":"https:\/\/www.savon-de-marseille-licorne.com\/en\/wp-json\/wp\/v2\/product\/2075630","targetHints":{"allow":["GET"]}}],"collection":[{"href":"https:\/\/www.savon-de-marseille-licorne.com\/en\/wp-json\/wp\/v2\/product"}],"about":[{"href":"https:\/\/www.savon-de-marseille-licorne.com\/en\/wp-json\/wp\/v2\/types\/product"}],"replies":[{"embeddable":true,"href":"https:\/\/www.savon-de-marseille-licorne.com\/en\/wp-json\/wp\/v2\/comments?post=2075630"}],"wp:featuredmedia":[{"embeddable":true,"href":"https:\/\/www.savon-de-marseille-licorne.com\/en\/wp-json\/wp\/v2\/media\/2075621"}],"wp:attachment":[{"href":"https:\/\/www.savon-de-marseille-licorne.com\/en\/wp-json\/wp\/v2\/media?parent=2075630"}],"wp:term":[{"taxonomy":"product_brand","embeddable":true,"href":"https:\/\/www.savon-de-marseille-licorne.com\/en\/wp-json\/wp\/v2\/product_brand?post=2075630"},{"taxonomy":"product_cat","embeddable":true,"href":"https:\/\/www.savon-de-marseille-licorne.com\/en\/wp-json\/wp\/v2\/product_cat?post=2075630"},{"taxonomy":"product_tag","embeddable":true,"href":"https:\/\/www.savon-de-marseille-licorne.com\/en\/wp-json\/wp\/v2\/product_tag?post=2075630"}],"curies":[{"name":"wp","href":"https:\/\/api.w.org\/{rel}","templated":true}]}}