{"id":2082117,"date":"2023-11-17T10:42:15","date_gmt":"2023-11-17T09:42:15","guid":{"rendered":"https:\/\/www.savon-de-marseille-licorne.com\/?post_type=product&#038;p=2082117"},"modified":"2026-02-26T15:24:28","modified_gmt":"2026-02-26T14:24:28","slug":"metal-box-of-9-invited-marseille-soaps","status":"publish","type":"product","link":"https:\/\/www.savon-de-marseille-licorne.com\/en\/product\/boite-metal-9-savons-de-marseille-invites","title":{"rendered":"Metal box, 9 guest Marseille soaps"},"content":{"rendered":"<p><strong>Metal \"Savon de Marseille\" box containing 9 guest Marseille soaps 50g (assorted fragrances). Soaps made in our Cours Julien workshop in Marseille by our Master Soapmaker Serge Bruna.<\/strong><\/p>\n<div class=\"processFabrication\">Pierre Bruna was the first soap-maker in the family. Today, Serge Bruna, Master Soap-maker, and his wife Laurence, perpetuate a tradition of artisanal production. They offer you a range of high-quality Marseille soaps of great renown, which are delivered and appreciated all over the world. Our soaps are made from vegetable oils. The raw soap is ground with granite rollers to give it finesse and softness. A mixer is used to add the ingredients that go into our soaps, such as honey, essential oils, lavender seeds and other noble products. Finally, the resulting product is poured into a plodder. The soaps are then stamped by hand or moulded.<\/div>","protected":false},"excerpt":{"rendered":"<p><strong>Metal \"Savon de Marseille\" box containing 9 guest Marseille soaps 50g (assorted fragrances). Soaps made in our Cours Julien workshop in Marseille by our Master Soapmaker Serge Bruna.<\/strong><\/p>","protected":false},"featured_media":2082111,"comment_status":"closed","ping_status":"closed","template":"","meta":{"_acf_changed":false},"product_brand":[],"product_cat":[75,71],"product_tag":[181,182,183,151],"class_list":{"0":"post-2082117","1":"product","2":"type-product","3":"status-publish","4":"has-post-thumbnail","6":"product_cat-tous-nos-produits-authentiques-savons-de-marseille","7":"product_cat-les-coffrets-cadeaux-savons-de-marseille","8":"product_tag-fetes-de-noel","9":"product_tag-saint-valentin","10":"product_tag-anniversaires","11":"product_tag-veritables-savons-de-marseille","13":"first","14":"instock","15":"featured","16":"taxable","17":"shipping-taxable","18":"purchasable","19":"product-type-simple"},"acf":[],"yoast_head":"<!-- This site is optimized with the Yoast SEO plugin v27.2 - https:\/\/yoast.com\/product\/yoast-seo-wordpress\/ -->\n<title>Savonnerie de la Licorne, Bo\u00eete m\u00e9tal, 9 Savons de Marseille invit\u00e9s artisanaux fabriqu\u00e9 \u00e0 Marseille<\/title>\n<meta name=\"description\" content=\"Commandez notre coffret cadeau avec cette Bo\u00eete m\u00e9tal, 9 Savons de Marseille invit\u00e9s fabriqu\u00e9s dans notre atelier du Cours Julien \u00e0 Marseille par notre Ma\u00eetre Savonnier Serge Bruna.\" \/>\n<meta name=\"robots\" content=\"index, follow, max-snippet:-1, max-image-preview:large, max-video-preview:-1\" \/>\n<link rel=\"canonical\" href=\"https:\/\/www.savon-de-marseille-licorne.com\/en\/product\/metal-box-of-9-invited-marseille-soaps\/\" \/>\n<meta property=\"og:locale\" content=\"en_GB\" \/>\n<meta property=\"og:type\" content=\"article\" \/>\n<meta property=\"og:title\" content=\"Savonnerie de la Licorne, Bo\u00eete Jaune la Licorne, 9 Savons de Marseille artisanaux fabriqu\u00e9 \u00e0 Marseille\" \/>\n<meta property=\"og:description\" content=\"Commandez notre coffret cadeau avec cette Bo\u00eete m\u00e9tal, 9 Savons de Marseille invit\u00e9s fabriqu\u00e9s dans notre atelier du Cours Julien \u00e0 Marseille par notre Ma\u00eetre Savonnier Serge Bruna.\" \/>\n<meta property=\"og:url\" content=\"https:\/\/www.savon-de-marseille-licorne.com\/en\/product\/metal-box-of-9-invited-marseille-soaps\/\" \/>\n<meta property=\"og:site_name\" content=\"Savonnerie de la Licorne | Savon de Marseille\" \/>\n<meta property=\"article:modified_time\" content=\"2026-02-26T14:24:28+00:00\" \/>\n<meta property=\"og:image\" content=\"https:\/\/www.savon-de-marseille-licorne.com\/wp-content\/uploads\/2023\/11\/boite_9_savons_invites.jpg\" \/>\n\t<meta property=\"og:image:width\" content=\"1512\" \/>\n\t<meta property=\"og:image:height\" content=\"1512\" \/>\n\t<meta property=\"og:image:type\" content=\"image\/jpeg\" \/>\n<meta name=\"twitter:card\" content=\"summary_large_image\" \/>\n<meta name=\"twitter:title\" content=\"Savonnerie de la Licorne, Bo\u00eete Jaune la Licorne, 9 Savons de Marseille artisanaux fabriqu\u00e9 \u00e0 Marseille\" \/>\n<meta name=\"twitter:label1\" content=\"Estimated reading time\" \/>\n\t<meta name=\"twitter:data1\" content=\"1 minute\" \/>\n<script type=\"application\/ld+json\" class=\"yoast-schema-graph\">{\"@context\":\"https:\/\/schema.org\",\"@graph\":[{\"@type\":\"WebPage\",\"@id\":\"https:\/\/www.savon-de-marseille-licorne.com\/product\/boite-metal-9-savons-de-marseille-invites\",\"url\":\"https:\/\/www.savon-de-marseille-licorne.com\/product\/boite-metal-9-savons-de-marseille-invites\",\"name\":\"Savonnerie de la Licorne, Bo\u00eete m\u00e9tal, 9 Savons de Marseille invit\u00e9s artisanaux fabriqu\u00e9 \u00e0 Marseille\",\"isPartOf\":{\"@id\":\"https:\/\/www.savon-de-marseille-licorne.com\/#website\"},\"primaryImageOfPage\":{\"@id\":\"https:\/\/www.savon-de-marseille-licorne.com\/product\/boite-metal-9-savons-de-marseille-invites#primaryimage\"},\"image\":{\"@id\":\"https:\/\/www.savon-de-marseille-licorne.com\/product\/boite-metal-9-savons-de-marseille-invites#primaryimage\"},\"thumbnailUrl\":\"https:\/\/www.savon-de-marseille-licorne.com\/wp-content\/uploads\/2023\/11\/boite_9_savons_invites.jpg\",\"datePublished\":\"2023-11-17T09:42:15+00:00\",\"dateModified\":\"2026-02-26T14:24:28+00:00\",\"description\":\"Commandez notre coffret cadeau avec cette Bo\u00eete m\u00e9tal, 9 Savons de Marseille invit\u00e9s fabriqu\u00e9s dans notre atelier du Cours Julien \u00e0 Marseille par notre Ma\u00eetre Savonnier Serge Bruna.\",\"breadcrumb\":{\"@id\":\"https:\/\/www.savon-de-marseille-licorne.com\/product\/boite-metal-9-savons-de-marseille-invites#breadcrumb\"},\"inLanguage\":\"en-GB\",\"potentialAction\":[{\"@type\":\"ReadAction\",\"target\":[\"https:\/\/www.savon-de-marseille-licorne.com\/product\/boite-metal-9-savons-de-marseille-invites\"]}]},{\"@type\":\"ImageObject\",\"inLanguage\":\"en-GB\",\"@id\":\"https:\/\/www.savon-de-marseille-licorne.com\/product\/boite-metal-9-savons-de-marseille-invites#primaryimage\",\"url\":\"https:\/\/www.savon-de-marseille-licorne.com\/wp-content\/uploads\/2023\/11\/boite_9_savons_invites.jpg\",\"contentUrl\":\"https:\/\/www.savon-de-marseille-licorne.com\/wp-content\/uploads\/2023\/11\/boite_9_savons_invites.jpg\",\"width\":1512,\"height\":1512},{\"@type\":\"BreadcrumbList\",\"@id\":\"https:\/\/www.savon-de-marseille-licorne.com\/product\/boite-metal-9-savons-de-marseille-invites#breadcrumb\",\"itemListElement\":[{\"@type\":\"ListItem\",\"position\":1,\"name\":\"Accueil\",\"item\":\"https:\/\/www.savon-de-marseille-licorne.com\/\"},{\"@type\":\"ListItem\",\"position\":2,\"name\":\"Boutique\",\"item\":\"https:\/\/www.savon-de-marseille-licorne.com\/boutique-en-ligne-veritable-savon-de-marseille\"},{\"@type\":\"ListItem\",\"position\":3,\"name\":\"Bo\u00eete m\u00e9tal, 9 Savons de Marseille invit\u00e9s\"}]},{\"@type\":\"WebSite\",\"@id\":\"https:\/\/www.savon-de-marseille-licorne.com\/#website\",\"url\":\"https:\/\/www.savon-de-marseille-licorne.com\/\",\"name\":\"Savonnerie de la Licorne | Savon de Marseille\",\"description\":\"Authentique Savon de Marseille\",\"potentialAction\":[{\"@type\":\"SearchAction\",\"target\":{\"@type\":\"EntryPoint\",\"urlTemplate\":\"https:\/\/www.savon-de-marseille-licorne.com\/?s={search_term_string}\"},\"query-input\":{\"@type\":\"PropertyValueSpecification\",\"valueRequired\":true,\"valueName\":\"search_term_string\"}}],\"inLanguage\":\"en-GB\"}]}<\/script>\n<!-- \/ Yoast SEO plugin. -->","yoast_head_json":{"title":"Savonnerie de la Licorne, Metal box, 9 handmade guest soaps from Marseille","description":"Order our gift box with this metal box, 9 guest Marseille Soaps made in our Cours Julien workshop in Marseille by our Master Soapmaker Serge Bruna.","robots":{"index":"index","follow":"follow","max-snippet":"max-snippet:-1","max-image-preview":"max-image-preview:large","max-video-preview":"max-video-preview:-1"},"canonical":"https:\/\/www.savon-de-marseille-licorne.com\/en\/product\/metal-box-of-9-invited-marseille-soaps\/","og_locale":"en_GB","og_type":"article","og_title":"Savonnerie de la Licorne, Bo\u00eete Jaune la Licorne, 9 Savons de Marseille artisanaux fabriqu\u00e9 \u00e0 Marseille","og_description":"Commandez notre coffret cadeau avec cette Bo\u00eete m\u00e9tal, 9 Savons de Marseille invit\u00e9s fabriqu\u00e9s dans notre atelier du Cours Julien \u00e0 Marseille par notre Ma\u00eetre Savonnier Serge Bruna.","og_url":"https:\/\/www.savon-de-marseille-licorne.com\/en\/product\/metal-box-of-9-invited-marseille-soaps\/","og_site_name":"Savonnerie de la Licorne | Savon de Marseille","article_modified_time":"2026-02-26T14:24:28+00:00","og_image":[{"width":1512,"height":1512,"url":"https:\/\/www.savon-de-marseille-licorne.com\/wp-content\/uploads\/2023\/11\/boite_9_savons_invites.jpg","type":"image\/jpeg"}],"twitter_card":"summary_large_image","twitter_title":"Savonnerie de la Licorne, Bo\u00eete Jaune la Licorne, 9 Savons de Marseille artisanaux fabriqu\u00e9 \u00e0 Marseille","twitter_misc":{"Estimated reading time":"1 minute"},"schema":{"@context":"https:\/\/schema.org","@graph":[{"@type":"WebPage","@id":"https:\/\/www.savon-de-marseille-licorne.com\/product\/boite-metal-9-savons-de-marseille-invites","url":"https:\/\/www.savon-de-marseille-licorne.com\/product\/boite-metal-9-savons-de-marseille-invites","name":"Savonnerie de la Licorne, Metal box, 9 handmade guest soaps from Marseille","isPartOf":{"@id":"https:\/\/www.savon-de-marseille-licorne.com\/#website"},"primaryImageOfPage":{"@id":"https:\/\/www.savon-de-marseille-licorne.com\/product\/boite-metal-9-savons-de-marseille-invites#primaryimage"},"image":{"@id":"https:\/\/www.savon-de-marseille-licorne.com\/product\/boite-metal-9-savons-de-marseille-invites#primaryimage"},"thumbnailUrl":"https:\/\/www.savon-de-marseille-licorne.com\/wp-content\/uploads\/2023\/11\/boite_9_savons_invites.jpg","datePublished":"2023-11-17T09:42:15+00:00","dateModified":"2026-02-26T14:24:28+00:00","description":"Order our gift box with this metal box, 9 guest Marseille Soaps made in our Cours Julien workshop in Marseille by our Master Soapmaker Serge Bruna.","breadcrumb":{"@id":"https:\/\/www.savon-de-marseille-licorne.com\/product\/boite-metal-9-savons-de-marseille-invites#breadcrumb"},"inLanguage":"en-GB","potentialAction":[{"@type":"ReadAction","target":["https:\/\/www.savon-de-marseille-licorne.com\/product\/boite-metal-9-savons-de-marseille-invites"]}]},{"@type":"ImageObject","inLanguage":"en-GB","@id":"https:\/\/www.savon-de-marseille-licorne.com\/product\/boite-metal-9-savons-de-marseille-invites#primaryimage","url":"https:\/\/www.savon-de-marseille-licorne.com\/wp-content\/uploads\/2023\/11\/boite_9_savons_invites.jpg","contentUrl":"https:\/\/www.savon-de-marseille-licorne.com\/wp-content\/uploads\/2023\/11\/boite_9_savons_invites.jpg","width":1512,"height":1512},{"@type":"BreadcrumbList","@id":"https:\/\/www.savon-de-marseille-licorne.com\/product\/boite-metal-9-savons-de-marseille-invites#breadcrumb","itemListElement":[{"@type":"ListItem","position":1,"name":"Accueil","item":"https:\/\/www.savon-de-marseille-licorne.com\/"},{"@type":"ListItem","position":2,"name":"Boutique","item":"https:\/\/www.savon-de-marseille-licorne.com\/boutique-en-ligne-veritable-savon-de-marseille"},{"@type":"ListItem","position":3,"name":"Bo\u00eete m\u00e9tal, 9 Savons de Marseille invit\u00e9s"}]},{"@type":"WebSite","@id":"https:\/\/www.savon-de-marseille-licorne.com\/#website","url":"https:\/\/www.savon-de-marseille-licorne.com\/","name":"Savonnerie de la Licorne | Marseille Soap","description":"Authentic Marseille Soap","potentialAction":[{"@type":"SearchAction","target":{"@type":"EntryPoint","urlTemplate":"https:\/\/www.savon-de-marseille-licorne.com\/?s={search_term_string}"},"query-input":{"@type":"PropertyValueSpecification","valueRequired":true,"valueName":"search_term_string"}}],"inLanguage":"en-GB"}]}},"_links":{"self":[{"href":"https:\/\/www.savon-de-marseille-licorne.com\/en\/wp-json\/wp\/v2\/product\/2082117","targetHints":{"allow":["GET"]}}],"collection":[{"href":"https:\/\/www.savon-de-marseille-licorne.com\/en\/wp-json\/wp\/v2\/product"}],"about":[{"href":"https:\/\/www.savon-de-marseille-licorne.com\/en\/wp-json\/wp\/v2\/types\/product"}],"replies":[{"embeddable":true,"href":"https:\/\/www.savon-de-marseille-licorne.com\/en\/wp-json\/wp\/v2\/comments?post=2082117"}],"wp:featuredmedia":[{"embeddable":true,"href":"https:\/\/www.savon-de-marseille-licorne.com\/en\/wp-json\/wp\/v2\/media\/2082111"}],"wp:attachment":[{"href":"https:\/\/www.savon-de-marseille-licorne.com\/en\/wp-json\/wp\/v2\/media?parent=2082117"}],"wp:term":[{"taxonomy":"product_brand","embeddable":true,"href":"https:\/\/www.savon-de-marseille-licorne.com\/en\/wp-json\/wp\/v2\/product_brand?post=2082117"},{"taxonomy":"product_cat","embeddable":true,"href":"https:\/\/www.savon-de-marseille-licorne.com\/en\/wp-json\/wp\/v2\/product_cat?post=2082117"},{"taxonomy":"product_tag","embeddable":true,"href":"https:\/\/www.savon-de-marseille-licorne.com\/en\/wp-json\/wp\/v2\/product_tag?post=2082117"}],"curies":[{"name":"wp","href":"https:\/\/api.w.org\/{rel}","templated":true}]}}