{"id":9329,"date":"2019-01-20T16:43:31","date_gmt":"2019-01-20T15:43:31","guid":{"rendered":"https:\/\/www.savon-de-marseille-licorne.com\/product\/savon-de-marseille-rectangle"},"modified":"2026-03-04T14:54:56","modified_gmt":"2026-03-04T13:54:56","slug":"genuine-rectangle-marseille-soap-made-in-marseille","status":"publish","type":"product","link":"https:\/\/www.savon-de-marseille-licorne.com\/en\/product\/veritables-savon-de-marseille-rectangle-fabriques-a-marseille","title":{"rendered":"Rectangles Marseille Soaps 100 g"},"content":{"rendered":"<p><strong>Authentic rectangular Marseille soaps made in our Cours Julien workshop in Marseille by our Master Soapmaker Serge Bruna. Choose your favourite fragrance...Lavender Lavandin, Orange Blossom, Honey Rose, Lemon Verbena, Pastis, Honey...<\/strong><\/p>\n<div class=\"processFabrication\">Pierre Bruna was the first soap-maker in the family. Today, Serge Bruna, Master Soap-maker, and his wife Laurence, perpetuate a tradition of artisanal production. They offer you a range of high-quality Marseille soaps of great renown, which are delivered and appreciated all over the world. Our soaps are made from vegetable oils. The raw soap is ground with granite rollers to give it finesse and softness. A mixer is used to add the ingredients that go into our soaps, such as honey, essential oils, lavender seeds and other noble products. Finally, the resulting product is poured into a plodder. The soaps are then stamped by hand or moulded.<\/div>","protected":false},"excerpt":{"rendered":"<p>Authentic Marseille toilet soaps in rectangular format made in our Cours Julien workshop in Marseille<\/p>","protected":false},"featured_media":8872,"comment_status":"closed","ping_status":"closed","template":"","meta":{"_acf_changed":false},"product_brand":[],"product_cat":[75,63],"product_tag":[279,151],"class_list":{"0":"post-9329","1":"product","2":"type-product","3":"status-publish","4":"has-post-thumbnail","6":"product_cat-tous-nos-produits-authentiques-savons-de-marseille","7":"product_cat-les-savons-de-marseille-de-toilette-savonnerie-marseillaise","8":"product_tag-rectangulaire-en","9":"product_tag-veritables-savons-de-marseille","10":"pa_parfum-verveine-citron","11":"pa_parfum-lavande-lavandin","12":"pa_parfum-miel-olive-lavande","13":"pa_parfum-pepins-de-raisin","14":"pa_parfum-neutre","15":"pa_parfum-citronnelle","16":"pa_parfum-amande-douce","17":"pa_parfum-violette","18":"pa_parfum-jasmin","19":"pa_parfum-miel","20":"pa_parfum-propolis-vanille","21":"pa_parfum-rose-miel","22":"pa_parfum-the-vert","23":"pa_parfum-olive","24":"pa_parfum-pastis","25":"pa_parfum-mimosa","26":"pa_parfum-fleur-doranger","27":"pa_parfum-muguet","28":"pa_poids-100-grammes","30":"first","31":"instock","32":"featured","33":"taxable","34":"shipping-taxable","35":"purchasable","36":"product-type-variable","37":"has-default-attributes"},"acf":[],"yoast_head":"<!-- This site is optimized with the Yoast SEO plugin v27.5 - https:\/\/yoast.com\/product\/yoast-seo-wordpress\/ -->\n<title>Savonnerie de la Licorne, v\u00e9ritables Savons de Marseille rectangulaires 100 gr fabriqu\u00e9s \u00e0 Marseille<\/title>\n<meta name=\"description\" content=\"Commandez nos authentiques Savons de Marseille en format rectangulaire fabriqu\u00e9s dans notre atelier du Cours Julien \u00e0 Marseille par notre Ma\u00eetre Savonnier Serge Bruna. Choisissez votre parfum pr\u00e9f\u00e9r\u00e9\u2026Lavande Lavandin, Fleur d&#039;Oranger, Rose Miel, Verveine Citron, Pastis, Miel, Mimosa, Muguet...\" \/>\n<meta name=\"robots\" content=\"index, follow, max-snippet:-1, max-image-preview:large, max-video-preview:-1\" \/>\n<link rel=\"canonical\" href=\"https:\/\/www.savon-de-marseille-licorne.com\/en\/product\/genuine-rectangle-marseille-soap-made-in-marseille\/\" \/>\n<meta property=\"og:locale\" content=\"en_GB\" \/>\n<meta property=\"og:type\" content=\"article\" \/>\n<meta property=\"og:title\" content=\"Savonnerie de la Licorne, v\u00e9ritables Savons de Marseille rectangulaires 100 gr fabriqu\u00e9s \u00e0 Marseille\" \/>\n<meta property=\"og:description\" content=\"Commandez nos authentiques Savons de Marseille en format rectangulaire fabriqu\u00e9s dans notre atelier du Cours Julien \u00e0 Marseille par notre Ma\u00eetre Savonnier Serge Bruna. Choisissez votre parfum pr\u00e9f\u00e9r\u00e9\u2026Lavande Lavandin, Fleur d&#039;Oranger, Rose Miel, Verveine Citron, Pastis, Miel, Mimosa, Muguet...\" \/>\n<meta property=\"og:url\" content=\"https:\/\/www.savon-de-marseille-licorne.com\/en\/product\/genuine-rectangle-marseille-soap-made-in-marseille\/\" \/>\n<meta property=\"og:site_name\" content=\"Savonnerie de la Licorne | Savon de Marseille\" \/>\n<meta property=\"article:modified_time\" content=\"2026-03-04T13:54:56+00:00\" \/>\n<meta property=\"og:image\" content=\"https:\/\/www.savon-de-marseille-licorne.com\/wp-content\/uploads\/2019\/03\/Savonnerie-de-la-licorne-cours-julien-marseille-veritable-savon-de-marseille-savons-rectangles-1.jpg\" \/>\n\t<meta property=\"og:image:width\" content=\"1000\" \/>\n\t<meta property=\"og:image:height\" content=\"665\" \/>\n\t<meta property=\"og:image:type\" content=\"image\/jpeg\" \/>\n<meta name=\"twitter:card\" content=\"summary_large_image\" \/>\n<meta name=\"twitter:title\" content=\"Savonnerie de la Licorne, v\u00e9ritables Savons de Marseille rectangulaires 100 gr fabriqu\u00e9s \u00e0 Marseille\" \/>\n<meta name=\"twitter:label1\" content=\"Estimated reading time\" \/>\n\t<meta name=\"twitter:data1\" content=\"1 minute\" \/>\n<script type=\"application\/ld+json\" class=\"yoast-schema-graph\">{\"@context\":\"https:\\\/\\\/schema.org\",\"@graph\":[{\"@type\":\"WebPage\",\"@id\":\"https:\\\/\\\/www.savon-de-marseille-licorne.com\\\/product\\\/veritables-savon-de-marseille-rectangle-fabriques-a-marseille\",\"url\":\"https:\\\/\\\/www.savon-de-marseille-licorne.com\\\/product\\\/veritables-savon-de-marseille-rectangle-fabriques-a-marseille\",\"name\":\"Savonnerie de la Licorne, v\u00e9ritables Savons de Marseille rectangulaires 100 gr fabriqu\u00e9s \u00e0 Marseille\",\"isPartOf\":{\"@id\":\"https:\\\/\\\/www.savon-de-marseille-licorne.com\\\/#website\"},\"primaryImageOfPage\":{\"@id\":\"https:\\\/\\\/www.savon-de-marseille-licorne.com\\\/product\\\/veritables-savon-de-marseille-rectangle-fabriques-a-marseille#primaryimage\"},\"image\":{\"@id\":\"https:\\\/\\\/www.savon-de-marseille-licorne.com\\\/product\\\/veritables-savon-de-marseille-rectangle-fabriques-a-marseille#primaryimage\"},\"thumbnailUrl\":\"https:\\\/\\\/www.savon-de-marseille-licorne.com\\\/wp-content\\\/uploads\\\/2019\\\/03\\\/Savonnerie-de-la-licorne-cours-julien-marseille-veritable-savon-de-marseille-savons-rectangles-1.jpg\",\"datePublished\":\"2019-01-20T15:43:31+00:00\",\"dateModified\":\"2026-03-04T13:54:56+00:00\",\"description\":\"Commandez nos authentiques Savons de Marseille en format rectangulaire fabriqu\u00e9s dans notre atelier du Cours Julien \u00e0 Marseille par notre Ma\u00eetre Savonnier Serge Bruna. Choisissez votre parfum pr\u00e9f\u00e9r\u00e9\u2026Lavande Lavandin, Fleur d'Oranger, Rose Miel, Verveine Citron, Pastis, Miel, Mimosa, Muguet...\",\"breadcrumb\":{\"@id\":\"https:\\\/\\\/www.savon-de-marseille-licorne.com\\\/product\\\/veritables-savon-de-marseille-rectangle-fabriques-a-marseille#breadcrumb\"},\"inLanguage\":\"en-GB\",\"potentialAction\":[{\"@type\":\"ReadAction\",\"target\":[\"https:\\\/\\\/www.savon-de-marseille-licorne.com\\\/product\\\/veritables-savon-de-marseille-rectangle-fabriques-a-marseille\"]}]},{\"@type\":\"ImageObject\",\"inLanguage\":\"en-GB\",\"@id\":\"https:\\\/\\\/www.savon-de-marseille-licorne.com\\\/product\\\/veritables-savon-de-marseille-rectangle-fabriques-a-marseille#primaryimage\",\"url\":\"https:\\\/\\\/www.savon-de-marseille-licorne.com\\\/wp-content\\\/uploads\\\/2019\\\/03\\\/Savonnerie-de-la-licorne-cours-julien-marseille-veritable-savon-de-marseille-savons-rectangles-1.jpg\",\"contentUrl\":\"https:\\\/\\\/www.savon-de-marseille-licorne.com\\\/wp-content\\\/uploads\\\/2019\\\/03\\\/Savonnerie-de-la-licorne-cours-julien-marseille-veritable-savon-de-marseille-savons-rectangles-1.jpg\",\"width\":1000,\"height\":665},{\"@type\":\"BreadcrumbList\",\"@id\":\"https:\\\/\\\/www.savon-de-marseille-licorne.com\\\/product\\\/veritables-savon-de-marseille-rectangle-fabriques-a-marseille#breadcrumb\",\"itemListElement\":[{\"@type\":\"ListItem\",\"position\":1,\"name\":\"Accueil\",\"item\":\"https:\\\/\\\/www.savon-de-marseille-licorne.com\\\/\"},{\"@type\":\"ListItem\",\"position\":2,\"name\":\"Boutique\",\"item\":\"https:\\\/\\\/www.savon-de-marseille-licorne.com\\\/boutique-en-ligne-veritable-savon-de-marseille\"},{\"@type\":\"ListItem\",\"position\":3,\"name\":\"Savons de Marseille Rectangles 100 g\"}]},{\"@type\":\"WebSite\",\"@id\":\"https:\\\/\\\/www.savon-de-marseille-licorne.com\\\/#website\",\"url\":\"https:\\\/\\\/www.savon-de-marseille-licorne.com\\\/\",\"name\":\"Savonnerie de la Licorne | Savon de Marseille\",\"description\":\"Authentique Savon de Marseille\",\"potentialAction\":[{\"@type\":\"SearchAction\",\"target\":{\"@type\":\"EntryPoint\",\"urlTemplate\":\"https:\\\/\\\/www.savon-de-marseille-licorne.com\\\/?s={search_term_string}\"},\"query-input\":{\"@type\":\"PropertyValueSpecification\",\"valueRequired\":true,\"valueName\":\"search_term_string\"}}],\"inLanguage\":\"en-GB\"}]}<\/script>\n<!-- \/ Yoast SEO plugin. -->","yoast_head_json":{"title":"Savonnerie de la Licorne, genuine Marseille rectangular soaps, 100g, made in Marseille","description":"Order our authentic rectangular Marseille Soaps made in our Cours Julien workshop in Marseille by our Master Soapmaker Serge Bruna. Choose your favourite fragrance...Lavender Lavandin, Orange Blossom, Honey Rose, Lemon Verbena, Pastis, Honey, Mimosa, Lily of the Valley...","robots":{"index":"index","follow":"follow","max-snippet":"max-snippet:-1","max-image-preview":"max-image-preview:large","max-video-preview":"max-video-preview:-1"},"canonical":"https:\/\/www.savon-de-marseille-licorne.com\/en\/product\/genuine-rectangle-marseille-soap-made-in-marseille\/","og_locale":"en_GB","og_type":"article","og_title":"Savonnerie de la Licorne, v\u00e9ritables Savons de Marseille rectangulaires 100 gr fabriqu\u00e9s \u00e0 Marseille","og_description":"Commandez nos authentiques Savons de Marseille en format rectangulaire fabriqu\u00e9s dans notre atelier du Cours Julien \u00e0 Marseille par notre Ma\u00eetre Savonnier Serge Bruna. Choisissez votre parfum pr\u00e9f\u00e9r\u00e9\u2026Lavande Lavandin, Fleur d'Oranger, Rose Miel, Verveine Citron, Pastis, Miel, Mimosa, Muguet...","og_url":"https:\/\/www.savon-de-marseille-licorne.com\/en\/product\/genuine-rectangle-marseille-soap-made-in-marseille\/","og_site_name":"Savonnerie de la Licorne | Savon de Marseille","article_modified_time":"2026-03-04T13:54:56+00:00","og_image":[{"width":1000,"height":665,"url":"https:\/\/www.savon-de-marseille-licorne.com\/wp-content\/uploads\/2019\/03\/Savonnerie-de-la-licorne-cours-julien-marseille-veritable-savon-de-marseille-savons-rectangles-1.jpg","type":"image\/jpeg"}],"twitter_card":"summary_large_image","twitter_title":"Savonnerie de la Licorne, v\u00e9ritables Savons de Marseille rectangulaires 100 gr fabriqu\u00e9s \u00e0 Marseille","twitter_misc":{"Estimated reading time":"1 minute"},"schema":{"@context":"https:\/\/schema.org","@graph":[{"@type":"WebPage","@id":"https:\/\/www.savon-de-marseille-licorne.com\/product\/veritables-savon-de-marseille-rectangle-fabriques-a-marseille","url":"https:\/\/www.savon-de-marseille-licorne.com\/product\/veritables-savon-de-marseille-rectangle-fabriques-a-marseille","name":"Savonnerie de la Licorne, genuine Marseille rectangular soaps, 100g, made in Marseille","isPartOf":{"@id":"https:\/\/www.savon-de-marseille-licorne.com\/#website"},"primaryImageOfPage":{"@id":"https:\/\/www.savon-de-marseille-licorne.com\/product\/veritables-savon-de-marseille-rectangle-fabriques-a-marseille#primaryimage"},"image":{"@id":"https:\/\/www.savon-de-marseille-licorne.com\/product\/veritables-savon-de-marseille-rectangle-fabriques-a-marseille#primaryimage"},"thumbnailUrl":"https:\/\/www.savon-de-marseille-licorne.com\/wp-content\/uploads\/2019\/03\/Savonnerie-de-la-licorne-cours-julien-marseille-veritable-savon-de-marseille-savons-rectangles-1.jpg","datePublished":"2019-01-20T15:43:31+00:00","dateModified":"2026-03-04T13:54:56+00:00","description":"Order our authentic rectangular Marseille Soaps made in our Cours Julien workshop in Marseille by our Master Soapmaker Serge Bruna. Choose your favourite fragrance...Lavender Lavandin, Orange Blossom, Honey Rose, Lemon Verbena, Pastis, Honey, Mimosa, Lily of the Valley...","breadcrumb":{"@id":"https:\/\/www.savon-de-marseille-licorne.com\/product\/veritables-savon-de-marseille-rectangle-fabriques-a-marseille#breadcrumb"},"inLanguage":"en-GB","potentialAction":[{"@type":"ReadAction","target":["https:\/\/www.savon-de-marseille-licorne.com\/product\/veritables-savon-de-marseille-rectangle-fabriques-a-marseille"]}]},{"@type":"ImageObject","inLanguage":"en-GB","@id":"https:\/\/www.savon-de-marseille-licorne.com\/product\/veritables-savon-de-marseille-rectangle-fabriques-a-marseille#primaryimage","url":"https:\/\/www.savon-de-marseille-licorne.com\/wp-content\/uploads\/2019\/03\/Savonnerie-de-la-licorne-cours-julien-marseille-veritable-savon-de-marseille-savons-rectangles-1.jpg","contentUrl":"https:\/\/www.savon-de-marseille-licorne.com\/wp-content\/uploads\/2019\/03\/Savonnerie-de-la-licorne-cours-julien-marseille-veritable-savon-de-marseille-savons-rectangles-1.jpg","width":1000,"height":665},{"@type":"BreadcrumbList","@id":"https:\/\/www.savon-de-marseille-licorne.com\/product\/veritables-savon-de-marseille-rectangle-fabriques-a-marseille#breadcrumb","itemListElement":[{"@type":"ListItem","position":1,"name":"Accueil","item":"https:\/\/www.savon-de-marseille-licorne.com\/"},{"@type":"ListItem","position":2,"name":"Boutique","item":"https:\/\/www.savon-de-marseille-licorne.com\/boutique-en-ligne-veritable-savon-de-marseille"},{"@type":"ListItem","position":3,"name":"Savons de Marseille Rectangles 100 g"}]},{"@type":"WebSite","@id":"https:\/\/www.savon-de-marseille-licorne.com\/#website","url":"https:\/\/www.savon-de-marseille-licorne.com\/","name":"Savonnerie de la Licorne | Marseille Soap","description":"Authentic Marseille Soap","potentialAction":[{"@type":"SearchAction","target":{"@type":"EntryPoint","urlTemplate":"https:\/\/www.savon-de-marseille-licorne.com\/?s={search_term_string}"},"query-input":{"@type":"PropertyValueSpecification","valueRequired":true,"valueName":"search_term_string"}}],"inLanguage":"en-GB"}]}},"_links":{"self":[{"href":"https:\/\/www.savon-de-marseille-licorne.com\/en\/wp-json\/wp\/v2\/product\/9329","targetHints":{"allow":["GET"]}}],"collection":[{"href":"https:\/\/www.savon-de-marseille-licorne.com\/en\/wp-json\/wp\/v2\/product"}],"about":[{"href":"https:\/\/www.savon-de-marseille-licorne.com\/en\/wp-json\/wp\/v2\/types\/product"}],"replies":[{"embeddable":true,"href":"https:\/\/www.savon-de-marseille-licorne.com\/en\/wp-json\/wp\/v2\/comments?post=9329"}],"wp:featuredmedia":[{"embeddable":true,"href":"https:\/\/www.savon-de-marseille-licorne.com\/en\/wp-json\/wp\/v2\/media\/8872"}],"wp:attachment":[{"href":"https:\/\/www.savon-de-marseille-licorne.com\/en\/wp-json\/wp\/v2\/media?parent=9329"}],"wp:term":[{"taxonomy":"product_brand","embeddable":true,"href":"https:\/\/www.savon-de-marseille-licorne.com\/en\/wp-json\/wp\/v2\/product_brand?post=9329"},{"taxonomy":"product_cat","embeddable":true,"href":"https:\/\/www.savon-de-marseille-licorne.com\/en\/wp-json\/wp\/v2\/product_cat?post=9329"},{"taxonomy":"product_tag","embeddable":true,"href":"https:\/\/www.savon-de-marseille-licorne.com\/en\/wp-json\/wp\/v2\/product_tag?post=9329"}],"curies":[{"name":"wp","href":"https:\/\/api.w.org\/{rel}","templated":true}]}}