{"id":9364,"date":"2019-03-28T16:44:04","date_gmt":"2019-03-28T15:44:04","guid":{"rendered":"https:\/\/www.savon-de-marseille-licorne.com\/product\/savon-de-marseille-liquides"},"modified":"2026-03-04T14:32:34","modified_gmt":"2026-03-04T13:32:34","slug":"genuine-liquid-marseille-soaps-made-in-marseille","status":"publish","type":"product","link":"https:\/\/www.savon-de-marseille-licorne.com\/en\/product\/veritables-savon-liquides-de-marseille-fabriques-a-marseille","title":{"rendered":"Liquid Marseille Soaps 200, 500 or 1000 ml"},"content":{"rendered":"<p><strong>Discover our full range of Liquid Marseille Soaps made in our workshop on Cours Julien in Marseille by our Master Soapmaker Serge Bruna. Choose from our range of fragrances in 200, 500 or 1000 ml sizes.<\/strong><\/p>\n<div class=\"processFabrication\">Pierre Bruna was the first soap-maker in the family. Today, Serge Bruna, Master Soap-maker, and his wife Laurence, perpetuate a tradition of artisanal production. They offer you a range of high-quality Marseille soaps of great renown, which are delivered and appreciated all over the world. Our soaps are made from vegetable oils. The raw soap is ground with granite rollers to give it finesse and softness. A mixer is used to add the ingredients that go into our soaps, such as honey, essential oils, lavender seeds and other noble products. Finally, the resulting product is poured into a plodder. The soaps are then stamped by hand or moulded.<\/div>","protected":false},"excerpt":{"rendered":"<p>Authentic Liquid Marseille Soaps made in our Cours Julien workshop in Marseille<\/p>","protected":false},"featured_media":8880,"comment_status":"closed","ping_status":"closed","template":"","meta":{"_acf_changed":false},"product_brand":[],"product_cat":[75,69],"product_tag":[],"class_list":{"0":"post-9364","1":"product","2":"type-product","3":"status-publish","4":"has-post-thumbnail","6":"product_cat-tous-nos-produits-authentiques-savons-de-marseille","7":"product_cat-les-savons-liquides-de-marseille-savonnerie-marseillaise","8":"pa_parfum-olive","9":"pa_parfum-verveine-citron","10":"pa_parfum-miel","11":"pa_parfum-neutre","12":"pa_parfum-tilleul","13":"pa_parfum-lavande","14":"pa_volume-1000ml","15":"pa_volume-500ml","16":"pa_volume-200ml","18":"first","19":"instock","20":"featured","21":"taxable","22":"shipping-taxable","23":"purchasable","24":"product-type-variable","25":"has-default-attributes"},"acf":[],"yoast_head":"<!-- This site is optimized with the Yoast SEO plugin v27.5 - https:\/\/yoast.com\/product\/yoast-seo-wordpress\/ -->\n<title>Savonnerie de la Licorne, v\u00e9ritables Savons Liquides de Marseille 1000ml, 500 ml ou 200 ml, fabriqu\u00e9s \u00e0 Marseille<\/title>\n<meta name=\"description\" content=\"Commandez nos authentiques Savons Liquides de Marseille fabriqu\u00e9s dans notre atelier du Cours Julien \u00e0 Marseille par notre Ma\u00eetre Savonnier Serge Bruna. Choisissez votre format en 1000 ml, 500 ml ou 200 ml, et l&#039;un de nos nombreux parfums...Olive, Teilleul, Verveine, Citron, Neutre...\" \/>\n<meta name=\"robots\" content=\"index, follow, max-snippet:-1, max-image-preview:large, max-video-preview:-1\" \/>\n<link rel=\"canonical\" href=\"https:\/\/www.savon-de-marseille-licorne.com\/en\/product\/genuine-liquid-marseille-soaps-made-in-marseille\/\" \/>\n<meta property=\"og:locale\" content=\"en_GB\" \/>\n<meta property=\"og:type\" content=\"article\" \/>\n<meta property=\"og:title\" content=\"Savonnerie de la Licorne, v\u00e9ritables Savons de Marseille Liquides 1000ml, 500 ml ou 200 ml, fabriqu\u00e9s \u00e0 Marseille\" \/>\n<meta property=\"og:description\" content=\"Commandez nos authentiques Savons Liquides de Marseille fabriqu\u00e9s dans notre atelier du Cours Julien \u00e0 Marseille par notre Ma\u00eetre Savonnier Serge Bruna. Choisissez votre format en 1000 ml, 500 ml ou 200 ml, et l&#039;un de nos nombreux parfums...Olive, Teilleul, Verveine, Citron, Neutre...\" \/>\n<meta property=\"og:url\" content=\"https:\/\/www.savon-de-marseille-licorne.com\/en\/product\/genuine-liquid-marseille-soaps-made-in-marseille\/\" \/>\n<meta property=\"og:site_name\" content=\"Savonnerie de la Licorne | Savon de Marseille\" \/>\n<meta property=\"article:modified_time\" content=\"2026-03-04T13:32:34+00:00\" \/>\n<meta property=\"og:image\" content=\"https:\/\/www.savon-de-marseille-licorne.com\/wp-content\/uploads\/2019\/03\/veritables-savons-de-marseille-savons-liquide-savonnerie-de-la-licorne-marseille-2.jpg\" \/>\n\t<meta property=\"og:image:width\" content=\"1000\" \/>\n\t<meta property=\"og:image:height\" content=\"655\" \/>\n\t<meta property=\"og:image:type\" content=\"image\/jpeg\" \/>\n<meta name=\"twitter:card\" content=\"summary_large_image\" \/>\n<meta name=\"twitter:title\" content=\"Savonnerie de la Licorne, v\u00e9ritables Savons de Marseille Liquides 1000ml, 500 ml ou 200 ml, fabriqu\u00e9s \u00e0 Marseille\" \/>\n<meta name=\"twitter:label1\" content=\"Estimated reading time\" \/>\n\t<meta name=\"twitter:data1\" content=\"1 minute\" \/>\n<script type=\"application\/ld+json\" class=\"yoast-schema-graph\">{\"@context\":\"https:\\\/\\\/schema.org\",\"@graph\":[{\"@type\":\"WebPage\",\"@id\":\"https:\\\/\\\/www.savon-de-marseille-licorne.com\\\/product\\\/veritables-savon-liquides-de-marseille-fabriques-a-marseille\",\"url\":\"https:\\\/\\\/www.savon-de-marseille-licorne.com\\\/product\\\/veritables-savon-liquides-de-marseille-fabriques-a-marseille\",\"name\":\"Savonnerie de la Licorne, v\u00e9ritables Savons Liquides de Marseille 1000ml, 500 ml ou 200 ml, fabriqu\u00e9s \u00e0 Marseille\",\"isPartOf\":{\"@id\":\"https:\\\/\\\/www.savon-de-marseille-licorne.com\\\/#website\"},\"primaryImageOfPage\":{\"@id\":\"https:\\\/\\\/www.savon-de-marseille-licorne.com\\\/product\\\/veritables-savon-liquides-de-marseille-fabriques-a-marseille#primaryimage\"},\"image\":{\"@id\":\"https:\\\/\\\/www.savon-de-marseille-licorne.com\\\/product\\\/veritables-savon-liquides-de-marseille-fabriques-a-marseille#primaryimage\"},\"thumbnailUrl\":\"https:\\\/\\\/www.savon-de-marseille-licorne.com\\\/wp-content\\\/uploads\\\/2019\\\/03\\\/veritables-savons-de-marseille-savons-liquide-savonnerie-de-la-licorne-marseille-2.jpg\",\"datePublished\":\"2019-03-28T15:44:04+00:00\",\"dateModified\":\"2026-03-04T13:32:34+00:00\",\"description\":\"Commandez nos authentiques Savons Liquides de Marseille fabriqu\u00e9s dans notre atelier du Cours Julien \u00e0 Marseille par notre Ma\u00eetre Savonnier Serge Bruna. Choisissez votre format en 1000 ml, 500 ml ou 200 ml, et l'un de nos nombreux parfums...Olive, Teilleul, Verveine, Citron, Neutre...\",\"breadcrumb\":{\"@id\":\"https:\\\/\\\/www.savon-de-marseille-licorne.com\\\/product\\\/veritables-savon-liquides-de-marseille-fabriques-a-marseille#breadcrumb\"},\"inLanguage\":\"en-GB\",\"potentialAction\":[{\"@type\":\"ReadAction\",\"target\":[\"https:\\\/\\\/www.savon-de-marseille-licorne.com\\\/product\\\/veritables-savon-liquides-de-marseille-fabriques-a-marseille\"]}]},{\"@type\":\"ImageObject\",\"inLanguage\":\"en-GB\",\"@id\":\"https:\\\/\\\/www.savon-de-marseille-licorne.com\\\/product\\\/veritables-savon-liquides-de-marseille-fabriques-a-marseille#primaryimage\",\"url\":\"https:\\\/\\\/www.savon-de-marseille-licorne.com\\\/wp-content\\\/uploads\\\/2019\\\/03\\\/veritables-savons-de-marseille-savons-liquide-savonnerie-de-la-licorne-marseille-2.jpg\",\"contentUrl\":\"https:\\\/\\\/www.savon-de-marseille-licorne.com\\\/wp-content\\\/uploads\\\/2019\\\/03\\\/veritables-savons-de-marseille-savons-liquide-savonnerie-de-la-licorne-marseille-2.jpg\",\"width\":1000,\"height\":655},{\"@type\":\"BreadcrumbList\",\"@id\":\"https:\\\/\\\/www.savon-de-marseille-licorne.com\\\/product\\\/veritables-savon-liquides-de-marseille-fabriques-a-marseille#breadcrumb\",\"itemListElement\":[{\"@type\":\"ListItem\",\"position\":1,\"name\":\"Accueil\",\"item\":\"https:\\\/\\\/www.savon-de-marseille-licorne.com\\\/\"},{\"@type\":\"ListItem\",\"position\":2,\"name\":\"Boutique\",\"item\":\"https:\\\/\\\/www.savon-de-marseille-licorne.com\\\/boutique-en-ligne-veritable-savon-de-marseille\"},{\"@type\":\"ListItem\",\"position\":3,\"name\":\"Savons Liquides de Marseille 200, 500 ou 1000 ml\"}]},{\"@type\":\"WebSite\",\"@id\":\"https:\\\/\\\/www.savon-de-marseille-licorne.com\\\/#website\",\"url\":\"https:\\\/\\\/www.savon-de-marseille-licorne.com\\\/\",\"name\":\"Savonnerie de la Licorne | Savon de Marseille\",\"description\":\"Authentique Savon de Marseille\",\"potentialAction\":[{\"@type\":\"SearchAction\",\"target\":{\"@type\":\"EntryPoint\",\"urlTemplate\":\"https:\\\/\\\/www.savon-de-marseille-licorne.com\\\/?s={search_term_string}\"},\"query-input\":{\"@type\":\"PropertyValueSpecification\",\"valueRequired\":true,\"valueName\":\"search_term_string\"}}],\"inLanguage\":\"en-GB\"}]}<\/script>\n<!-- \/ Yoast SEO plugin. -->","yoast_head_json":{"title":"Savonnerie de la Licorne, genuine Liquid Marseille Soaps 1000ml, 500 ml or 200 ml, made in Marseille","description":"Order our authentic Liquid Marseille Soaps made in our Cours Julien workshop in Marseille by our Master Soapmaker Serge Bruna. Choose from 1000 ml, 500 ml or 200 ml, and one of our many fragrances...Olive, Teilleul, Verbena, Lemon, Neutral...","robots":{"index":"index","follow":"follow","max-snippet":"max-snippet:-1","max-image-preview":"max-image-preview:large","max-video-preview":"max-video-preview:-1"},"canonical":"https:\/\/www.savon-de-marseille-licorne.com\/en\/product\/genuine-liquid-marseille-soaps-made-in-marseille\/","og_locale":"en_GB","og_type":"article","og_title":"Savonnerie de la Licorne, v\u00e9ritables Savons de Marseille Liquides 1000ml, 500 ml ou 200 ml, fabriqu\u00e9s \u00e0 Marseille","og_description":"Commandez nos authentiques Savons Liquides de Marseille fabriqu\u00e9s dans notre atelier du Cours Julien \u00e0 Marseille par notre Ma\u00eetre Savonnier Serge Bruna. Choisissez votre format en 1000 ml, 500 ml ou 200 ml, et l'un de nos nombreux parfums...Olive, Teilleul, Verveine, Citron, Neutre...","og_url":"https:\/\/www.savon-de-marseille-licorne.com\/en\/product\/genuine-liquid-marseille-soaps-made-in-marseille\/","og_site_name":"Savonnerie de la Licorne | Savon de Marseille","article_modified_time":"2026-03-04T13:32:34+00:00","og_image":[{"width":1000,"height":655,"url":"https:\/\/www.savon-de-marseille-licorne.com\/wp-content\/uploads\/2019\/03\/veritables-savons-de-marseille-savons-liquide-savonnerie-de-la-licorne-marseille-2.jpg","type":"image\/jpeg"}],"twitter_card":"summary_large_image","twitter_title":"Savonnerie de la Licorne, v\u00e9ritables Savons de Marseille Liquides 1000ml, 500 ml ou 200 ml, fabriqu\u00e9s \u00e0 Marseille","twitter_misc":{"Estimated reading time":"1 minute"},"schema":{"@context":"https:\/\/schema.org","@graph":[{"@type":"WebPage","@id":"https:\/\/www.savon-de-marseille-licorne.com\/product\/veritables-savon-liquides-de-marseille-fabriques-a-marseille","url":"https:\/\/www.savon-de-marseille-licorne.com\/product\/veritables-savon-liquides-de-marseille-fabriques-a-marseille","name":"Savonnerie de la Licorne, genuine Liquid Marseille Soaps 1000ml, 500 ml or 200 ml, made in Marseille","isPartOf":{"@id":"https:\/\/www.savon-de-marseille-licorne.com\/#website"},"primaryImageOfPage":{"@id":"https:\/\/www.savon-de-marseille-licorne.com\/product\/veritables-savon-liquides-de-marseille-fabriques-a-marseille#primaryimage"},"image":{"@id":"https:\/\/www.savon-de-marseille-licorne.com\/product\/veritables-savon-liquides-de-marseille-fabriques-a-marseille#primaryimage"},"thumbnailUrl":"https:\/\/www.savon-de-marseille-licorne.com\/wp-content\/uploads\/2019\/03\/veritables-savons-de-marseille-savons-liquide-savonnerie-de-la-licorne-marseille-2.jpg","datePublished":"2019-03-28T15:44:04+00:00","dateModified":"2026-03-04T13:32:34+00:00","description":"Order our authentic Liquid Marseille Soaps made in our Cours Julien workshop in Marseille by our Master Soapmaker Serge Bruna. Choose from 1000 ml, 500 ml or 200 ml, and one of our many fragrances...Olive, Teilleul, Verbena, Lemon, Neutral...","breadcrumb":{"@id":"https:\/\/www.savon-de-marseille-licorne.com\/product\/veritables-savon-liquides-de-marseille-fabriques-a-marseille#breadcrumb"},"inLanguage":"en-GB","potentialAction":[{"@type":"ReadAction","target":["https:\/\/www.savon-de-marseille-licorne.com\/product\/veritables-savon-liquides-de-marseille-fabriques-a-marseille"]}]},{"@type":"ImageObject","inLanguage":"en-GB","@id":"https:\/\/www.savon-de-marseille-licorne.com\/product\/veritables-savon-liquides-de-marseille-fabriques-a-marseille#primaryimage","url":"https:\/\/www.savon-de-marseille-licorne.com\/wp-content\/uploads\/2019\/03\/veritables-savons-de-marseille-savons-liquide-savonnerie-de-la-licorne-marseille-2.jpg","contentUrl":"https:\/\/www.savon-de-marseille-licorne.com\/wp-content\/uploads\/2019\/03\/veritables-savons-de-marseille-savons-liquide-savonnerie-de-la-licorne-marseille-2.jpg","width":1000,"height":655},{"@type":"BreadcrumbList","@id":"https:\/\/www.savon-de-marseille-licorne.com\/product\/veritables-savon-liquides-de-marseille-fabriques-a-marseille#breadcrumb","itemListElement":[{"@type":"ListItem","position":1,"name":"Accueil","item":"https:\/\/www.savon-de-marseille-licorne.com\/"},{"@type":"ListItem","position":2,"name":"Boutique","item":"https:\/\/www.savon-de-marseille-licorne.com\/boutique-en-ligne-veritable-savon-de-marseille"},{"@type":"ListItem","position":3,"name":"Savons Liquides de Marseille 200, 500 ou 1000 ml"}]},{"@type":"WebSite","@id":"https:\/\/www.savon-de-marseille-licorne.com\/#website","url":"https:\/\/www.savon-de-marseille-licorne.com\/","name":"Savonnerie de la Licorne | Marseille Soap","description":"Authentic Marseille Soap","potentialAction":[{"@type":"SearchAction","target":{"@type":"EntryPoint","urlTemplate":"https:\/\/www.savon-de-marseille-licorne.com\/?s={search_term_string}"},"query-input":{"@type":"PropertyValueSpecification","valueRequired":true,"valueName":"search_term_string"}}],"inLanguage":"en-GB"}]}},"_links":{"self":[{"href":"https:\/\/www.savon-de-marseille-licorne.com\/en\/wp-json\/wp\/v2\/product\/9364","targetHints":{"allow":["GET"]}}],"collection":[{"href":"https:\/\/www.savon-de-marseille-licorne.com\/en\/wp-json\/wp\/v2\/product"}],"about":[{"href":"https:\/\/www.savon-de-marseille-licorne.com\/en\/wp-json\/wp\/v2\/types\/product"}],"replies":[{"embeddable":true,"href":"https:\/\/www.savon-de-marseille-licorne.com\/en\/wp-json\/wp\/v2\/comments?post=9364"}],"wp:featuredmedia":[{"embeddable":true,"href":"https:\/\/www.savon-de-marseille-licorne.com\/en\/wp-json\/wp\/v2\/media\/8880"}],"wp:attachment":[{"href":"https:\/\/www.savon-de-marseille-licorne.com\/en\/wp-json\/wp\/v2\/media?parent=9364"}],"wp:term":[{"taxonomy":"product_brand","embeddable":true,"href":"https:\/\/www.savon-de-marseille-licorne.com\/en\/wp-json\/wp\/v2\/product_brand?post=9364"},{"taxonomy":"product_cat","embeddable":true,"href":"https:\/\/www.savon-de-marseille-licorne.com\/en\/wp-json\/wp\/v2\/product_cat?post=9364"},{"taxonomy":"product_tag","embeddable":true,"href":"https:\/\/www.savon-de-marseille-licorne.com\/en\/wp-json\/wp\/v2\/product_tag?post=9364"}],"curies":[{"name":"wp","href":"https:\/\/api.w.org\/{rel}","templated":true}]}}