{"id":9462,"date":"2019-03-28T16:51:18","date_gmt":"2019-03-28T15:51:18","guid":{"rendered":"https:\/\/www.savon-de-marseille-licorne.com\/product\/plaque-metal-la-licorne"},"modified":"2025-03-21T16:31:29","modified_gmt":"2025-03-21T15:31:29","slug":"metal-plate-the-unicorn","status":"publish","type":"product","link":"https:\/\/www.savon-de-marseille-licorne.com\/en\/product\/plaque-metal-la-licorne","title":{"rendered":"Unicorn Metal Plaque"},"content":{"rendered":"<p><strong>A superb 35x25cm metallic plaque in the colours of the Savonnerie Marseillaise de la Licorne<\/strong><\/p>\n<div class=\"processFabrication\">Pierre Bruna was the first soap-maker in the family. Today, Serge Bruna, Master Soap-maker, and his wife Laurence, perpetuate a tradition of artisanal production. They offer you a range of high-quality Marseille soaps of great renown, which are delivered and appreciated all over the world. Our soaps are made from vegetable oils. The raw soap is ground with granite rollers to give it finesse and softness. A mixer is used to add the ingredients that go into our soaps, such as honey, essential oils, lavender seeds and other noble products. Finally, the resulting product is poured into a plodder. The soaps are then stamped by hand or moulded.<\/div>","protected":false},"excerpt":{"rendered":"<p><strong><span style=\"text-align: left; color: #333333; text-transform: none; text-indent: 0px; letter-spacing: normal; font-family: Georgia,'Times New Roman','Bitstream Charter',Times,serif; font-size: 16px; font-style: normal; font-variant: normal; text-decoration: none; cursor: text; float: none; background-color: transparent;\">Metal plaque Savonnerie de la Licorne <\/span><\/strong><\/p>","protected":false},"featured_media":1453,"comment_status":"closed","ping_status":"closed","template":"","meta":{"_acf_changed":false},"product_brand":[],"product_cat":[75,294],"product_tag":[181,182,183],"class_list":{"0":"post-9462","1":"product","2":"type-product","3":"status-publish","4":"has-post-thumbnail","6":"product_cat-tous-nos-produits-authentiques-savons-de-marseille","7":"product_cat-boites-a-savons-accessoires-idees-cadeau-savons-de-marseille","8":"product_tag-fetes-de-noel","9":"product_tag-saint-valentin","10":"product_tag-anniversaires","12":"first","13":"instock","14":"taxable","15":"shipping-taxable","16":"purchasable","17":"product-type-simple"},"acf":[],"yoast_head":"<!-- This site is optimized with the Yoast SEO plugin v27.5 - https:\/\/yoast.com\/product\/yoast-seo-wordpress\/ -->\n<title>Savonnerie de la Licorne, Bo\u00eetes \u00e0 Savons &amp; Accessoires, Une superbe plaque m\u00e9tallis\u00e9e 35x25cm aux couleurs de la Savonnerie Marseillaise de la Licorne<\/title>\n<meta name=\"description\" content=\"Commandez nos bo\u00eetes \u00e0 Savons &amp; Accessoires originaux de la Savonnerie de la Licorne \u00e0 Marseille avec cette superbe plaque m\u00e9talis\u00e9e 35x25cm aux couleurs de la Savonnerie\" \/>\n<meta name=\"robots\" content=\"index, follow, max-snippet:-1, max-image-preview:large, max-video-preview:-1\" \/>\n<link rel=\"canonical\" href=\"https:\/\/www.savon-de-marseille-licorne.com\/en\/product\/metal-plate-the-unicorn\" \/>\n<meta property=\"og:locale\" content=\"en_GB\" \/>\n<meta property=\"og:type\" content=\"article\" \/>\n<meta property=\"og:title\" content=\"Savonnerie de la Licorne, Bo\u00eetes \u00e0 Savons &amp; Accessoires, Une superbe plaque m\u00e9talis\u00e9e 35x25cm aux couleurs de la Savonnerie Marseillaise de la Licorne\" \/>\n<meta property=\"og:description\" content=\"Commandez nos bo\u00eetes \u00e0 Savons &amp; Accessoires originaux de la Savonnerie de la Licorne \u00e0 Marseille avec cette superbe plaque m\u00e9talis\u00e9e 35x25cm aux couleurs de la Savonnerie\" \/>\n<meta property=\"og:url\" content=\"https:\/\/www.savon-de-marseille-licorne.com\/en\/product\/metal-plate-the-unicorn\" \/>\n<meta property=\"og:site_name\" content=\"Savonnerie de la Licorne | Savon de Marseille\" \/>\n<meta property=\"article:modified_time\" content=\"2025-03-21T15:31:29+00:00\" \/>\n<meta property=\"og:image\" content=\"https:\/\/www.savon-de-marseille-licorne.com\/wp-content\/uploads\/2016\/05\/707-La-licorne-plaque-metal.jpg\" \/>\n\t<meta property=\"og:image:width\" content=\"1000\" \/>\n\t<meta property=\"og:image:height\" content=\"1500\" \/>\n\t<meta property=\"og:image:type\" content=\"image\/jpeg\" \/>\n<meta name=\"twitter:card\" content=\"summary_large_image\" \/>\n<meta name=\"twitter:title\" content=\"Savonnerie de la Licorne, Bo\u00eetes \u00e0 Savons &amp; Accessoires, Une superbe plaque m\u00e9talis\u00e9e 35x25cm aux couleurs de la Savonnerie Marseillaise de la Licorne\" \/>\n<meta name=\"twitter:label1\" content=\"Estimated reading time\" \/>\n\t<meta name=\"twitter:data1\" content=\"1 minute\" \/>\n<script type=\"application\/ld+json\" class=\"yoast-schema-graph\">{\"@context\":\"https:\\\/\\\/schema.org\",\"@graph\":[{\"@type\":\"WebPage\",\"@id\":\"https:\\\/\\\/www.savon-de-marseille-licorne.com\\\/en\\\/product\\\/metal-plate-the-unicorn\",\"url\":\"https:\\\/\\\/www.savon-de-marseille-licorne.com\\\/en\\\/product\\\/metal-plate-the-unicorn\",\"name\":\"Savonnerie de la Licorne, Bo\u00eetes \u00e0 Savons & Accessoires, Une superbe plaque m\u00e9tallis\u00e9e 35x25cm aux couleurs de la Savonnerie Marseillaise de la Licorne\",\"isPartOf\":{\"@id\":\"https:\\\/\\\/www.savon-de-marseille-licorne.com\\\/#website\"},\"primaryImageOfPage\":{\"@id\":\"https:\\\/\\\/www.savon-de-marseille-licorne.com\\\/en\\\/product\\\/metal-plate-the-unicorn#primaryimage\"},\"image\":{\"@id\":\"https:\\\/\\\/www.savon-de-marseille-licorne.com\\\/en\\\/product\\\/metal-plate-the-unicorn#primaryimage\"},\"thumbnailUrl\":\"https:\\\/\\\/www.savon-de-marseille-licorne.com\\\/wp-content\\\/uploads\\\/2016\\\/05\\\/707-La-licorne-plaque-metal.jpg\",\"datePublished\":\"2019-03-28T15:51:18+00:00\",\"dateModified\":\"2025-03-21T15:31:29+00:00\",\"description\":\"Commandez nos bo\u00eetes \u00e0 Savons & Accessoires originaux de la Savonnerie de la Licorne \u00e0 Marseille avec cette superbe plaque m\u00e9talis\u00e9e 35x25cm aux couleurs de la Savonnerie\",\"breadcrumb\":{\"@id\":\"https:\\\/\\\/www.savon-de-marseille-licorne.com\\\/en\\\/product\\\/metal-plate-the-unicorn#breadcrumb\"},\"inLanguage\":\"en-GB\",\"potentialAction\":[{\"@type\":\"ReadAction\",\"target\":[\"https:\\\/\\\/www.savon-de-marseille-licorne.com\\\/en\\\/product\\\/metal-plate-the-unicorn\"]}]},{\"@type\":\"ImageObject\",\"inLanguage\":\"en-GB\",\"@id\":\"https:\\\/\\\/www.savon-de-marseille-licorne.com\\\/en\\\/product\\\/metal-plate-the-unicorn#primaryimage\",\"url\":\"https:\\\/\\\/www.savon-de-marseille-licorne.com\\\/wp-content\\\/uploads\\\/2016\\\/05\\\/707-La-licorne-plaque-metal.jpg\",\"contentUrl\":\"https:\\\/\\\/www.savon-de-marseille-licorne.com\\\/wp-content\\\/uploads\\\/2016\\\/05\\\/707-La-licorne-plaque-metal.jpg\",\"width\":1000,\"height\":1500,\"caption\":\"La licorne plaque m\u00e9tal\"},{\"@type\":\"BreadcrumbList\",\"@id\":\"https:\\\/\\\/www.savon-de-marseille-licorne.com\\\/en\\\/product\\\/metal-plate-the-unicorn#breadcrumb\",\"itemListElement\":[{\"@type\":\"ListItem\",\"position\":1,\"name\":\"Accueil\",\"item\":\"https:\\\/\\\/www.savon-de-marseille-licorne.com\\\/\"},{\"@type\":\"ListItem\",\"position\":2,\"name\":\"Boutique\",\"item\":\"https:\\\/\\\/www.savon-de-marseille-licorne.com\\\/boutique-en-ligne-veritable-savon-de-marseille\"},{\"@type\":\"ListItem\",\"position\":3,\"name\":\"Plaque M\u00e9tal La Licorne\"}]},{\"@type\":\"WebSite\",\"@id\":\"https:\\\/\\\/www.savon-de-marseille-licorne.com\\\/#website\",\"url\":\"https:\\\/\\\/www.savon-de-marseille-licorne.com\\\/\",\"name\":\"Savonnerie de la Licorne | Savon de Marseille\",\"description\":\"Authentique Savon de Marseille\",\"potentialAction\":[{\"@type\":\"SearchAction\",\"target\":{\"@type\":\"EntryPoint\",\"urlTemplate\":\"https:\\\/\\\/www.savon-de-marseille-licorne.com\\\/?s={search_term_string}\"},\"query-input\":{\"@type\":\"PropertyValueSpecification\",\"valueRequired\":true,\"valueName\":\"search_term_string\"}}],\"inLanguage\":\"en-GB\"}]}<\/script>\n<!-- \/ Yoast SEO plugin. -->","yoast_head_json":{"title":"Savonnerie de la Licorne, Soap boxes &amp; Accessories, A superb 35x25cm metallic plaque in the colours of the Savonnerie Marseillaise de la Licorne","description":"Order our original Soap Boxes &amp; Accessories from the Savonnerie de la Licorne in Marseille with this superb 35x25cm metal plaque in the colours of the Savonnerie.","robots":{"index":"index","follow":"follow","max-snippet":"max-snippet:-1","max-image-preview":"max-image-preview:large","max-video-preview":"max-video-preview:-1"},"canonical":"https:\/\/www.savon-de-marseille-licorne.com\/en\/product\/metal-plate-the-unicorn","og_locale":"en_GB","og_type":"article","og_title":"Savonnerie de la Licorne, Bo\u00eetes \u00e0 Savons & Accessoires, Une superbe plaque m\u00e9talis\u00e9e 35x25cm aux couleurs de la Savonnerie Marseillaise de la Licorne","og_description":"Commandez nos bo\u00eetes \u00e0 Savons & Accessoires originaux de la Savonnerie de la Licorne \u00e0 Marseille avec cette superbe plaque m\u00e9talis\u00e9e 35x25cm aux couleurs de la Savonnerie","og_url":"https:\/\/www.savon-de-marseille-licorne.com\/en\/product\/metal-plate-the-unicorn","og_site_name":"Savonnerie de la Licorne | Savon de Marseille","article_modified_time":"2025-03-21T15:31:29+00:00","og_image":[{"width":1000,"height":1500,"url":"https:\/\/www.savon-de-marseille-licorne.com\/wp-content\/uploads\/2016\/05\/707-La-licorne-plaque-metal.jpg","type":"image\/jpeg"}],"twitter_card":"summary_large_image","twitter_title":"Savonnerie de la Licorne, Bo\u00eetes \u00e0 Savons & Accessoires, Une superbe plaque m\u00e9talis\u00e9e 35x25cm aux couleurs de la Savonnerie Marseillaise de la Licorne","twitter_misc":{"Estimated reading time":"1 minute"},"schema":{"@context":"https:\/\/schema.org","@graph":[{"@type":"WebPage","@id":"https:\/\/www.savon-de-marseille-licorne.com\/en\/product\/metal-plate-the-unicorn","url":"https:\/\/www.savon-de-marseille-licorne.com\/en\/product\/metal-plate-the-unicorn","name":"Savonnerie de la Licorne, Soap boxes &amp; Accessories, A superb 35x25cm metallic plaque in the colours of the Savonnerie Marseillaise de la Licorne","isPartOf":{"@id":"https:\/\/www.savon-de-marseille-licorne.com\/#website"},"primaryImageOfPage":{"@id":"https:\/\/www.savon-de-marseille-licorne.com\/en\/product\/metal-plate-the-unicorn#primaryimage"},"image":{"@id":"https:\/\/www.savon-de-marseille-licorne.com\/en\/product\/metal-plate-the-unicorn#primaryimage"},"thumbnailUrl":"https:\/\/www.savon-de-marseille-licorne.com\/wp-content\/uploads\/2016\/05\/707-La-licorne-plaque-metal.jpg","datePublished":"2019-03-28T15:51:18+00:00","dateModified":"2025-03-21T15:31:29+00:00","description":"Order our original Soap Boxes &amp; Accessories from the Savonnerie de la Licorne in Marseille with this superb 35x25cm metal plaque in the colours of the Savonnerie.","breadcrumb":{"@id":"https:\/\/www.savon-de-marseille-licorne.com\/en\/product\/metal-plate-the-unicorn#breadcrumb"},"inLanguage":"en-GB","potentialAction":[{"@type":"ReadAction","target":["https:\/\/www.savon-de-marseille-licorne.com\/en\/product\/metal-plate-the-unicorn"]}]},{"@type":"ImageObject","inLanguage":"en-GB","@id":"https:\/\/www.savon-de-marseille-licorne.com\/en\/product\/metal-plate-the-unicorn#primaryimage","url":"https:\/\/www.savon-de-marseille-licorne.com\/wp-content\/uploads\/2016\/05\/707-La-licorne-plaque-metal.jpg","contentUrl":"https:\/\/www.savon-de-marseille-licorne.com\/wp-content\/uploads\/2016\/05\/707-La-licorne-plaque-metal.jpg","width":1000,"height":1500,"caption":"La licorne plaque m\u00e9tal"},{"@type":"BreadcrumbList","@id":"https:\/\/www.savon-de-marseille-licorne.com\/en\/product\/metal-plate-the-unicorn#breadcrumb","itemListElement":[{"@type":"ListItem","position":1,"name":"Accueil","item":"https:\/\/www.savon-de-marseille-licorne.com\/"},{"@type":"ListItem","position":2,"name":"Boutique","item":"https:\/\/www.savon-de-marseille-licorne.com\/boutique-en-ligne-veritable-savon-de-marseille"},{"@type":"ListItem","position":3,"name":"Plaque M\u00e9tal La Licorne"}]},{"@type":"WebSite","@id":"https:\/\/www.savon-de-marseille-licorne.com\/#website","url":"https:\/\/www.savon-de-marseille-licorne.com\/","name":"Savonnerie de la Licorne | Marseille Soap","description":"Authentic Marseille Soap","potentialAction":[{"@type":"SearchAction","target":{"@type":"EntryPoint","urlTemplate":"https:\/\/www.savon-de-marseille-licorne.com\/?s={search_term_string}"},"query-input":{"@type":"PropertyValueSpecification","valueRequired":true,"valueName":"search_term_string"}}],"inLanguage":"en-GB"}]}},"_links":{"self":[{"href":"https:\/\/www.savon-de-marseille-licorne.com\/en\/wp-json\/wp\/v2\/product\/9462","targetHints":{"allow":["GET"]}}],"collection":[{"href":"https:\/\/www.savon-de-marseille-licorne.com\/en\/wp-json\/wp\/v2\/product"}],"about":[{"href":"https:\/\/www.savon-de-marseille-licorne.com\/en\/wp-json\/wp\/v2\/types\/product"}],"replies":[{"embeddable":true,"href":"https:\/\/www.savon-de-marseille-licorne.com\/en\/wp-json\/wp\/v2\/comments?post=9462"}],"wp:featuredmedia":[{"embeddable":true,"href":"https:\/\/www.savon-de-marseille-licorne.com\/en\/wp-json\/wp\/v2\/media\/1453"}],"wp:attachment":[{"href":"https:\/\/www.savon-de-marseille-licorne.com\/en\/wp-json\/wp\/v2\/media?parent=9462"}],"wp:term":[{"taxonomy":"product_brand","embeddable":true,"href":"https:\/\/www.savon-de-marseille-licorne.com\/en\/wp-json\/wp\/v2\/product_brand?post=9462"},{"taxonomy":"product_cat","embeddable":true,"href":"https:\/\/www.savon-de-marseille-licorne.com\/en\/wp-json\/wp\/v2\/product_cat?post=9462"},{"taxonomy":"product_tag","embeddable":true,"href":"https:\/\/www.savon-de-marseille-licorne.com\/en\/wp-json\/wp\/v2\/product_tag?post=9462"}],"curies":[{"name":"wp","href":"https:\/\/api.w.org\/{rel}","templated":true}]}}