{"id":9470,"date":"2019-03-28T16:51:27","date_gmt":"2019-03-28T15:51:27","guid":{"rendered":"https:\/\/www.savon-de-marseille-licorne.com\/product\/eponge-naturelle"},"modified":"2025-03-25T15:58:07","modified_gmt":"2025-03-25T14:58:07","slug":"natural-sponge-2","status":"publish","type":"product","link":"https:\/\/www.savon-de-marseille-licorne.com\/en\/product\/eponge-naturelle","title":{"rendered":"Natural sponges"},"content":{"rendered":"<p><strong>With a really good soap, you need a natural sponge from the Mediterranean Sea that's completely biodegradable, pleasant, soft and absorbent. It's ideal for washing the whole body.<\/strong><\/p>\n<div class=\"processFabrication\">Pierre Bruna was the first soap-maker in the family. Today, Serge Bruna, Master Soap-maker, and his wife Laurence, perpetuate a tradition of artisanal production. They offer you a range of high-quality Marseille soaps of great renown, which are delivered and appreciated all over the world. Our soaps are made from vegetable oils. The raw soap is ground with granite rollers to give it finesse and softness. A mixer is used to add the ingredients that go into our soaps, such as honey, essential oils, lavender seeds and other noble products. Finally, the resulting product is poured into a plodder. The soaps are then stamped by hand or moulded.<\/div>","protected":false},"excerpt":{"rendered":"<p><strong><span style=\"text-align: left; color: #333333; text-transform: none; text-indent: 0px; letter-spacing: normal; font-family: Georgia,'Times New Roman','Bitstream Charter',Times,serif; font-size: 16px; font-style: normal; font-variant: normal; text-decoration: none; cursor: text; float: none; background-color: transparent;\">With a really good soap, you need a natural sponge from the Mediterranean Sea that's completely biodegradable, pleasant, soft and absorbent. It's ideal for washing the whole body.<\/span><\/strong><\/p>","protected":false},"featured_media":2074188,"comment_status":"closed","ping_status":"closed","template":"","meta":{"_acf_changed":false},"product_brand":[],"product_cat":[350,75],"product_tag":[181,182,183],"class_list":{"0":"post-9470","1":"product","2":"type-product","3":"status-publish","4":"has-post-thumbnail","6":"product_cat-soins-du-corps-et-bien-etre","7":"product_cat-tous-nos-produits-authentiques-savons-de-marseille","8":"product_tag-fetes-de-noel","9":"product_tag-saint-valentin","10":"product_tag-anniversaires","12":"first","13":"instock","14":"taxable","15":"shipping-taxable","16":"purchasable","17":"product-type-variable"},"acf":[],"yoast_head":"<!-- This site is optimized with the Yoast SEO plugin v27.5 - https:\/\/yoast.com\/product\/yoast-seo-wordpress\/ -->\n<title>Savonnerie de la Licorne, Bo\u00eetes \u00e0 Savons &amp; Accessoires, \u00e9ponge naturelle de la mer M\u00e9diterran\u00e9e<\/title>\n<meta name=\"description\" content=\"Commandez nos bo\u00eetes \u00e0 Savons &amp; Accessoires originaux de la Savonnerie de la Licorne \u00e0 Marseille avec cette \u00e9ponge naturelle de la mer M\u00e9diterran\u00e9e\" \/>\n<meta name=\"robots\" content=\"index, follow, max-snippet:-1, max-image-preview:large, max-video-preview:-1\" \/>\n<link rel=\"canonical\" href=\"https:\/\/www.savon-de-marseille-licorne.com\/en\/product\/natural-sponge-2\/\" \/>\n<meta property=\"og:locale\" content=\"en_GB\" \/>\n<meta property=\"og:type\" content=\"article\" \/>\n<meta property=\"og:title\" content=\"Savonnerie de la Licorne, Bo\u00eetes \u00e0 Savons &amp; Accessoires, \u00e9ponge naturelle de la mer M\u00e9diterran\u00e9e\" \/>\n<meta property=\"og:description\" content=\"Commandez nos bo\u00eetes \u00e0 Savons &amp; Accessoires originaux de la Savonnerie de la Licorne \u00e0 Marseille avec cette \u00e9ponge naturelle de la mer M\u00e9diterran\u00e9e\" \/>\n<meta property=\"og:url\" content=\"https:\/\/www.savon-de-marseille-licorne.com\/en\/product\/natural-sponge-2\/\" \/>\n<meta property=\"og:site_name\" content=\"Savonnerie de la Licorne | Savon de Marseille\" \/>\n<meta property=\"article:modified_time\" content=\"2025-03-25T14:58:07+00:00\" \/>\n<meta property=\"og:image\" content=\"https:\/\/www.savon-de-marseille-licorne.com\/wp-content\/uploads\/2019\/03\/eponge-naturelle-mer-licorne-scaled.jpg\" \/>\n\t<meta property=\"og:image:width\" content=\"2560\" \/>\n\t<meta property=\"og:image:height\" content=\"2560\" \/>\n\t<meta property=\"og:image:type\" content=\"image\/jpeg\" \/>\n<meta name=\"twitter:card\" content=\"summary_large_image\" \/>\n<meta name=\"twitter:title\" content=\"Savonnerie de la Licorne, Bo\u00eetes \u00e0 Savons &amp; Accessoires, \u00e9ponge naturelle de la mer M\u00e9diterran\u00e9e\" \/>\n<meta name=\"twitter:label1\" content=\"Estimated reading time\" \/>\n\t<meta name=\"twitter:data1\" content=\"1 minute\" \/>\n<script type=\"application\/ld+json\" class=\"yoast-schema-graph\">{\"@context\":\"https:\\\/\\\/schema.org\",\"@graph\":[{\"@type\":\"WebPage\",\"@id\":\"https:\\\/\\\/www.savon-de-marseille-licorne.com\\\/product\\\/eponge-naturelle\",\"url\":\"https:\\\/\\\/www.savon-de-marseille-licorne.com\\\/product\\\/eponge-naturelle\",\"name\":\"Savonnerie de la Licorne, Bo\u00eetes \u00e0 Savons & Accessoires, \u00e9ponge naturelle de la mer M\u00e9diterran\u00e9e\",\"isPartOf\":{\"@id\":\"https:\\\/\\\/www.savon-de-marseille-licorne.com\\\/#website\"},\"primaryImageOfPage\":{\"@id\":\"https:\\\/\\\/www.savon-de-marseille-licorne.com\\\/product\\\/eponge-naturelle#primaryimage\"},\"image\":{\"@id\":\"https:\\\/\\\/www.savon-de-marseille-licorne.com\\\/product\\\/eponge-naturelle#primaryimage\"},\"thumbnailUrl\":\"https:\\\/\\\/www.savon-de-marseille-licorne.com\\\/wp-content\\\/uploads\\\/2019\\\/03\\\/eponge-naturelle-mer-licorne-scaled.jpg\",\"datePublished\":\"2019-03-28T15:51:27+00:00\",\"dateModified\":\"2025-03-25T14:58:07+00:00\",\"description\":\"Commandez nos bo\u00eetes \u00e0 Savons & Accessoires originaux de la Savonnerie de la Licorne \u00e0 Marseille avec cette \u00e9ponge naturelle de la mer M\u00e9diterran\u00e9e\",\"breadcrumb\":{\"@id\":\"https:\\\/\\\/www.savon-de-marseille-licorne.com\\\/product\\\/eponge-naturelle#breadcrumb\"},\"inLanguage\":\"en-GB\",\"potentialAction\":[{\"@type\":\"ReadAction\",\"target\":[\"https:\\\/\\\/www.savon-de-marseille-licorne.com\\\/product\\\/eponge-naturelle\"]}]},{\"@type\":\"ImageObject\",\"inLanguage\":\"en-GB\",\"@id\":\"https:\\\/\\\/www.savon-de-marseille-licorne.com\\\/product\\\/eponge-naturelle#primaryimage\",\"url\":\"https:\\\/\\\/www.savon-de-marseille-licorne.com\\\/wp-content\\\/uploads\\\/2019\\\/03\\\/eponge-naturelle-mer-licorne-scaled.jpg\",\"contentUrl\":\"https:\\\/\\\/www.savon-de-marseille-licorne.com\\\/wp-content\\\/uploads\\\/2019\\\/03\\\/eponge-naturelle-mer-licorne-scaled.jpg\",\"width\":2560,\"height\":2560,\"caption\":\"\u00e9ponges naturelles\"},{\"@type\":\"BreadcrumbList\",\"@id\":\"https:\\\/\\\/www.savon-de-marseille-licorne.com\\\/product\\\/eponge-naturelle#breadcrumb\",\"itemListElement\":[{\"@type\":\"ListItem\",\"position\":1,\"name\":\"Accueil\",\"item\":\"https:\\\/\\\/www.savon-de-marseille-licorne.com\\\/\"},{\"@type\":\"ListItem\",\"position\":2,\"name\":\"Boutique\",\"item\":\"https:\\\/\\\/www.savon-de-marseille-licorne.com\\\/boutique-en-ligne-veritable-savon-de-marseille\"},{\"@type\":\"ListItem\",\"position\":3,\"name\":\"\u00c9ponges naturelles\"}]},{\"@type\":\"WebSite\",\"@id\":\"https:\\\/\\\/www.savon-de-marseille-licorne.com\\\/#website\",\"url\":\"https:\\\/\\\/www.savon-de-marseille-licorne.com\\\/\",\"name\":\"Savonnerie de la Licorne | Savon de Marseille\",\"description\":\"Authentique Savon de Marseille\",\"potentialAction\":[{\"@type\":\"SearchAction\",\"target\":{\"@type\":\"EntryPoint\",\"urlTemplate\":\"https:\\\/\\\/www.savon-de-marseille-licorne.com\\\/?s={search_term_string}\"},\"query-input\":{\"@type\":\"PropertyValueSpecification\",\"valueRequired\":true,\"valueName\":\"search_term_string\"}}],\"inLanguage\":\"en-GB\"}]}<\/script>\n<!-- \/ Yoast SEO plugin. -->","yoast_head_json":{"title":"Savonnerie de la Licorne, Soap Boxes &amp; Accessories, natural sponge from the Mediterranean Sea","description":"Order our original Soap Boxes &amp; Accessories from the Savonnerie de la Licorne in Marseille with this natural sponge from the Mediterranean Sea","robots":{"index":"index","follow":"follow","max-snippet":"max-snippet:-1","max-image-preview":"max-image-preview:large","max-video-preview":"max-video-preview:-1"},"canonical":"https:\/\/www.savon-de-marseille-licorne.com\/en\/product\/natural-sponge-2\/","og_locale":"en_GB","og_type":"article","og_title":"Savonnerie de la Licorne, Bo\u00eetes \u00e0 Savons & Accessoires, \u00e9ponge naturelle de la mer M\u00e9diterran\u00e9e","og_description":"Commandez nos bo\u00eetes \u00e0 Savons & Accessoires originaux de la Savonnerie de la Licorne \u00e0 Marseille avec cette \u00e9ponge naturelle de la mer M\u00e9diterran\u00e9e","og_url":"https:\/\/www.savon-de-marseille-licorne.com\/en\/product\/natural-sponge-2\/","og_site_name":"Savonnerie de la Licorne | Savon de Marseille","article_modified_time":"2025-03-25T14:58:07+00:00","og_image":[{"width":2560,"height":2560,"url":"https:\/\/www.savon-de-marseille-licorne.com\/wp-content\/uploads\/2019\/03\/eponge-naturelle-mer-licorne-scaled.jpg","type":"image\/jpeg"}],"twitter_card":"summary_large_image","twitter_title":"Savonnerie de la Licorne, Bo\u00eetes \u00e0 Savons & Accessoires, \u00e9ponge naturelle de la mer M\u00e9diterran\u00e9e","twitter_misc":{"Estimated reading time":"1 minute"},"schema":{"@context":"https:\/\/schema.org","@graph":[{"@type":"WebPage","@id":"https:\/\/www.savon-de-marseille-licorne.com\/product\/eponge-naturelle","url":"https:\/\/www.savon-de-marseille-licorne.com\/product\/eponge-naturelle","name":"Savonnerie de la Licorne, Soap Boxes &amp; Accessories, natural sponge from the Mediterranean Sea","isPartOf":{"@id":"https:\/\/www.savon-de-marseille-licorne.com\/#website"},"primaryImageOfPage":{"@id":"https:\/\/www.savon-de-marseille-licorne.com\/product\/eponge-naturelle#primaryimage"},"image":{"@id":"https:\/\/www.savon-de-marseille-licorne.com\/product\/eponge-naturelle#primaryimage"},"thumbnailUrl":"https:\/\/www.savon-de-marseille-licorne.com\/wp-content\/uploads\/2019\/03\/eponge-naturelle-mer-licorne-scaled.jpg","datePublished":"2019-03-28T15:51:27+00:00","dateModified":"2025-03-25T14:58:07+00:00","description":"Order our original Soap Boxes &amp; Accessories from the Savonnerie de la Licorne in Marseille with this natural sponge from the Mediterranean Sea","breadcrumb":{"@id":"https:\/\/www.savon-de-marseille-licorne.com\/product\/eponge-naturelle#breadcrumb"},"inLanguage":"en-GB","potentialAction":[{"@type":"ReadAction","target":["https:\/\/www.savon-de-marseille-licorne.com\/product\/eponge-naturelle"]}]},{"@type":"ImageObject","inLanguage":"en-GB","@id":"https:\/\/www.savon-de-marseille-licorne.com\/product\/eponge-naturelle#primaryimage","url":"https:\/\/www.savon-de-marseille-licorne.com\/wp-content\/uploads\/2019\/03\/eponge-naturelle-mer-licorne-scaled.jpg","contentUrl":"https:\/\/www.savon-de-marseille-licorne.com\/wp-content\/uploads\/2019\/03\/eponge-naturelle-mer-licorne-scaled.jpg","width":2560,"height":2560,"caption":"\u00e9ponges naturelles"},{"@type":"BreadcrumbList","@id":"https:\/\/www.savon-de-marseille-licorne.com\/product\/eponge-naturelle#breadcrumb","itemListElement":[{"@type":"ListItem","position":1,"name":"Accueil","item":"https:\/\/www.savon-de-marseille-licorne.com\/"},{"@type":"ListItem","position":2,"name":"Boutique","item":"https:\/\/www.savon-de-marseille-licorne.com\/boutique-en-ligne-veritable-savon-de-marseille"},{"@type":"ListItem","position":3,"name":"\u00c9ponges naturelles"}]},{"@type":"WebSite","@id":"https:\/\/www.savon-de-marseille-licorne.com\/#website","url":"https:\/\/www.savon-de-marseille-licorne.com\/","name":"Savonnerie de la Licorne | Marseille Soap","description":"Authentic Marseille Soap","potentialAction":[{"@type":"SearchAction","target":{"@type":"EntryPoint","urlTemplate":"https:\/\/www.savon-de-marseille-licorne.com\/?s={search_term_string}"},"query-input":{"@type":"PropertyValueSpecification","valueRequired":true,"valueName":"search_term_string"}}],"inLanguage":"en-GB"}]}},"_links":{"self":[{"href":"https:\/\/www.savon-de-marseille-licorne.com\/en\/wp-json\/wp\/v2\/product\/9470","targetHints":{"allow":["GET"]}}],"collection":[{"href":"https:\/\/www.savon-de-marseille-licorne.com\/en\/wp-json\/wp\/v2\/product"}],"about":[{"href":"https:\/\/www.savon-de-marseille-licorne.com\/en\/wp-json\/wp\/v2\/types\/product"}],"replies":[{"embeddable":true,"href":"https:\/\/www.savon-de-marseille-licorne.com\/en\/wp-json\/wp\/v2\/comments?post=9470"}],"wp:featuredmedia":[{"embeddable":true,"href":"https:\/\/www.savon-de-marseille-licorne.com\/en\/wp-json\/wp\/v2\/media\/2074188"}],"wp:attachment":[{"href":"https:\/\/www.savon-de-marseille-licorne.com\/en\/wp-json\/wp\/v2\/media?parent=9470"}],"wp:term":[{"taxonomy":"product_brand","embeddable":true,"href":"https:\/\/www.savon-de-marseille-licorne.com\/en\/wp-json\/wp\/v2\/product_brand?post=9470"},{"taxonomy":"product_cat","embeddable":true,"href":"https:\/\/www.savon-de-marseille-licorne.com\/en\/wp-json\/wp\/v2\/product_cat?post=9470"},{"taxonomy":"product_tag","embeddable":true,"href":"https:\/\/www.savon-de-marseille-licorne.com\/en\/wp-json\/wp\/v2\/product_tag?post=9470"}],"curies":[{"name":"wp","href":"https:\/\/api.w.org\/{rel}","templated":true}]}}