{"id":9472,"date":"2019-03-28T16:51:27","date_gmt":"2019-03-28T15:51:27","guid":{"rendered":"https:\/\/www.savon-de-marseille-licorne.com\/product\/savon-de-marseille-detachant-100-gr"},"modified":"2026-03-03T17:43:15","modified_gmt":"2026-03-03T16:43:15","slug":"stain-remover-marseille-soap-100-gr","status":"publish","type":"product","link":"https:\/\/www.savon-de-marseille-licorne.com\/en\/product\/savon-de-marseille-detachant-100-gr","title":{"rendered":"Terre de Sommi\u00e8res stain-removing Marseille soap 100 g"},"content":{"rendered":"<p><strong>100g stain-removing soap with Sommi\u00e8res earth. Soaps made in our Cours Julien workshop in Marseille by our Master Soapmaker Serge Bruna.<\/strong><\/p>\n<p><strong>Terre de Sommi\u00e8res is a natural clay with strong stain-removing properties.<\/strong><\/p>\n<p><strong>Directions for use: rub the stain with the dry or barely wet soap and leave for at least 2 hours before washing.<\/strong><\/p>\n<div class=\"processFabrication\">Pierre Bruna was the first soap-maker in the family. Today, Serge Bruna, Master Soap-maker, and his wife Laurence, perpetuate a tradition of artisanal production. They offer you a range of high-quality Marseille soaps of great renown, which are delivered and appreciated all over the world. Our soaps are made from vegetable oils. The raw soap is ground with granite rollers to give it finesse and softness. A mixer is used to add the ingredients that go into our soaps, such as honey, essential oils, lavender seeds and other noble products. Finally, the resulting product is poured into a plodder. The soaps are then stamped by hand or moulded.<\/div>","protected":false},"excerpt":{"rendered":"<p><strong>Stain-removing soap with terre de sommi\u00e8res.<\/strong><\/p>","protected":false},"featured_media":1871,"comment_status":"closed","ping_status":"closed","template":"","meta":{"_acf_changed":false},"product_brand":[],"product_cat":[75,65],"product_tag":[151],"class_list":{"0":"post-9472","1":"product","2":"type-product","3":"status-publish","4":"has-post-thumbnail","6":"product_cat-tous-nos-produits-authentiques-savons-de-marseille","7":"product_cat-les-savons-de-marseille-bruts-savonnerie-marseillaise","8":"product_tag-veritables-savons-de-marseille","9":"pa_parfum-neutre","10":"pa_poids-100-grammes","12":"first","13":"instock","14":"taxable","15":"shipping-taxable","16":"purchasable","17":"product-type-simple"},"acf":[],"yoast_head":"<!-- This site is optimized with the Yoast SEO plugin v27.5 - https:\/\/yoast.com\/product\/yoast-seo-wordpress\/ -->\n<title>Savonnerie de la Licorne, Savon d\u00e9tachant 100 g \u00e0 base de terre de Sommi\u00e8res, V\u00e9ritables Savons de Marseille<\/title>\n<meta name=\"description\" content=\"Commandez nos v\u00e9ritables Savons de Marseille d\u00e9tachant 100 g \u00e0 base de terre de Sommi\u00e8res fabriqu\u00e9s dans notre atelier du Cours Julien \u00e0 Marseille par notre Ma\u00eetre Savonnier Serge Bruna.\" \/>\n<meta name=\"robots\" content=\"index, follow, max-snippet:-1, max-image-preview:large, max-video-preview:-1\" \/>\n<link rel=\"canonical\" href=\"https:\/\/www.savon-de-marseille-licorne.com\/en\/product\/stain-remover-marseille-soap-100-gr\/\" \/>\n<meta property=\"og:locale\" content=\"en_GB\" \/>\n<meta property=\"og:type\" content=\"article\" \/>\n<meta property=\"og:title\" content=\"Savonnerie de la Licorne, Savon d\u00e9tachant 100 gr \u00e0 base de terre de Sommi\u00e8res, V\u00e9ritables Savons de Marseille\" \/>\n<meta property=\"og:description\" content=\"Commandez nos v\u00e9ritables Savons de Marseille d\u00e9tachant 100 g \u00e0 base de terre de Sommi\u00e8res fabriqu\u00e9s dans notre atelier du Cours Julien \u00e0 Marseille par notre Ma\u00eetre Savonnier Serge Bruna.\" \/>\n<meta property=\"og:url\" content=\"https:\/\/www.savon-de-marseille-licorne.com\/en\/product\/stain-remover-marseille-soap-100-gr\/\" \/>\n<meta property=\"og:site_name\" content=\"Savonnerie de la Licorne | Savon de Marseille\" \/>\n<meta property=\"article:modified_time\" content=\"2026-03-03T16:43:15+00:00\" \/>\n<meta property=\"og:image\" content=\"https:\/\/www.savon-de-marseille-licorne.com\/wp-content\/uploads\/2018\/11\/832-SAVON-DETACHANT.jpg\" \/>\n\t<meta property=\"og:image:width\" content=\"1935\" \/>\n\t<meta property=\"og:image:height\" content=\"1185\" \/>\n\t<meta property=\"og:image:type\" content=\"image\/jpeg\" \/>\n<meta name=\"twitter:card\" content=\"summary_large_image\" \/>\n<meta name=\"twitter:title\" content=\"Savonnerie de la Licorne, Savon d\u00e9tachant 100 gr \u00e0 base de terre de Sommi\u00e8res, V\u00e9ritables Savons de Marseille\" \/>\n<meta name=\"twitter:label1\" content=\"Estimated reading time\" \/>\n\t<meta name=\"twitter:data1\" content=\"2 minutes\" \/>\n<script type=\"application\/ld+json\" class=\"yoast-schema-graph\">{\"@context\":\"https:\\\/\\\/schema.org\",\"@graph\":[{\"@type\":\"WebPage\",\"@id\":\"https:\\\/\\\/www.savon-de-marseille-licorne.com\\\/product\\\/savon-de-marseille-detachant-100-gr\",\"url\":\"https:\\\/\\\/www.savon-de-marseille-licorne.com\\\/product\\\/savon-de-marseille-detachant-100-gr\",\"name\":\"Savonnerie de la Licorne, Savon d\u00e9tachant 100 g \u00e0 base de terre de Sommi\u00e8res, V\u00e9ritables Savons de Marseille\",\"isPartOf\":{\"@id\":\"https:\\\/\\\/www.savon-de-marseille-licorne.com\\\/#website\"},\"primaryImageOfPage\":{\"@id\":\"https:\\\/\\\/www.savon-de-marseille-licorne.com\\\/product\\\/savon-de-marseille-detachant-100-gr#primaryimage\"},\"image\":{\"@id\":\"https:\\\/\\\/www.savon-de-marseille-licorne.com\\\/product\\\/savon-de-marseille-detachant-100-gr#primaryimage\"},\"thumbnailUrl\":\"https:\\\/\\\/www.savon-de-marseille-licorne.com\\\/wp-content\\\/uploads\\\/2018\\\/11\\\/832-SAVON-DETACHANT.jpg\",\"datePublished\":\"2019-03-28T15:51:27+00:00\",\"dateModified\":\"2026-03-03T16:43:15+00:00\",\"description\":\"Commandez nos v\u00e9ritables Savons de Marseille d\u00e9tachant 100 g \u00e0 base de terre de Sommi\u00e8res fabriqu\u00e9s dans notre atelier du Cours Julien \u00e0 Marseille par notre Ma\u00eetre Savonnier Serge Bruna.\",\"breadcrumb\":{\"@id\":\"https:\\\/\\\/www.savon-de-marseille-licorne.com\\\/product\\\/savon-de-marseille-detachant-100-gr#breadcrumb\"},\"inLanguage\":\"en-GB\",\"potentialAction\":[{\"@type\":\"ReadAction\",\"target\":[\"https:\\\/\\\/www.savon-de-marseille-licorne.com\\\/product\\\/savon-de-marseille-detachant-100-gr\"]}]},{\"@type\":\"ImageObject\",\"inLanguage\":\"en-GB\",\"@id\":\"https:\\\/\\\/www.savon-de-marseille-licorne.com\\\/product\\\/savon-de-marseille-detachant-100-gr#primaryimage\",\"url\":\"https:\\\/\\\/www.savon-de-marseille-licorne.com\\\/wp-content\\\/uploads\\\/2018\\\/11\\\/832-SAVON-DETACHANT.jpg\",\"contentUrl\":\"https:\\\/\\\/www.savon-de-marseille-licorne.com\\\/wp-content\\\/uploads\\\/2018\\\/11\\\/832-SAVON-DETACHANT.jpg\",\"width\":1935,\"height\":1185,\"caption\":\"SAVON DETACHANT\"},{\"@type\":\"BreadcrumbList\",\"@id\":\"https:\\\/\\\/www.savon-de-marseille-licorne.com\\\/product\\\/savon-de-marseille-detachant-100-gr#breadcrumb\",\"itemListElement\":[{\"@type\":\"ListItem\",\"position\":1,\"name\":\"Accueil\",\"item\":\"https:\\\/\\\/www.savon-de-marseille-licorne.com\\\/\"},{\"@type\":\"ListItem\",\"position\":2,\"name\":\"Boutique\",\"item\":\"https:\\\/\\\/www.savon-de-marseille-licorne.com\\\/boutique-en-ligne-veritable-savon-de-marseille\"},{\"@type\":\"ListItem\",\"position\":3,\"name\":\"Savon de Marseille D\u00e9tachant \u00e0 la terre de Sommi\u00e8res 100 g\"}]},{\"@type\":\"WebSite\",\"@id\":\"https:\\\/\\\/www.savon-de-marseille-licorne.com\\\/#website\",\"url\":\"https:\\\/\\\/www.savon-de-marseille-licorne.com\\\/\",\"name\":\"Savonnerie de la Licorne | Savon de Marseille\",\"description\":\"Authentique Savon de Marseille\",\"potentialAction\":[{\"@type\":\"SearchAction\",\"target\":{\"@type\":\"EntryPoint\",\"urlTemplate\":\"https:\\\/\\\/www.savon-de-marseille-licorne.com\\\/?s={search_term_string}\"},\"query-input\":{\"@type\":\"PropertyValueSpecification\",\"valueRequired\":true,\"valueName\":\"search_term_string\"}}],\"inLanguage\":\"en-GB\"}]}<\/script>\n<!-- \/ Yoast SEO plugin. -->","yoast_head_json":{"title":"Savonnerie de la Licorne, 100g stain-removing soap with Sommi\u00e8res earth, Real Marseille Soaps","description":"Order our genuine 100g stain-removing Marseille soaps made with terre de Sommi\u00e8res in our Cours Julien workshop in Marseille by our Master Soapmaker Serge Bruna.","robots":{"index":"index","follow":"follow","max-snippet":"max-snippet:-1","max-image-preview":"max-image-preview:large","max-video-preview":"max-video-preview:-1"},"canonical":"https:\/\/www.savon-de-marseille-licorne.com\/en\/product\/stain-remover-marseille-soap-100-gr\/","og_locale":"en_GB","og_type":"article","og_title":"Savonnerie de la Licorne, Savon d\u00e9tachant 100 gr \u00e0 base de terre de Sommi\u00e8res, V\u00e9ritables Savons de Marseille","og_description":"Commandez nos v\u00e9ritables Savons de Marseille d\u00e9tachant 100 g \u00e0 base de terre de Sommi\u00e8res fabriqu\u00e9s dans notre atelier du Cours Julien \u00e0 Marseille par notre Ma\u00eetre Savonnier Serge Bruna.","og_url":"https:\/\/www.savon-de-marseille-licorne.com\/en\/product\/stain-remover-marseille-soap-100-gr\/","og_site_name":"Savonnerie de la Licorne | Savon de Marseille","article_modified_time":"2026-03-03T16:43:15+00:00","og_image":[{"width":1935,"height":1185,"url":"https:\/\/www.savon-de-marseille-licorne.com\/wp-content\/uploads\/2018\/11\/832-SAVON-DETACHANT.jpg","type":"image\/jpeg"}],"twitter_card":"summary_large_image","twitter_title":"Savonnerie de la Licorne, Savon d\u00e9tachant 100 gr \u00e0 base de terre de Sommi\u00e8res, V\u00e9ritables Savons de Marseille","twitter_misc":{"Estimated reading time":"2 minutes"},"schema":{"@context":"https:\/\/schema.org","@graph":[{"@type":"WebPage","@id":"https:\/\/www.savon-de-marseille-licorne.com\/product\/savon-de-marseille-detachant-100-gr","url":"https:\/\/www.savon-de-marseille-licorne.com\/product\/savon-de-marseille-detachant-100-gr","name":"Savonnerie de la Licorne, 100g stain-removing soap with Sommi\u00e8res earth, Real Marseille Soaps","isPartOf":{"@id":"https:\/\/www.savon-de-marseille-licorne.com\/#website"},"primaryImageOfPage":{"@id":"https:\/\/www.savon-de-marseille-licorne.com\/product\/savon-de-marseille-detachant-100-gr#primaryimage"},"image":{"@id":"https:\/\/www.savon-de-marseille-licorne.com\/product\/savon-de-marseille-detachant-100-gr#primaryimage"},"thumbnailUrl":"https:\/\/www.savon-de-marseille-licorne.com\/wp-content\/uploads\/2018\/11\/832-SAVON-DETACHANT.jpg","datePublished":"2019-03-28T15:51:27+00:00","dateModified":"2026-03-03T16:43:15+00:00","description":"Order our genuine 100g stain-removing Marseille soaps made with terre de Sommi\u00e8res in our Cours Julien workshop in Marseille by our Master Soapmaker Serge Bruna.","breadcrumb":{"@id":"https:\/\/www.savon-de-marseille-licorne.com\/product\/savon-de-marseille-detachant-100-gr#breadcrumb"},"inLanguage":"en-GB","potentialAction":[{"@type":"ReadAction","target":["https:\/\/www.savon-de-marseille-licorne.com\/product\/savon-de-marseille-detachant-100-gr"]}]},{"@type":"ImageObject","inLanguage":"en-GB","@id":"https:\/\/www.savon-de-marseille-licorne.com\/product\/savon-de-marseille-detachant-100-gr#primaryimage","url":"https:\/\/www.savon-de-marseille-licorne.com\/wp-content\/uploads\/2018\/11\/832-SAVON-DETACHANT.jpg","contentUrl":"https:\/\/www.savon-de-marseille-licorne.com\/wp-content\/uploads\/2018\/11\/832-SAVON-DETACHANT.jpg","width":1935,"height":1185,"caption":"SAVON DETACHANT"},{"@type":"BreadcrumbList","@id":"https:\/\/www.savon-de-marseille-licorne.com\/product\/savon-de-marseille-detachant-100-gr#breadcrumb","itemListElement":[{"@type":"ListItem","position":1,"name":"Accueil","item":"https:\/\/www.savon-de-marseille-licorne.com\/"},{"@type":"ListItem","position":2,"name":"Boutique","item":"https:\/\/www.savon-de-marseille-licorne.com\/boutique-en-ligne-veritable-savon-de-marseille"},{"@type":"ListItem","position":3,"name":"Savon de Marseille D\u00e9tachant \u00e0 la terre de Sommi\u00e8res 100 g"}]},{"@type":"WebSite","@id":"https:\/\/www.savon-de-marseille-licorne.com\/#website","url":"https:\/\/www.savon-de-marseille-licorne.com\/","name":"Savonnerie de la Licorne | Marseille Soap","description":"Authentic Marseille Soap","potentialAction":[{"@type":"SearchAction","target":{"@type":"EntryPoint","urlTemplate":"https:\/\/www.savon-de-marseille-licorne.com\/?s={search_term_string}"},"query-input":{"@type":"PropertyValueSpecification","valueRequired":true,"valueName":"search_term_string"}}],"inLanguage":"en-GB"}]}},"_links":{"self":[{"href":"https:\/\/www.savon-de-marseille-licorne.com\/en\/wp-json\/wp\/v2\/product\/9472","targetHints":{"allow":["GET"]}}],"collection":[{"href":"https:\/\/www.savon-de-marseille-licorne.com\/en\/wp-json\/wp\/v2\/product"}],"about":[{"href":"https:\/\/www.savon-de-marseille-licorne.com\/en\/wp-json\/wp\/v2\/types\/product"}],"replies":[{"embeddable":true,"href":"https:\/\/www.savon-de-marseille-licorne.com\/en\/wp-json\/wp\/v2\/comments?post=9472"}],"wp:featuredmedia":[{"embeddable":true,"href":"https:\/\/www.savon-de-marseille-licorne.com\/en\/wp-json\/wp\/v2\/media\/1871"}],"wp:attachment":[{"href":"https:\/\/www.savon-de-marseille-licorne.com\/en\/wp-json\/wp\/v2\/media?parent=9472"}],"wp:term":[{"taxonomy":"product_brand","embeddable":true,"href":"https:\/\/www.savon-de-marseille-licorne.com\/en\/wp-json\/wp\/v2\/product_brand?post=9472"},{"taxonomy":"product_cat","embeddable":true,"href":"https:\/\/www.savon-de-marseille-licorne.com\/en\/wp-json\/wp\/v2\/product_cat?post=9472"},{"taxonomy":"product_tag","embeddable":true,"href":"https:\/\/www.savon-de-marseille-licorne.com\/en\/wp-json\/wp\/v2\/product_tag?post=9472"}],"curies":[{"name":"wp","href":"https:\/\/api.w.org\/{rel}","templated":true}]}}