{"id":9478,"date":"2019-03-28T16:51:27","date_gmt":"2019-03-28T15:51:27","guid":{"rendered":"https:\/\/www.savon-de-marseille-licorne.com\/product\/savon-de-marseille-papillon-fleur-doranger-50g"},"modified":"2026-03-04T14:26:20","modified_gmt":"2026-03-04T13:26:20","slug":"butterfly-orange-blossom-marseille-soap-50g","status":"publish","type":"product","link":"https:\/\/www.savon-de-marseille-licorne.com\/en\/product\/savon-de-marseille-papillon-fleur-doranger-50g","title":{"rendered":"Orange Blossom Butterfly Marseille Soap 50 g"},"content":{"rendered":"<p><strong>Orange Blossom Butterfly Marseille Soap 50g. A Marseille soap made in our Cours Julien workshop in Marseille by our Master Soapmaker Serge Bruna.<\/strong><\/p>\n<p><strong>To rediscover the flavour of Marseille's old districts, where the famous navettes are made.<\/strong><\/p>\n<div class=\"processFabrication\">Pierre Bruna was the first soap-maker in the family. Today, Serge Bruna, Master Soap-maker, and his wife Laurence, perpetuate a tradition of artisanal production. They offer you a range of high-quality Marseille soaps of great renown, which are delivered and appreciated all over the world. Our soaps are made from vegetable oils. The raw soap is ground with granite rollers to give it finesse and softness. A mixer is used to add the ingredients that go into our soaps, such as honey, essential oils, lavender seeds and other noble products. Finally, the resulting product is poured into a plodder. The soaps are then stamped by hand or moulded.<\/div>","protected":false},"excerpt":{"rendered":"<p><strong><span style=\"text-align: left; color: #333333; text-transform: none; text-indent: 0px; letter-spacing: normal; font-family: Georgia,'Times New Roman','Bitstream Charter',Times,serif; font-size: 16px; font-style: normal; font-variant: normal; text-decoration: none; cursor: text; float: none; background-color: transparent;\">Orange Blossom Butterfly Marseille Soap 50g.<\/span><\/strong><\/p>","protected":false},"featured_media":1927,"comment_status":"closed","ping_status":"closed","template":"","meta":{"_acf_changed":false},"product_brand":[],"product_cat":[341,75,63],"product_tag":[151,185],"class_list":{"0":"post-9478","1":"product","2":"type-product","3":"status-publish","4":"has-post-thumbnail","6":"product_cat-savons-petites-formes","7":"product_cat-tous-nos-produits-authentiques-savons-de-marseille","8":"product_cat-les-savons-de-marseille-de-toilette-savonnerie-marseillaise","9":"product_tag-veritables-savons-de-marseille","10":"product_tag-animaux","11":"pa_parfum-fleur-doranger","12":"pa_poids-50-grammes","14":"first","15":"instock","16":"taxable","17":"shipping-taxable","18":"purchasable","19":"product-type-simple"},"acf":[],"yoast_head":"<!-- This site is optimized with the Yoast SEO plugin v27.5 - https:\/\/yoast.com\/product\/yoast-seo-wordpress\/ -->\n<title>Savonnerie de la Licorne, Savon de Marseille Papillon Fleur d\u2019Oranger 50g, V\u00e9ritables Savons de Marseille<\/title>\n<meta name=\"description\" content=\"Commandez nos v\u00e9ritables Savons de Marseille, Savon de Marseille Papillon Fleur d\u2019Oranger 50g, fabriqu\u00e9 dans notre atelier du Cours Julien \u00e0 Marseille par notre Ma\u00eetre Savonnier Serge Bruna.\" \/>\n<meta name=\"robots\" content=\"index, follow, max-snippet:-1, max-image-preview:large, max-video-preview:-1\" \/>\n<link rel=\"canonical\" href=\"https:\/\/www.savon-de-marseille-licorne.com\/en\/product\/butterfly-orange-blossom-marseille-soap-50g\/\" \/>\n<meta property=\"og:locale\" content=\"en_GB\" \/>\n<meta property=\"og:type\" content=\"article\" \/>\n<meta property=\"og:title\" content=\"Savonnerie de la Licorne, Savon de Marseille Papillon Fleur d\u2019Oranger 50g, V\u00e9ritables Savons de Marseille\" \/>\n<meta property=\"og:description\" content=\"Commandez nos v\u00e9ritables Savons de Marseille, Savon de Marseille Papillon Fleur d\u2019Oranger 50g, fabriqu\u00e9 dans notre atelier du Cours Julien \u00e0 Marseille par notre Ma\u00eetre Savonnier Serge Bruna.\" \/>\n<meta property=\"og:url\" content=\"https:\/\/www.savon-de-marseille-licorne.com\/en\/product\/butterfly-orange-blossom-marseille-soap-50g\/\" \/>\n<meta property=\"og:site_name\" content=\"Savonnerie de la Licorne | Savon de Marseille\" \/>\n<meta property=\"article:modified_time\" content=\"2026-03-04T13:26:20+00:00\" \/>\n<meta property=\"og:image\" content=\"https:\/\/www.savon-de-marseille-licorne.com\/wp-content\/uploads\/2018\/11\/841-savon-papillon-fleur-doranger-50-g.jpg\" \/>\n\t<meta property=\"og:image:width\" content=\"1855\" \/>\n\t<meta property=\"og:image:height\" content=\"1545\" \/>\n\t<meta property=\"og:image:type\" content=\"image\/jpeg\" \/>\n<meta name=\"twitter:card\" content=\"summary_large_image\" \/>\n<meta name=\"twitter:title\" content=\"Savonnerie de la Licorne, Savon de Marseille Papillon Fleur d\u2019Oranger 50g, V\u00e9ritables Savons de Marseille\" \/>\n<meta name=\"twitter:label1\" content=\"Estimated reading time\" \/>\n\t<meta name=\"twitter:data1\" content=\"2 minutes\" \/>\n<script type=\"application\/ld+json\" class=\"yoast-schema-graph\">{\"@context\":\"https:\\\/\\\/schema.org\",\"@graph\":[{\"@type\":\"WebPage\",\"@id\":\"https:\\\/\\\/www.savon-de-marseille-licorne.com\\\/product\\\/savon-de-marseille-papillon-fleur-doranger-50g\",\"url\":\"https:\\\/\\\/www.savon-de-marseille-licorne.com\\\/product\\\/savon-de-marseille-papillon-fleur-doranger-50g\",\"name\":\"Savonnerie de la Licorne, Savon de Marseille Papillon Fleur d\u2019Oranger 50g, V\u00e9ritables Savons de Marseille\",\"isPartOf\":{\"@id\":\"https:\\\/\\\/www.savon-de-marseille-licorne.com\\\/#website\"},\"primaryImageOfPage\":{\"@id\":\"https:\\\/\\\/www.savon-de-marseille-licorne.com\\\/product\\\/savon-de-marseille-papillon-fleur-doranger-50g#primaryimage\"},\"image\":{\"@id\":\"https:\\\/\\\/www.savon-de-marseille-licorne.com\\\/product\\\/savon-de-marseille-papillon-fleur-doranger-50g#primaryimage\"},\"thumbnailUrl\":\"https:\\\/\\\/www.savon-de-marseille-licorne.com\\\/wp-content\\\/uploads\\\/2018\\\/11\\\/841-savon-papillon-fleur-doranger-50-g.jpg\",\"datePublished\":\"2019-03-28T15:51:27+00:00\",\"dateModified\":\"2026-03-04T13:26:20+00:00\",\"description\":\"Commandez nos v\u00e9ritables Savons de Marseille, Savon de Marseille Papillon Fleur d\u2019Oranger 50g, fabriqu\u00e9 dans notre atelier du Cours Julien \u00e0 Marseille par notre Ma\u00eetre Savonnier Serge Bruna.\",\"breadcrumb\":{\"@id\":\"https:\\\/\\\/www.savon-de-marseille-licorne.com\\\/product\\\/savon-de-marseille-papillon-fleur-doranger-50g#breadcrumb\"},\"inLanguage\":\"en-GB\",\"potentialAction\":[{\"@type\":\"ReadAction\",\"target\":[\"https:\\\/\\\/www.savon-de-marseille-licorne.com\\\/product\\\/savon-de-marseille-papillon-fleur-doranger-50g\"]}]},{\"@type\":\"ImageObject\",\"inLanguage\":\"en-GB\",\"@id\":\"https:\\\/\\\/www.savon-de-marseille-licorne.com\\\/product\\\/savon-de-marseille-papillon-fleur-doranger-50g#primaryimage\",\"url\":\"https:\\\/\\\/www.savon-de-marseille-licorne.com\\\/wp-content\\\/uploads\\\/2018\\\/11\\\/841-savon-papillon-fleur-doranger-50-g.jpg\",\"contentUrl\":\"https:\\\/\\\/www.savon-de-marseille-licorne.com\\\/wp-content\\\/uploads\\\/2018\\\/11\\\/841-savon-papillon-fleur-doranger-50-g.jpg\",\"width\":1855,\"height\":1545,\"caption\":\"savon papillon fleur d'oranger 50 g\"},{\"@type\":\"BreadcrumbList\",\"@id\":\"https:\\\/\\\/www.savon-de-marseille-licorne.com\\\/product\\\/savon-de-marseille-papillon-fleur-doranger-50g#breadcrumb\",\"itemListElement\":[{\"@type\":\"ListItem\",\"position\":1,\"name\":\"Accueil\",\"item\":\"https:\\\/\\\/www.savon-de-marseille-licorne.com\\\/\"},{\"@type\":\"ListItem\",\"position\":2,\"name\":\"Boutique\",\"item\":\"https:\\\/\\\/www.savon-de-marseille-licorne.com\\\/boutique-en-ligne-veritable-savon-de-marseille\"},{\"@type\":\"ListItem\",\"position\":3,\"name\":\"Savon de Marseille Papillon Fleur d\u2019Oranger 50 g\"}]},{\"@type\":\"WebSite\",\"@id\":\"https:\\\/\\\/www.savon-de-marseille-licorne.com\\\/#website\",\"url\":\"https:\\\/\\\/www.savon-de-marseille-licorne.com\\\/\",\"name\":\"Savonnerie de la Licorne | Savon de Marseille\",\"description\":\"Authentique Savon de Marseille\",\"potentialAction\":[{\"@type\":\"SearchAction\",\"target\":{\"@type\":\"EntryPoint\",\"urlTemplate\":\"https:\\\/\\\/www.savon-de-marseille-licorne.com\\\/?s={search_term_string}\"},\"query-input\":{\"@type\":\"PropertyValueSpecification\",\"valueRequired\":true,\"valueName\":\"search_term_string\"}}],\"inLanguage\":\"en-GB\"}]}<\/script>\n<!-- \/ Yoast SEO plugin. -->","yoast_head_json":{"title":"Savonnerie de la Licorne, Butterfly Orange Blossom Marseille Soap 50g, Real Marseille Soaps","description":"Order our real Marseille Soaps, Butterfly Orange Blossom Marseille Soap 50g, made in our Cours Julien workshop in Marseille by our Master Soapmaker Serge Bruna.","robots":{"index":"index","follow":"follow","max-snippet":"max-snippet:-1","max-image-preview":"max-image-preview:large","max-video-preview":"max-video-preview:-1"},"canonical":"https:\/\/www.savon-de-marseille-licorne.com\/en\/product\/butterfly-orange-blossom-marseille-soap-50g\/","og_locale":"en_GB","og_type":"article","og_title":"Savonnerie de la Licorne, Savon de Marseille Papillon Fleur d\u2019Oranger 50g, V\u00e9ritables Savons de Marseille","og_description":"Commandez nos v\u00e9ritables Savons de Marseille, Savon de Marseille Papillon Fleur d\u2019Oranger 50g, fabriqu\u00e9 dans notre atelier du Cours Julien \u00e0 Marseille par notre Ma\u00eetre Savonnier Serge Bruna.","og_url":"https:\/\/www.savon-de-marseille-licorne.com\/en\/product\/butterfly-orange-blossom-marseille-soap-50g\/","og_site_name":"Savonnerie de la Licorne | Savon de Marseille","article_modified_time":"2026-03-04T13:26:20+00:00","og_image":[{"width":1855,"height":1545,"url":"https:\/\/www.savon-de-marseille-licorne.com\/wp-content\/uploads\/2018\/11\/841-savon-papillon-fleur-doranger-50-g.jpg","type":"image\/jpeg"}],"twitter_card":"summary_large_image","twitter_title":"Savonnerie de la Licorne, Savon de Marseille Papillon Fleur d\u2019Oranger 50g, V\u00e9ritables Savons de Marseille","twitter_misc":{"Estimated reading time":"2 minutes"},"schema":{"@context":"https:\/\/schema.org","@graph":[{"@type":"WebPage","@id":"https:\/\/www.savon-de-marseille-licorne.com\/product\/savon-de-marseille-papillon-fleur-doranger-50g","url":"https:\/\/www.savon-de-marseille-licorne.com\/product\/savon-de-marseille-papillon-fleur-doranger-50g","name":"Savonnerie de la Licorne, Butterfly Orange Blossom Marseille Soap 50g, Real Marseille Soaps","isPartOf":{"@id":"https:\/\/www.savon-de-marseille-licorne.com\/#website"},"primaryImageOfPage":{"@id":"https:\/\/www.savon-de-marseille-licorne.com\/product\/savon-de-marseille-papillon-fleur-doranger-50g#primaryimage"},"image":{"@id":"https:\/\/www.savon-de-marseille-licorne.com\/product\/savon-de-marseille-papillon-fleur-doranger-50g#primaryimage"},"thumbnailUrl":"https:\/\/www.savon-de-marseille-licorne.com\/wp-content\/uploads\/2018\/11\/841-savon-papillon-fleur-doranger-50-g.jpg","datePublished":"2019-03-28T15:51:27+00:00","dateModified":"2026-03-04T13:26:20+00:00","description":"Order our real Marseille Soaps, Butterfly Orange Blossom Marseille Soap 50g, made in our Cours Julien workshop in Marseille by our Master Soapmaker Serge Bruna.","breadcrumb":{"@id":"https:\/\/www.savon-de-marseille-licorne.com\/product\/savon-de-marseille-papillon-fleur-doranger-50g#breadcrumb"},"inLanguage":"en-GB","potentialAction":[{"@type":"ReadAction","target":["https:\/\/www.savon-de-marseille-licorne.com\/product\/savon-de-marseille-papillon-fleur-doranger-50g"]}]},{"@type":"ImageObject","inLanguage":"en-GB","@id":"https:\/\/www.savon-de-marseille-licorne.com\/product\/savon-de-marseille-papillon-fleur-doranger-50g#primaryimage","url":"https:\/\/www.savon-de-marseille-licorne.com\/wp-content\/uploads\/2018\/11\/841-savon-papillon-fleur-doranger-50-g.jpg","contentUrl":"https:\/\/www.savon-de-marseille-licorne.com\/wp-content\/uploads\/2018\/11\/841-savon-papillon-fleur-doranger-50-g.jpg","width":1855,"height":1545,"caption":"savon papillon fleur d'oranger 50 g"},{"@type":"BreadcrumbList","@id":"https:\/\/www.savon-de-marseille-licorne.com\/product\/savon-de-marseille-papillon-fleur-doranger-50g#breadcrumb","itemListElement":[{"@type":"ListItem","position":1,"name":"Accueil","item":"https:\/\/www.savon-de-marseille-licorne.com\/"},{"@type":"ListItem","position":2,"name":"Boutique","item":"https:\/\/www.savon-de-marseille-licorne.com\/boutique-en-ligne-veritable-savon-de-marseille"},{"@type":"ListItem","position":3,"name":"Savon de Marseille Papillon Fleur d\u2019Oranger 50 g"}]},{"@type":"WebSite","@id":"https:\/\/www.savon-de-marseille-licorne.com\/#website","url":"https:\/\/www.savon-de-marseille-licorne.com\/","name":"Savonnerie de la Licorne | Marseille Soap","description":"Authentic Marseille Soap","potentialAction":[{"@type":"SearchAction","target":{"@type":"EntryPoint","urlTemplate":"https:\/\/www.savon-de-marseille-licorne.com\/?s={search_term_string}"},"query-input":{"@type":"PropertyValueSpecification","valueRequired":true,"valueName":"search_term_string"}}],"inLanguage":"en-GB"}]}},"_links":{"self":[{"href":"https:\/\/www.savon-de-marseille-licorne.com\/en\/wp-json\/wp\/v2\/product\/9478","targetHints":{"allow":["GET"]}}],"collection":[{"href":"https:\/\/www.savon-de-marseille-licorne.com\/en\/wp-json\/wp\/v2\/product"}],"about":[{"href":"https:\/\/www.savon-de-marseille-licorne.com\/en\/wp-json\/wp\/v2\/types\/product"}],"replies":[{"embeddable":true,"href":"https:\/\/www.savon-de-marseille-licorne.com\/en\/wp-json\/wp\/v2\/comments?post=9478"}],"wp:featuredmedia":[{"embeddable":true,"href":"https:\/\/www.savon-de-marseille-licorne.com\/en\/wp-json\/wp\/v2\/media\/1927"}],"wp:attachment":[{"href":"https:\/\/www.savon-de-marseille-licorne.com\/en\/wp-json\/wp\/v2\/media?parent=9478"}],"wp:term":[{"taxonomy":"product_brand","embeddable":true,"href":"https:\/\/www.savon-de-marseille-licorne.com\/en\/wp-json\/wp\/v2\/product_brand?post=9478"},{"taxonomy":"product_cat","embeddable":true,"href":"https:\/\/www.savon-de-marseille-licorne.com\/en\/wp-json\/wp\/v2\/product_cat?post=9478"},{"taxonomy":"product_tag","embeddable":true,"href":"https:\/\/www.savon-de-marseille-licorne.com\/en\/wp-json\/wp\/v2\/product_tag?post=9478"}],"curies":[{"name":"wp","href":"https:\/\/api.w.org\/{rel}","templated":true}]}}