{"id":9482,"date":"2019-03-28T16:51:27","date_gmt":"2019-03-28T15:51:27","guid":{"rendered":"https:\/\/www.savon-de-marseille-licorne.com\/product\/savon-lait-de-jument-100-g"},"modified":"2026-03-04T14:30:09","modified_gmt":"2026-03-04T13:30:09","slug":"mares-milk-soap-100-g","status":"publish","type":"product","link":"https:\/\/www.savon-de-marseille-licorne.com\/en\/product\/savon-lait-de-jument-100-g","title":{"rendered":"Mare's Milk Soap 100 g"},"content":{"rendered":"<p><strong><span style=\"margin: 0px; line-height: 115%; font-family: 'Calibri',sans-serif; font-size: 11pt;\"><span style=\"color: #000000;\">Very mild soap enriched with mare's milk. Suitable for delicate skin.<\/span><\/span><\/strong><\/p>\n<div class=\"processFabrication\">Pierre Bruna was the first soap-maker in the family. Today, Serge Bruna, Master Soap-maker, and his wife Laurence, perpetuate a tradition of artisanal production. They offer you a range of high-quality Marseille soaps of great renown, which are delivered and appreciated all over the world. Our soaps are made from vegetable oils. The raw soap is ground with granite rollers to give it finesse and softness. A mixer is used to add the ingredients that go into our soaps, such as honey, essential oils, lavender seeds and other noble products. Finally, the resulting product is poured into a plodder. The soaps are then stamped by hand or moulded.<\/div>","protected":false},"excerpt":{"rendered":"<p><span style=\"margin: 0px; line-height: 115%; font-family: 'Calibri',sans-serif; font-size: 11pt;\"><span style=\"color: #000000;\">Very mild soap enriched with mare's milk. Suitable for delicate skin.<\/span><\/span><\/p>","protected":false},"featured_media":1250,"comment_status":"open","ping_status":"closed","template":"","meta":{"_acf_changed":false},"product_brand":[],"product_cat":[75,67],"product_tag":[],"class_list":{"0":"post-9482","1":"product","2":"type-product","3":"status-publish","4":"has-post-thumbnail","6":"product_cat-tous-nos-produits-authentiques-savons-de-marseille","7":"product_cat-les-savons-speciaux-alep-lait-de-jument-karite-son","8":"pa_parfum-neutre","9":"pa_poids-100-grammes","11":"first","12":"instock","13":"taxable","14":"shipping-taxable","15":"purchasable","16":"product-type-simple"},"acf":[],"yoast_head":"<!-- This site is optimized with the Yoast SEO plugin v27.5 - https:\/\/yoast.com\/product\/yoast-seo-wordpress\/ -->\n<title>Savonnerie de la Licorne, Savon Lait de jument 100 g, V\u00e9ritables Savons artisanaux fabriqu\u00e9 \u00e0 Marseille<\/title>\n<meta name=\"description\" content=\"Commandez nos Savons Lait de jument 100 g artisanaux, fabriqu\u00e9 dans notre atelier du Cours Julien \u00e0 Marseille par notre Ma\u00eetre Savonnier Serge Bruna.\" \/>\n<meta name=\"robots\" content=\"index, follow, max-snippet:-1, max-image-preview:large, max-video-preview:-1\" \/>\n<link rel=\"canonical\" href=\"https:\/\/www.savon-de-marseille-licorne.com\/en\/product\/mares-milk-soap-100-g\/\" \/>\n<meta property=\"og:locale\" content=\"en_GB\" \/>\n<meta property=\"og:type\" content=\"article\" \/>\n<meta property=\"og:title\" content=\"Savonnerie de la Licorne, Savon Lait de jument 100 g, V\u00e9ritables Savons artisanaux fabriqu\u00e9 \u00e0 Marseille\" \/>\n<meta property=\"og:description\" content=\"Commandez nos Savons Lait de jument 100 g artisanaux, fabriqu\u00e9 dans notre atelier du Cours Julien \u00e0 Marseille par notre Ma\u00eetre Savonnier Serge Bruna.\" \/>\n<meta property=\"og:url\" content=\"https:\/\/www.savon-de-marseille-licorne.com\/en\/product\/mares-milk-soap-100-g\/\" \/>\n<meta property=\"og:site_name\" content=\"Savonnerie de la Licorne | Savon de Marseille\" \/>\n<meta property=\"article:modified_time\" content=\"2026-03-04T13:30:09+00:00\" \/>\n<meta property=\"og:image\" content=\"https:\/\/www.savon-de-marseille-licorne.com\/wp-content\/uploads\/2016\/05\/621-Lait-de-jument-100-g.jpg\" \/>\n\t<meta property=\"og:image:width\" content=\"1500\" \/>\n\t<meta property=\"og:image:height\" content=\"1000\" \/>\n\t<meta property=\"og:image:type\" content=\"image\/jpeg\" \/>\n<meta name=\"twitter:card\" content=\"summary_large_image\" \/>\n<meta name=\"twitter:title\" content=\"Savonnerie de la Licorne, Savon Lait de jument 100 g, V\u00e9ritables Savons artisanaux fabriqu\u00e9 \u00e0 Marseille\" \/>\n<meta name=\"twitter:label1\" content=\"Estimated reading time\" \/>\n\t<meta name=\"twitter:data1\" content=\"1 minute\" \/>\n<script type=\"application\/ld+json\" class=\"yoast-schema-graph\">{\"@context\":\"https:\\\/\\\/schema.org\",\"@graph\":[{\"@type\":\"WebPage\",\"@id\":\"https:\\\/\\\/www.savon-de-marseille-licorne.com\\\/product\\\/savon-lait-de-jument-100-g\",\"url\":\"https:\\\/\\\/www.savon-de-marseille-licorne.com\\\/product\\\/savon-lait-de-jument-100-g\",\"name\":\"Savonnerie de la Licorne, Savon Lait de jument 100 g, V\u00e9ritables Savons artisanaux fabriqu\u00e9 \u00e0 Marseille\",\"isPartOf\":{\"@id\":\"https:\\\/\\\/www.savon-de-marseille-licorne.com\\\/#website\"},\"primaryImageOfPage\":{\"@id\":\"https:\\\/\\\/www.savon-de-marseille-licorne.com\\\/product\\\/savon-lait-de-jument-100-g#primaryimage\"},\"image\":{\"@id\":\"https:\\\/\\\/www.savon-de-marseille-licorne.com\\\/product\\\/savon-lait-de-jument-100-g#primaryimage\"},\"thumbnailUrl\":\"https:\\\/\\\/www.savon-de-marseille-licorne.com\\\/wp-content\\\/uploads\\\/2016\\\/05\\\/621-Lait-de-jument-100-g.jpg\",\"datePublished\":\"2019-03-28T15:51:27+00:00\",\"dateModified\":\"2026-03-04T13:30:09+00:00\",\"description\":\"Commandez nos Savons Lait de jument 100 g artisanaux, fabriqu\u00e9 dans notre atelier du Cours Julien \u00e0 Marseille par notre Ma\u00eetre Savonnier Serge Bruna.\",\"breadcrumb\":{\"@id\":\"https:\\\/\\\/www.savon-de-marseille-licorne.com\\\/product\\\/savon-lait-de-jument-100-g#breadcrumb\"},\"inLanguage\":\"en-GB\",\"potentialAction\":[{\"@type\":\"ReadAction\",\"target\":[\"https:\\\/\\\/www.savon-de-marseille-licorne.com\\\/product\\\/savon-lait-de-jument-100-g\"]}]},{\"@type\":\"ImageObject\",\"inLanguage\":\"en-GB\",\"@id\":\"https:\\\/\\\/www.savon-de-marseille-licorne.com\\\/product\\\/savon-lait-de-jument-100-g#primaryimage\",\"url\":\"https:\\\/\\\/www.savon-de-marseille-licorne.com\\\/wp-content\\\/uploads\\\/2016\\\/05\\\/621-Lait-de-jument-100-g.jpg\",\"contentUrl\":\"https:\\\/\\\/www.savon-de-marseille-licorne.com\\\/wp-content\\\/uploads\\\/2016\\\/05\\\/621-Lait-de-jument-100-g.jpg\",\"width\":1500,\"height\":1000,\"caption\":\"Lait de jument 100 g\"},{\"@type\":\"BreadcrumbList\",\"@id\":\"https:\\\/\\\/www.savon-de-marseille-licorne.com\\\/product\\\/savon-lait-de-jument-100-g#breadcrumb\",\"itemListElement\":[{\"@type\":\"ListItem\",\"position\":1,\"name\":\"Accueil\",\"item\":\"https:\\\/\\\/www.savon-de-marseille-licorne.com\\\/\"},{\"@type\":\"ListItem\",\"position\":2,\"name\":\"Boutique\",\"item\":\"https:\\\/\\\/www.savon-de-marseille-licorne.com\\\/boutique-en-ligne-veritable-savon-de-marseille\"},{\"@type\":\"ListItem\",\"position\":3,\"name\":\"Savon Lait de jument 100 g\"}]},{\"@type\":\"WebSite\",\"@id\":\"https:\\\/\\\/www.savon-de-marseille-licorne.com\\\/#website\",\"url\":\"https:\\\/\\\/www.savon-de-marseille-licorne.com\\\/\",\"name\":\"Savonnerie de la Licorne | Savon de Marseille\",\"description\":\"Authentique Savon de Marseille\",\"potentialAction\":[{\"@type\":\"SearchAction\",\"target\":{\"@type\":\"EntryPoint\",\"urlTemplate\":\"https:\\\/\\\/www.savon-de-marseille-licorne.com\\\/?s={search_term_string}\"},\"query-input\":{\"@type\":\"PropertyValueSpecification\",\"valueRequired\":true,\"valueName\":\"search_term_string\"}}],\"inLanguage\":\"en-GB\"}]}<\/script>\n<!-- \/ Yoast SEO plugin. -->","yoast_head_json":{"title":"Savonnerie de la Licorne, Mare's Milk Soap 100 g, Genuine artisanal soaps made in Marseille","description":"Order our handmade 100g Mare's Milk Soaps, made in our Cours Julien workshop in Marseille by our Master Soapmaker Serge Bruna.","robots":{"index":"index","follow":"follow","max-snippet":"max-snippet:-1","max-image-preview":"max-image-preview:large","max-video-preview":"max-video-preview:-1"},"canonical":"https:\/\/www.savon-de-marseille-licorne.com\/en\/product\/mares-milk-soap-100-g\/","og_locale":"en_GB","og_type":"article","og_title":"Savonnerie de la Licorne, Savon Lait de jument 100 g, V\u00e9ritables Savons artisanaux fabriqu\u00e9 \u00e0 Marseille","og_description":"Commandez nos Savons Lait de jument 100 g artisanaux, fabriqu\u00e9 dans notre atelier du Cours Julien \u00e0 Marseille par notre Ma\u00eetre Savonnier Serge Bruna.","og_url":"https:\/\/www.savon-de-marseille-licorne.com\/en\/product\/mares-milk-soap-100-g\/","og_site_name":"Savonnerie de la Licorne | Savon de Marseille","article_modified_time":"2026-03-04T13:30:09+00:00","og_image":[{"width":1500,"height":1000,"url":"https:\/\/www.savon-de-marseille-licorne.com\/wp-content\/uploads\/2016\/05\/621-Lait-de-jument-100-g.jpg","type":"image\/jpeg"}],"twitter_card":"summary_large_image","twitter_title":"Savonnerie de la Licorne, Savon Lait de jument 100 g, V\u00e9ritables Savons artisanaux fabriqu\u00e9 \u00e0 Marseille","twitter_misc":{"Estimated reading time":"1 minute"},"schema":{"@context":"https:\/\/schema.org","@graph":[{"@type":"WebPage","@id":"https:\/\/www.savon-de-marseille-licorne.com\/product\/savon-lait-de-jument-100-g","url":"https:\/\/www.savon-de-marseille-licorne.com\/product\/savon-lait-de-jument-100-g","name":"Savonnerie de la Licorne, Mare's Milk Soap 100 g, Genuine artisanal soaps made in Marseille","isPartOf":{"@id":"https:\/\/www.savon-de-marseille-licorne.com\/#website"},"primaryImageOfPage":{"@id":"https:\/\/www.savon-de-marseille-licorne.com\/product\/savon-lait-de-jument-100-g#primaryimage"},"image":{"@id":"https:\/\/www.savon-de-marseille-licorne.com\/product\/savon-lait-de-jument-100-g#primaryimage"},"thumbnailUrl":"https:\/\/www.savon-de-marseille-licorne.com\/wp-content\/uploads\/2016\/05\/621-Lait-de-jument-100-g.jpg","datePublished":"2019-03-28T15:51:27+00:00","dateModified":"2026-03-04T13:30:09+00:00","description":"Order our handmade 100g Mare's Milk Soaps, made in our Cours Julien workshop in Marseille by our Master Soapmaker Serge Bruna.","breadcrumb":{"@id":"https:\/\/www.savon-de-marseille-licorne.com\/product\/savon-lait-de-jument-100-g#breadcrumb"},"inLanguage":"en-GB","potentialAction":[{"@type":"ReadAction","target":["https:\/\/www.savon-de-marseille-licorne.com\/product\/savon-lait-de-jument-100-g"]}]},{"@type":"ImageObject","inLanguage":"en-GB","@id":"https:\/\/www.savon-de-marseille-licorne.com\/product\/savon-lait-de-jument-100-g#primaryimage","url":"https:\/\/www.savon-de-marseille-licorne.com\/wp-content\/uploads\/2016\/05\/621-Lait-de-jument-100-g.jpg","contentUrl":"https:\/\/www.savon-de-marseille-licorne.com\/wp-content\/uploads\/2016\/05\/621-Lait-de-jument-100-g.jpg","width":1500,"height":1000,"caption":"Lait de jument 100 g"},{"@type":"BreadcrumbList","@id":"https:\/\/www.savon-de-marseille-licorne.com\/product\/savon-lait-de-jument-100-g#breadcrumb","itemListElement":[{"@type":"ListItem","position":1,"name":"Accueil","item":"https:\/\/www.savon-de-marseille-licorne.com\/"},{"@type":"ListItem","position":2,"name":"Boutique","item":"https:\/\/www.savon-de-marseille-licorne.com\/boutique-en-ligne-veritable-savon-de-marseille"},{"@type":"ListItem","position":3,"name":"Savon Lait de jument 100 g"}]},{"@type":"WebSite","@id":"https:\/\/www.savon-de-marseille-licorne.com\/#website","url":"https:\/\/www.savon-de-marseille-licorne.com\/","name":"Savonnerie de la Licorne | Marseille Soap","description":"Authentic Marseille Soap","potentialAction":[{"@type":"SearchAction","target":{"@type":"EntryPoint","urlTemplate":"https:\/\/www.savon-de-marseille-licorne.com\/?s={search_term_string}"},"query-input":{"@type":"PropertyValueSpecification","valueRequired":true,"valueName":"search_term_string"}}],"inLanguage":"en-GB"}]}},"_links":{"self":[{"href":"https:\/\/www.savon-de-marseille-licorne.com\/en\/wp-json\/wp\/v2\/product\/9482","targetHints":{"allow":["GET"]}}],"collection":[{"href":"https:\/\/www.savon-de-marseille-licorne.com\/en\/wp-json\/wp\/v2\/product"}],"about":[{"href":"https:\/\/www.savon-de-marseille-licorne.com\/en\/wp-json\/wp\/v2\/types\/product"}],"replies":[{"embeddable":true,"href":"https:\/\/www.savon-de-marseille-licorne.com\/en\/wp-json\/wp\/v2\/comments?post=9482"}],"wp:featuredmedia":[{"embeddable":true,"href":"https:\/\/www.savon-de-marseille-licorne.com\/en\/wp-json\/wp\/v2\/media\/1250"}],"wp:attachment":[{"href":"https:\/\/www.savon-de-marseille-licorne.com\/en\/wp-json\/wp\/v2\/media?parent=9482"}],"wp:term":[{"taxonomy":"product_brand","embeddable":true,"href":"https:\/\/www.savon-de-marseille-licorne.com\/en\/wp-json\/wp\/v2\/product_brand?post=9482"},{"taxonomy":"product_cat","embeddable":true,"href":"https:\/\/www.savon-de-marseille-licorne.com\/en\/wp-json\/wp\/v2\/product_cat?post=9482"},{"taxonomy":"product_tag","embeddable":true,"href":"https:\/\/www.savon-de-marseille-licorne.com\/en\/wp-json\/wp\/v2\/product_tag?post=9482"}],"curies":[{"name":"wp","href":"https:\/\/api.w.org\/{rel}","templated":true}]}}