{"id":9501,"date":"2019-03-28T16:51:43","date_gmt":"2019-03-28T15:51:43","guid":{"rendered":"https:\/\/www.savon-de-marseille-licorne.com\/product\/boite-jaune-la-licorne-9-savons-de-marseille"},"modified":"2026-03-03T17:34:32","modified_gmt":"2026-03-03T16:34:32","slug":"gift-box-yellow-la-licorne-9-authentic-soaps-from-marseille","status":"publish","type":"product","link":"https:\/\/www.savon-de-marseille-licorne.com\/en\/product\/coffret-cadeau-boite-jaune-la-licorne-9-authentiques-savons-de-marseille","title":{"rendered":"Yellow Unicorn Box, 9 Marseille Soaps"},"content":{"rendered":"<p><strong>Elegant La Licorne cardboard box containing 9 Marseille Soap cubes 100g with the inscription \"MARSEILLE\" (assorted fragrances). Soaps made in our Cours Julien workshop in Marseille by our Master Soapmaker Serge Bruna.<\/strong><\/p>\n<div class=\"processFabrication\">Pierre Bruna was the first soap-maker in the family. Today, Serge Bruna, Master Soap-maker, and his wife Laurence, perpetuate a tradition of artisanal production. They offer you a range of high-quality Marseille soaps of great renown, which are delivered and appreciated all over the world. Our soaps are made from vegetable oils. The raw soap is ground with granite rollers to give it finesse and softness. A mixer is used to add the ingredients that go into our soaps, such as honey, essential oils, lavender seeds and other noble products. Finally, the resulting product is poured into a plodder. The soaps are then stamped by hand or moulded.<\/div>","protected":false},"excerpt":{"rendered":"<p><strong>Elegant La Licorne cardboard box containing 9 Marseille Soap cubes 100g with the inscription \"MARSEILLE\" (assorted fragrances). Soaps made in our Cours Julien workshop in Marseille by our Master Soapmaker Serge Bruna.<\/strong><\/p>","protected":false},"featured_media":1639,"comment_status":"closed","ping_status":"closed","template":"","meta":{"_acf_changed":false},"product_brand":[],"product_cat":[371,75,71],"product_tag":[181,182,183,151],"class_list":{"0":"post-9501","1":"product","2":"type-product","3":"status-publish","4":"has-post-thumbnail","6":"product_cat-fetes-de-noel","7":"product_cat-tous-nos-produits-authentiques-savons-de-marseille","8":"product_cat-les-coffrets-cadeaux-savons-de-marseille","9":"product_tag-fetes-de-noel","10":"product_tag-saint-valentin","11":"product_tag-anniversaires","12":"product_tag-veritables-savons-de-marseille","14":"first","15":"instock","16":"featured","17":"taxable","18":"shipping-taxable","19":"purchasable","20":"product-type-simple"},"acf":[],"yoast_head":"<!-- This site is optimized with the Yoast SEO plugin v27.2 - https:\/\/yoast.com\/product\/yoast-seo-wordpress\/ -->\n<title>Savonnerie de la Licorne, Bo\u00eete Jaune la Licorne, 9 Savons de Marseille artisanaux fabriqu\u00e9 \u00e0 Marseille<\/title>\n<meta name=\"description\" content=\"Commandez notre coffret cadeau avec cette Bo\u00eete Jaune la Licorne, 9 Savons de Marseille fabriqu\u00e9s dans notre atelier du Cours Julien \u00e0 Marseille par notre Ma\u00eetre Savonnier Serge Bruna.\" \/>\n<meta name=\"robots\" content=\"index, follow, max-snippet:-1, max-image-preview:large, max-video-preview:-1\" \/>\n<link rel=\"canonical\" href=\"https:\/\/www.savon-de-marseille-licorne.com\/en\/product\/gift-box-yellow-la-licorne-9-authentic-soaps-from-marseille\/\" \/>\n<meta property=\"og:locale\" content=\"en_GB\" \/>\n<meta property=\"og:type\" content=\"article\" \/>\n<meta property=\"og:title\" content=\"Savonnerie de la Licorne, Bo\u00eete Jaune la Licorne, 9 Savons de Marseille artisanaux fabriqu\u00e9 \u00e0 Marseille\" \/>\n<meta property=\"og:description\" content=\"Commandez notre coffret cadeau avec cette Bo\u00eete Jaune la Licorne, 9 Savons de Marseille fabriqu\u00e9s dans notre atelier du Cours Julien \u00e0 Marseille par notre Ma\u00eetre Savonnier Serge Bruna.\" \/>\n<meta property=\"og:url\" content=\"https:\/\/www.savon-de-marseille-licorne.com\/en\/product\/gift-box-yellow-la-licorne-9-authentic-soaps-from-marseille\/\" \/>\n<meta property=\"og:site_name\" content=\"Savonnerie de la Licorne | Savon de Marseille\" \/>\n<meta property=\"article:modified_time\" content=\"2026-03-03T16:34:32+00:00\" \/>\n<meta property=\"og:image\" content=\"https:\/\/www.savon-de-marseille-licorne.com\/wp-content\/uploads\/2016\/05\/740-Boite-cube-jaune.jpg\" \/>\n\t<meta property=\"og:image:width\" content=\"1000\" \/>\n\t<meta property=\"og:image:height\" content=\"1500\" \/>\n\t<meta property=\"og:image:type\" content=\"image\/jpeg\" \/>\n<meta name=\"twitter:card\" content=\"summary_large_image\" \/>\n<meta name=\"twitter:title\" content=\"Savonnerie de la Licorne, Bo\u00eete Jaune la Licorne, 9 Savons de Marseille artisanaux fabriqu\u00e9 \u00e0 Marseille\" \/>\n<meta name=\"twitter:label1\" content=\"Estimated reading time\" \/>\n\t<meta name=\"twitter:data1\" content=\"1 minute\" \/>\n<script type=\"application\/ld+json\" class=\"yoast-schema-graph\">{\"@context\":\"https:\/\/schema.org\",\"@graph\":[{\"@type\":\"WebPage\",\"@id\":\"https:\/\/www.savon-de-marseille-licorne.com\/product\/coffret-cadeau-boite-jaune-la-licorne-9-authentiques-savons-de-marseille\",\"url\":\"https:\/\/www.savon-de-marseille-licorne.com\/product\/coffret-cadeau-boite-jaune-la-licorne-9-authentiques-savons-de-marseille\",\"name\":\"Savonnerie de la Licorne, Bo\u00eete Jaune la Licorne, 9 Savons de Marseille artisanaux fabriqu\u00e9 \u00e0 Marseille\",\"isPartOf\":{\"@id\":\"https:\/\/www.savon-de-marseille-licorne.com\/#website\"},\"primaryImageOfPage\":{\"@id\":\"https:\/\/www.savon-de-marseille-licorne.com\/product\/coffret-cadeau-boite-jaune-la-licorne-9-authentiques-savons-de-marseille#primaryimage\"},\"image\":{\"@id\":\"https:\/\/www.savon-de-marseille-licorne.com\/product\/coffret-cadeau-boite-jaune-la-licorne-9-authentiques-savons-de-marseille#primaryimage\"},\"thumbnailUrl\":\"https:\/\/www.savon-de-marseille-licorne.com\/wp-content\/uploads\/2016\/05\/740-Boite-cube-jaune.jpg\",\"datePublished\":\"2019-03-28T15:51:43+00:00\",\"dateModified\":\"2026-03-03T16:34:32+00:00\",\"description\":\"Commandez notre coffret cadeau avec cette Bo\u00eete Jaune la Licorne, 9 Savons de Marseille fabriqu\u00e9s dans notre atelier du Cours Julien \u00e0 Marseille par notre Ma\u00eetre Savonnier Serge Bruna.\",\"breadcrumb\":{\"@id\":\"https:\/\/www.savon-de-marseille-licorne.com\/product\/coffret-cadeau-boite-jaune-la-licorne-9-authentiques-savons-de-marseille#breadcrumb\"},\"inLanguage\":\"en-GB\",\"potentialAction\":[{\"@type\":\"ReadAction\",\"target\":[\"https:\/\/www.savon-de-marseille-licorne.com\/product\/coffret-cadeau-boite-jaune-la-licorne-9-authentiques-savons-de-marseille\"]}]},{\"@type\":\"ImageObject\",\"inLanguage\":\"en-GB\",\"@id\":\"https:\/\/www.savon-de-marseille-licorne.com\/product\/coffret-cadeau-boite-jaune-la-licorne-9-authentiques-savons-de-marseille#primaryimage\",\"url\":\"https:\/\/www.savon-de-marseille-licorne.com\/wp-content\/uploads\/2016\/05\/740-Boite-cube-jaune.jpg\",\"contentUrl\":\"https:\/\/www.savon-de-marseille-licorne.com\/wp-content\/uploads\/2016\/05\/740-Boite-cube-jaune.jpg\",\"width\":1000,\"height\":1500,\"caption\":\"Boite cube jaune\"},{\"@type\":\"BreadcrumbList\",\"@id\":\"https:\/\/www.savon-de-marseille-licorne.com\/product\/coffret-cadeau-boite-jaune-la-licorne-9-authentiques-savons-de-marseille#breadcrumb\",\"itemListElement\":[{\"@type\":\"ListItem\",\"position\":1,\"name\":\"Accueil\",\"item\":\"https:\/\/www.savon-de-marseille-licorne.com\/\"},{\"@type\":\"ListItem\",\"position\":2,\"name\":\"Boutique\",\"item\":\"https:\/\/www.savon-de-marseille-licorne.com\/boutique-en-ligne-veritable-savon-de-marseille\"},{\"@type\":\"ListItem\",\"position\":3,\"name\":\"Bo\u00eete Jaune la Licorne, 9 Savons de Marseille\"}]},{\"@type\":\"WebSite\",\"@id\":\"https:\/\/www.savon-de-marseille-licorne.com\/#website\",\"url\":\"https:\/\/www.savon-de-marseille-licorne.com\/\",\"name\":\"Savonnerie de la Licorne | Savon de Marseille\",\"description\":\"Authentique Savon de Marseille\",\"potentialAction\":[{\"@type\":\"SearchAction\",\"target\":{\"@type\":\"EntryPoint\",\"urlTemplate\":\"https:\/\/www.savon-de-marseille-licorne.com\/?s={search_term_string}\"},\"query-input\":{\"@type\":\"PropertyValueSpecification\",\"valueRequired\":true,\"valueName\":\"search_term_string\"}}],\"inLanguage\":\"en-GB\"}]}<\/script>\n<!-- \/ Yoast SEO plugin. -->","yoast_head_json":{"title":"Savonnerie de la Licorne, Yellow box la Licorne, 9 handmade Marseille soaps from Marseille","description":"Order our gift box with this Yellow Unicorn Box, 9 Marseille Soaps made in our Cours Julien workshop in Marseille by our Master Soapmaker Serge Bruna.","robots":{"index":"index","follow":"follow","max-snippet":"max-snippet:-1","max-image-preview":"max-image-preview:large","max-video-preview":"max-video-preview:-1"},"canonical":"https:\/\/www.savon-de-marseille-licorne.com\/en\/product\/gift-box-yellow-la-licorne-9-authentic-soaps-from-marseille\/","og_locale":"en_GB","og_type":"article","og_title":"Savonnerie de la Licorne, Bo\u00eete Jaune la Licorne, 9 Savons de Marseille artisanaux fabriqu\u00e9 \u00e0 Marseille","og_description":"Commandez notre coffret cadeau avec cette Bo\u00eete Jaune la Licorne, 9 Savons de Marseille fabriqu\u00e9s dans notre atelier du Cours Julien \u00e0 Marseille par notre Ma\u00eetre Savonnier Serge Bruna.","og_url":"https:\/\/www.savon-de-marseille-licorne.com\/en\/product\/gift-box-yellow-la-licorne-9-authentic-soaps-from-marseille\/","og_site_name":"Savonnerie de la Licorne | Savon de Marseille","article_modified_time":"2026-03-03T16:34:32+00:00","og_image":[{"width":1000,"height":1500,"url":"https:\/\/www.savon-de-marseille-licorne.com\/wp-content\/uploads\/2016\/05\/740-Boite-cube-jaune.jpg","type":"image\/jpeg"}],"twitter_card":"summary_large_image","twitter_title":"Savonnerie de la Licorne, Bo\u00eete Jaune la Licorne, 9 Savons de Marseille artisanaux fabriqu\u00e9 \u00e0 Marseille","twitter_misc":{"Estimated reading time":"1 minute"},"schema":{"@context":"https:\/\/schema.org","@graph":[{"@type":"WebPage","@id":"https:\/\/www.savon-de-marseille-licorne.com\/product\/coffret-cadeau-boite-jaune-la-licorne-9-authentiques-savons-de-marseille","url":"https:\/\/www.savon-de-marseille-licorne.com\/product\/coffret-cadeau-boite-jaune-la-licorne-9-authentiques-savons-de-marseille","name":"Savonnerie de la Licorne, Yellow box la Licorne, 9 handmade Marseille soaps from Marseille","isPartOf":{"@id":"https:\/\/www.savon-de-marseille-licorne.com\/#website"},"primaryImageOfPage":{"@id":"https:\/\/www.savon-de-marseille-licorne.com\/product\/coffret-cadeau-boite-jaune-la-licorne-9-authentiques-savons-de-marseille#primaryimage"},"image":{"@id":"https:\/\/www.savon-de-marseille-licorne.com\/product\/coffret-cadeau-boite-jaune-la-licorne-9-authentiques-savons-de-marseille#primaryimage"},"thumbnailUrl":"https:\/\/www.savon-de-marseille-licorne.com\/wp-content\/uploads\/2016\/05\/740-Boite-cube-jaune.jpg","datePublished":"2019-03-28T15:51:43+00:00","dateModified":"2026-03-03T16:34:32+00:00","description":"Order our gift box with this Yellow Unicorn Box, 9 Marseille Soaps made in our Cours Julien workshop in Marseille by our Master Soapmaker Serge Bruna.","breadcrumb":{"@id":"https:\/\/www.savon-de-marseille-licorne.com\/product\/coffret-cadeau-boite-jaune-la-licorne-9-authentiques-savons-de-marseille#breadcrumb"},"inLanguage":"en-GB","potentialAction":[{"@type":"ReadAction","target":["https:\/\/www.savon-de-marseille-licorne.com\/product\/coffret-cadeau-boite-jaune-la-licorne-9-authentiques-savons-de-marseille"]}]},{"@type":"ImageObject","inLanguage":"en-GB","@id":"https:\/\/www.savon-de-marseille-licorne.com\/product\/coffret-cadeau-boite-jaune-la-licorne-9-authentiques-savons-de-marseille#primaryimage","url":"https:\/\/www.savon-de-marseille-licorne.com\/wp-content\/uploads\/2016\/05\/740-Boite-cube-jaune.jpg","contentUrl":"https:\/\/www.savon-de-marseille-licorne.com\/wp-content\/uploads\/2016\/05\/740-Boite-cube-jaune.jpg","width":1000,"height":1500,"caption":"Boite cube jaune"},{"@type":"BreadcrumbList","@id":"https:\/\/www.savon-de-marseille-licorne.com\/product\/coffret-cadeau-boite-jaune-la-licorne-9-authentiques-savons-de-marseille#breadcrumb","itemListElement":[{"@type":"ListItem","position":1,"name":"Accueil","item":"https:\/\/www.savon-de-marseille-licorne.com\/"},{"@type":"ListItem","position":2,"name":"Boutique","item":"https:\/\/www.savon-de-marseille-licorne.com\/boutique-en-ligne-veritable-savon-de-marseille"},{"@type":"ListItem","position":3,"name":"Bo\u00eete Jaune la Licorne, 9 Savons de Marseille"}]},{"@type":"WebSite","@id":"https:\/\/www.savon-de-marseille-licorne.com\/#website","url":"https:\/\/www.savon-de-marseille-licorne.com\/","name":"Savonnerie de la Licorne | Marseille Soap","description":"Authentic Marseille Soap","potentialAction":[{"@type":"SearchAction","target":{"@type":"EntryPoint","urlTemplate":"https:\/\/www.savon-de-marseille-licorne.com\/?s={search_term_string}"},"query-input":{"@type":"PropertyValueSpecification","valueRequired":true,"valueName":"search_term_string"}}],"inLanguage":"en-GB"}]}},"_links":{"self":[{"href":"https:\/\/www.savon-de-marseille-licorne.com\/en\/wp-json\/wp\/v2\/product\/9501","targetHints":{"allow":["GET"]}}],"collection":[{"href":"https:\/\/www.savon-de-marseille-licorne.com\/en\/wp-json\/wp\/v2\/product"}],"about":[{"href":"https:\/\/www.savon-de-marseille-licorne.com\/en\/wp-json\/wp\/v2\/types\/product"}],"replies":[{"embeddable":true,"href":"https:\/\/www.savon-de-marseille-licorne.com\/en\/wp-json\/wp\/v2\/comments?post=9501"}],"wp:featuredmedia":[{"embeddable":true,"href":"https:\/\/www.savon-de-marseille-licorne.com\/en\/wp-json\/wp\/v2\/media\/1639"}],"wp:attachment":[{"href":"https:\/\/www.savon-de-marseille-licorne.com\/en\/wp-json\/wp\/v2\/media?parent=9501"}],"wp:term":[{"taxonomy":"product_brand","embeddable":true,"href":"https:\/\/www.savon-de-marseille-licorne.com\/en\/wp-json\/wp\/v2\/product_brand?post=9501"},{"taxonomy":"product_cat","embeddable":true,"href":"https:\/\/www.savon-de-marseille-licorne.com\/en\/wp-json\/wp\/v2\/product_cat?post=9501"},{"taxonomy":"product_tag","embeddable":true,"href":"https:\/\/www.savon-de-marseille-licorne.com\/en\/wp-json\/wp\/v2\/product_tag?post=9501"}],"curies":[{"name":"wp","href":"https:\/\/api.w.org\/{rel}","templated":true}]}}