{"id":9508,"date":"2019-06-19T16:51:49","date_gmt":"2019-06-19T15:51:49","guid":{"rendered":"https:\/\/www.savon-de-marseille-licorne.com\/product\/coffret-savon-de-marseille-sardine"},"modified":"2026-03-04T15:31:59","modified_gmt":"2026-03-04T14:31:59","slug":"sardine-marseille-soap-boxed-set","status":"publish","type":"product","link":"https:\/\/www.savon-de-marseille-licorne.com\/en\/product\/coffret-savon-de-marseille-sardine","title":{"rendered":"Sardine Marseille Soap Set 200 g"},"content":{"rendered":"<p><strong>200g Sardine Marseille soap with lavender presented in a beautiful cardboard box evoking the legend of the Sardine who blocked the Old Port. These soaps are made in our Cours Julien workshop in Marseille by our Master Soapmaker Serge Bruna.<\/strong><\/p>\n<div class=\"processFabrication\">Pierre Bruna was the first soap-maker in the family. Today, Serge Bruna, Master Soap-maker, and his wife Laurence, perpetuate a tradition of artisanal production. They offer you a range of high-quality Marseille soaps of great renown, which are delivered and appreciated all over the world. Our soaps are made from vegetable oils. The raw soap is ground with granite rollers to give it finesse and softness. A mixer is used to add the ingredients that go into our soaps, such as honey, essential oils, lavender seeds and other noble products. Finally, the resulting product is poured into a plodder. The soaps are then stamped by hand or moulded.<\/div>","protected":false},"excerpt":{"rendered":"<p><strong>200g Sardine Marseille soap with lavender presented in a beautiful cardboard box evoking the legend of the Sardine who blocked the Old Port. These soaps are made in our Cours Julien workshop in Marseille by our Master Soapmaker Serge Bruna.<\/strong><\/p>","protected":false},"featured_media":1276,"comment_status":"closed","ping_status":"closed","template":"","meta":{"_acf_changed":false},"product_brand":[],"product_cat":[75,71],"product_tag":[182,183,151,181],"class_list":{"0":"post-9508","1":"product","2":"type-product","3":"status-publish","4":"has-post-thumbnail","6":"product_cat-tous-nos-produits-authentiques-savons-de-marseille","7":"product_cat-les-coffrets-cadeaux-savons-de-marseille","8":"product_tag-saint-valentin","9":"product_tag-anniversaires","10":"product_tag-veritables-savons-de-marseille","11":"product_tag-fetes-de-noel","13":"first","14":"instock","15":"taxable","16":"shipping-taxable","17":"purchasable","18":"product-type-simple"},"acf":[],"yoast_head":"<!-- This site is optimized with the Yoast SEO plugin v27.5 - https:\/\/yoast.com\/product\/yoast-seo-wordpress\/ -->\n<title>Savonnerie de la Licorne, Savon de Marseille Sardine de 200g \u00e0 la lavande pr\u00e9sent\u00e9 dans une belle bo\u00eete en carton \u00e9voquant la l\u00e9gende de la Sardine ayant bouch\u00e9 le Vieux-Port<\/title>\n<meta name=\"description\" content=\"Savonnerie de la Licorne, Savon de Marseille Sardine de 200g \u00e0 la lavande pr\u00e9sent\u00e9 dans une belle bo\u00eete en carton \u00e9voquant la l\u00e9gende de la Sardine ayant bouch\u00e9 le Vieux-Port\" \/>\n<meta name=\"robots\" content=\"index, follow, max-snippet:-1, max-image-preview:large, max-video-preview:-1\" \/>\n<link rel=\"canonical\" href=\"https:\/\/www.savon-de-marseille-licorne.com\/en\/product\/sardine-marseille-soap-boxed-set\/\" \/>\n<meta property=\"og:locale\" content=\"en_GB\" \/>\n<meta property=\"og:type\" content=\"article\" \/>\n<meta property=\"og:title\" content=\"Savonnerie de la Licorne, Savon de Marseille Sardine de 200g \u00e0 la lavande pr\u00e9sent\u00e9 dans une belle bo\u00eete en carton \u00e9voquant la l\u00e9gende de la Sardine ayant bouch\u00e9 le Vieux-Port\" \/>\n<meta property=\"og:description\" content=\"Savonnerie de la Licorne, Savon de Marseille Sardine de 200g \u00e0 la lavande pr\u00e9sent\u00e9 dans une belle bo\u00eete en carton \u00e9voquant la l\u00e9gende de la Sardine ayant bouch\u00e9 le Vieux-Port\" \/>\n<meta property=\"og:url\" content=\"https:\/\/www.savon-de-marseille-licorne.com\/en\/product\/sardine-marseille-soap-boxed-set\/\" \/>\n<meta property=\"og:site_name\" content=\"Savonnerie de la Licorne | Savon de Marseille\" \/>\n<meta property=\"article:modified_time\" content=\"2026-03-04T14:31:59+00:00\" \/>\n<meta property=\"og:image\" content=\"https:\/\/www.savon-de-marseille-licorne.com\/wp-content\/uploads\/2016\/05\/677-Boite-sardine.jpg\" \/>\n\t<meta property=\"og:image:width\" content=\"1500\" \/>\n\t<meta property=\"og:image:height\" content=\"1000\" \/>\n\t<meta property=\"og:image:type\" content=\"image\/jpeg\" \/>\n<meta name=\"twitter:card\" content=\"summary_large_image\" \/>\n<meta name=\"twitter:title\" content=\"Savonnerie de la Licorne, Savon de Marseille Sardine de 200g \u00e0 la lavande pr\u00e9sent\u00e9 dans une belle bo\u00eete en carton \u00e9voquant la l\u00e9gende de la Sardine ayant bouch\u00e9 le Vieux-Port\" \/>\n<meta name=\"twitter:label1\" content=\"Estimated reading time\" \/>\n\t<meta name=\"twitter:data1\" content=\"2 minutes\" \/>\n<script type=\"application\/ld+json\" class=\"yoast-schema-graph\">{\"@context\":\"https:\\\/\\\/schema.org\",\"@graph\":[{\"@type\":\"WebPage\",\"@id\":\"https:\\\/\\\/www.savon-de-marseille-licorne.com\\\/product\\\/coffret-savon-de-marseille-sardine\",\"url\":\"https:\\\/\\\/www.savon-de-marseille-licorne.com\\\/product\\\/coffret-savon-de-marseille-sardine\",\"name\":\"Savonnerie de la Licorne, Savon de Marseille Sardine de 200g \u00e0 la lavande pr\u00e9sent\u00e9 dans une belle bo\u00eete en carton \u00e9voquant la l\u00e9gende de la Sardine ayant bouch\u00e9 le Vieux-Port\",\"isPartOf\":{\"@id\":\"https:\\\/\\\/www.savon-de-marseille-licorne.com\\\/#website\"},\"primaryImageOfPage\":{\"@id\":\"https:\\\/\\\/www.savon-de-marseille-licorne.com\\\/product\\\/coffret-savon-de-marseille-sardine#primaryimage\"},\"image\":{\"@id\":\"https:\\\/\\\/www.savon-de-marseille-licorne.com\\\/product\\\/coffret-savon-de-marseille-sardine#primaryimage\"},\"thumbnailUrl\":\"https:\\\/\\\/www.savon-de-marseille-licorne.com\\\/wp-content\\\/uploads\\\/2016\\\/05\\\/677-Boite-sardine.jpg\",\"datePublished\":\"2019-06-19T15:51:49+00:00\",\"dateModified\":\"2026-03-04T14:31:59+00:00\",\"description\":\"Savonnerie de la Licorne, Savon de Marseille Sardine de 200g \u00e0 la lavande pr\u00e9sent\u00e9 dans une belle bo\u00eete en carton \u00e9voquant la l\u00e9gende de la Sardine ayant bouch\u00e9 le Vieux-Port\",\"breadcrumb\":{\"@id\":\"https:\\\/\\\/www.savon-de-marseille-licorne.com\\\/product\\\/coffret-savon-de-marseille-sardine#breadcrumb\"},\"inLanguage\":\"en-GB\",\"potentialAction\":[{\"@type\":\"ReadAction\",\"target\":[\"https:\\\/\\\/www.savon-de-marseille-licorne.com\\\/product\\\/coffret-savon-de-marseille-sardine\"]}]},{\"@type\":\"ImageObject\",\"inLanguage\":\"en-GB\",\"@id\":\"https:\\\/\\\/www.savon-de-marseille-licorne.com\\\/product\\\/coffret-savon-de-marseille-sardine#primaryimage\",\"url\":\"https:\\\/\\\/www.savon-de-marseille-licorne.com\\\/wp-content\\\/uploads\\\/2016\\\/05\\\/677-Boite-sardine.jpg\",\"contentUrl\":\"https:\\\/\\\/www.savon-de-marseille-licorne.com\\\/wp-content\\\/uploads\\\/2016\\\/05\\\/677-Boite-sardine.jpg\",\"width\":1500,\"height\":1000,\"caption\":\"Boite sardine\"},{\"@type\":\"BreadcrumbList\",\"@id\":\"https:\\\/\\\/www.savon-de-marseille-licorne.com\\\/product\\\/coffret-savon-de-marseille-sardine#breadcrumb\",\"itemListElement\":[{\"@type\":\"ListItem\",\"position\":1,\"name\":\"Accueil\",\"item\":\"https:\\\/\\\/www.savon-de-marseille-licorne.com\\\/\"},{\"@type\":\"ListItem\",\"position\":2,\"name\":\"Boutique\",\"item\":\"https:\\\/\\\/www.savon-de-marseille-licorne.com\\\/boutique-en-ligne-veritable-savon-de-marseille\"},{\"@type\":\"ListItem\",\"position\":3,\"name\":\"Coffret Savon de Marseille Sardine 200 g\"}]},{\"@type\":\"WebSite\",\"@id\":\"https:\\\/\\\/www.savon-de-marseille-licorne.com\\\/#website\",\"url\":\"https:\\\/\\\/www.savon-de-marseille-licorne.com\\\/\",\"name\":\"Savonnerie de la Licorne | Savon de Marseille\",\"description\":\"Authentique Savon de Marseille\",\"potentialAction\":[{\"@type\":\"SearchAction\",\"target\":{\"@type\":\"EntryPoint\",\"urlTemplate\":\"https:\\\/\\\/www.savon-de-marseille-licorne.com\\\/?s={search_term_string}\"},\"query-input\":{\"@type\":\"PropertyValueSpecification\",\"valueRequired\":true,\"valueName\":\"search_term_string\"}}],\"inLanguage\":\"en-GB\"}]}<\/script>\n<!-- \/ Yoast SEO plugin. -->","yoast_head_json":{"title":"Savonnerie de la Licorne, 200g Sardine Lavender Marseille Soap in a beautiful cardboard box evoking the legend of the Sardine that blocked the Old Port","description":"Savonnerie de la Licorne, 200g Sardine Lavender Marseille Soap in a beautiful cardboard box evoking the legend of the Sardine that blocked the Old Port","robots":{"index":"index","follow":"follow","max-snippet":"max-snippet:-1","max-image-preview":"max-image-preview:large","max-video-preview":"max-video-preview:-1"},"canonical":"https:\/\/www.savon-de-marseille-licorne.com\/en\/product\/sardine-marseille-soap-boxed-set\/","og_locale":"en_GB","og_type":"article","og_title":"Savonnerie de la Licorne, Savon de Marseille Sardine de 200g \u00e0 la lavande pr\u00e9sent\u00e9 dans une belle bo\u00eete en carton \u00e9voquant la l\u00e9gende de la Sardine ayant bouch\u00e9 le Vieux-Port","og_description":"Savonnerie de la Licorne, Savon de Marseille Sardine de 200g \u00e0 la lavande pr\u00e9sent\u00e9 dans une belle bo\u00eete en carton \u00e9voquant la l\u00e9gende de la Sardine ayant bouch\u00e9 le Vieux-Port","og_url":"https:\/\/www.savon-de-marseille-licorne.com\/en\/product\/sardine-marseille-soap-boxed-set\/","og_site_name":"Savonnerie de la Licorne | Savon de Marseille","article_modified_time":"2026-03-04T14:31:59+00:00","og_image":[{"width":1500,"height":1000,"url":"https:\/\/www.savon-de-marseille-licorne.com\/wp-content\/uploads\/2016\/05\/677-Boite-sardine.jpg","type":"image\/jpeg"}],"twitter_card":"summary_large_image","twitter_title":"Savonnerie de la Licorne, Savon de Marseille Sardine de 200g \u00e0 la lavande pr\u00e9sent\u00e9 dans une belle bo\u00eete en carton \u00e9voquant la l\u00e9gende de la Sardine ayant bouch\u00e9 le Vieux-Port","twitter_misc":{"Estimated reading time":"2 minutes"},"schema":{"@context":"https:\/\/schema.org","@graph":[{"@type":"WebPage","@id":"https:\/\/www.savon-de-marseille-licorne.com\/product\/coffret-savon-de-marseille-sardine","url":"https:\/\/www.savon-de-marseille-licorne.com\/product\/coffret-savon-de-marseille-sardine","name":"Savonnerie de la Licorne, 200g Sardine Lavender Marseille Soap in a beautiful cardboard box evoking the legend of the Sardine that blocked the Old Port","isPartOf":{"@id":"https:\/\/www.savon-de-marseille-licorne.com\/#website"},"primaryImageOfPage":{"@id":"https:\/\/www.savon-de-marseille-licorne.com\/product\/coffret-savon-de-marseille-sardine#primaryimage"},"image":{"@id":"https:\/\/www.savon-de-marseille-licorne.com\/product\/coffret-savon-de-marseille-sardine#primaryimage"},"thumbnailUrl":"https:\/\/www.savon-de-marseille-licorne.com\/wp-content\/uploads\/2016\/05\/677-Boite-sardine.jpg","datePublished":"2019-06-19T15:51:49+00:00","dateModified":"2026-03-04T14:31:59+00:00","description":"Savonnerie de la Licorne, 200g Sardine Lavender Marseille Soap in a beautiful cardboard box evoking the legend of the Sardine that blocked the Old Port","breadcrumb":{"@id":"https:\/\/www.savon-de-marseille-licorne.com\/product\/coffret-savon-de-marseille-sardine#breadcrumb"},"inLanguage":"en-GB","potentialAction":[{"@type":"ReadAction","target":["https:\/\/www.savon-de-marseille-licorne.com\/product\/coffret-savon-de-marseille-sardine"]}]},{"@type":"ImageObject","inLanguage":"en-GB","@id":"https:\/\/www.savon-de-marseille-licorne.com\/product\/coffret-savon-de-marseille-sardine#primaryimage","url":"https:\/\/www.savon-de-marseille-licorne.com\/wp-content\/uploads\/2016\/05\/677-Boite-sardine.jpg","contentUrl":"https:\/\/www.savon-de-marseille-licorne.com\/wp-content\/uploads\/2016\/05\/677-Boite-sardine.jpg","width":1500,"height":1000,"caption":"Boite sardine"},{"@type":"BreadcrumbList","@id":"https:\/\/www.savon-de-marseille-licorne.com\/product\/coffret-savon-de-marseille-sardine#breadcrumb","itemListElement":[{"@type":"ListItem","position":1,"name":"Accueil","item":"https:\/\/www.savon-de-marseille-licorne.com\/"},{"@type":"ListItem","position":2,"name":"Boutique","item":"https:\/\/www.savon-de-marseille-licorne.com\/boutique-en-ligne-veritable-savon-de-marseille"},{"@type":"ListItem","position":3,"name":"Coffret Savon de Marseille Sardine 200 g"}]},{"@type":"WebSite","@id":"https:\/\/www.savon-de-marseille-licorne.com\/#website","url":"https:\/\/www.savon-de-marseille-licorne.com\/","name":"Savonnerie de la Licorne | Marseille Soap","description":"Authentic Marseille Soap","potentialAction":[{"@type":"SearchAction","target":{"@type":"EntryPoint","urlTemplate":"https:\/\/www.savon-de-marseille-licorne.com\/?s={search_term_string}"},"query-input":{"@type":"PropertyValueSpecification","valueRequired":true,"valueName":"search_term_string"}}],"inLanguage":"en-GB"}]}},"_links":{"self":[{"href":"https:\/\/www.savon-de-marseille-licorne.com\/en\/wp-json\/wp\/v2\/product\/9508","targetHints":{"allow":["GET"]}}],"collection":[{"href":"https:\/\/www.savon-de-marseille-licorne.com\/en\/wp-json\/wp\/v2\/product"}],"about":[{"href":"https:\/\/www.savon-de-marseille-licorne.com\/en\/wp-json\/wp\/v2\/types\/product"}],"replies":[{"embeddable":true,"href":"https:\/\/www.savon-de-marseille-licorne.com\/en\/wp-json\/wp\/v2\/comments?post=9508"}],"wp:featuredmedia":[{"embeddable":true,"href":"https:\/\/www.savon-de-marseille-licorne.com\/en\/wp-json\/wp\/v2\/media\/1276"}],"wp:attachment":[{"href":"https:\/\/www.savon-de-marseille-licorne.com\/en\/wp-json\/wp\/v2\/media?parent=9508"}],"wp:term":[{"taxonomy":"product_brand","embeddable":true,"href":"https:\/\/www.savon-de-marseille-licorne.com\/en\/wp-json\/wp\/v2\/product_brand?post=9508"},{"taxonomy":"product_cat","embeddable":true,"href":"https:\/\/www.savon-de-marseille-licorne.com\/en\/wp-json\/wp\/v2\/product_cat?post=9508"},{"taxonomy":"product_tag","embeddable":true,"href":"https:\/\/www.savon-de-marseille-licorne.com\/en\/wp-json\/wp\/v2\/product_tag?post=9508"}],"curies":[{"name":"wp","href":"https:\/\/api.w.org\/{rel}","templated":true}]}}